{"id":113,"date":"2015-02-08T19:11:43","date_gmt":"2015-02-09T03:11:43","guid":{"rendered":"http:\/\/dff-monolith.com\/?page_id=113"},"modified":"2025-10-10T14:44:15","modified_gmt":"2025-10-10T21:44:15","slug":"videos","status":"publish","type":"page","link":"https:\/\/davidrosenmann-taub.com\/es\/videos\/","title":{"rendered":"Videos"},"content":{"rendered":"<h1>Vida y Obras de David Rosenmann-Taub<\/h1>\r\n<h2>David Rosenmann-Taub: Artista en Tres Dimensiones<\/h2>\r\n<div class=\"video-wrapper\"><iframe loading=\"lazy\" width=\"640\" height=\"352\" frameborder=\"0\" src=\"https:\/\/player.vimeo.com\/video\/277369221\"><\/iframe><\/div>\r\n<p><strong><em>David Rosenmann-Taub: Artista en Tres Dimensiones.<\/em><\/strong> Documental acerca de este legendario poeta, m\u00fasico y dibujante, que lleva veinticinco libros publicados, ha grabado cien horas de su m\u00fasica y ha realizado m\u00e1s de mil dibujos. Su creaci\u00f3n expresa la esencia de lo humano. Su obra ha inspirado piezas de teatro, danza, canto y artes visuales.<\/p>\r\n\r\n<h2>Exposici\u00f3n multimedial, David Rosenmann-Taub: Artista en Tres Dimensiones.<\/h2>\r\n<div class=\"video-wrapper\"><iframe loading=\"lazy\" width=\"640\" height=\"360\" frameborder=\"0\" src=\"https:\/\/player.vimeo.com\/video\/273040292\"><\/iframe><\/div>\r\n<p><strong><em>Exposici\u00f3n multimedial, David Rosenmann-Taub: Artista en Tres Dimensiones.<\/em><\/strong> Biblioteca Nacional de Santiago de Chile (mayo a julio, 2018). Este video contiene extractos sobre las tres facetas creativas del legendario poeta, m\u00fasico y dibujante, ilustradas a trav\u00e9s de cuarenta paneles, una docena de pantallas y un dispositivo t\u00e1ctil interactivo. Su obra y su biograf\u00eda se pueden apreciar con materiales in\u00e9ditos, amplia colecci\u00f3n fotogr\u00e1fica, poemas, dibujos, partituras y videos del autor.<\/p>","protected":false},"excerpt":{"rendered":"Vida y Obras de David Rosenmann-Taub David Rosenmann-Taub: Artista en Tres Dimensiones David Rosenmann-Taub: Artista en Tres Dimensiones. Documental acerca de este legendario poeta, m\u00fasico y dibujante, que lleva veinticinco libros publicados, ha grabado cien horas de su m\u00fasica y ha realizado m\u00e1s de mil dibujos. Su creaci\u00f3n expresa la esencia de lo humano. Su [&hellip;]","protected":false},"author":1,"featured_media":0,"parent":0,"menu_order":27,"comment_status":"closed","ping_status":"open","template":"","meta":{"nf_dc_page":"","_monsterinsights_skip_tracking":false,"_monsterinsights_sitenote_active":false,"_monsterinsights_sitenote_note":"","_monsterinsights_sitenote_category":0,"footnotes":""},"class_list":["post-113","page","type-page","status-publish","hentry"],"aioseo_notices":[],"_links":{"self":[{"href":"https:\/\/davidrosenmann-taub.com\/es\/wp-json\/wp\/v2\/pages\/113","targetHints":{"allow":["GET"]}}],"collection":[{"href":"https:\/\/davidrosenmann-taub.com\/es\/wp-json\/wp\/v2\/pages"}],"about":[{"href":"https:\/\/davidrosenmann-taub.com\/es\/wp-json\/wp\/v2\/types\/page"}],"author":[{"embeddable":true,"href":"https:\/\/davidrosenmann-taub.com\/es\/wp-json\/wp\/v2\/users\/1"}],"replies":[{"embeddable":true,"href":"https:\/\/davidrosenmann-taub.com\/es\/wp-json\/wp\/v2\/comments?post=113"}],"version-history":[{"count":11,"href":"https:\/\/davidrosenmann-taub.com\/es\/wp-json\/wp\/v2\/pages\/113\/revisions"}],"predecessor-version":[{"id":6531,"href":"https:\/\/davidrosenmann-taub.com\/es\/wp-json\/wp\/v2\/pages\/113\/revisions\/6531"}],"wp:attachment":[{"href":"https:\/\/davidrosenmann-taub.com\/es\/wp-json\/wp\/v2\/media?parent=113"}],"curies":[{"name":"wp","href":"https:\/\/api.w.org\/{rel}","templated":true}]}}