{"id":123,"date":"2015-02-08T19:32:48","date_gmt":"2015-02-09T03:32:48","guid":{"rendered":"http:\/\/dff-monolith.com\/?page_id=123"},"modified":"2024-09-27T14:51:56","modified_gmt":"2024-09-27T21:51:56","slug":"biography","status":"publish","type":"page","link":"https:\/\/davidrosenmann-taub.com\/es\/biography\/","title":{"rendered":"Biograf\u00eda"},"content":{"rendered":"<h1>Biograf\u00eda<\/h1>\r\n<h3>1927<\/h3>\r\n\r\n\r\n<div id=\"attachment_284\" style=\"width: 160px\" class=\"wp-caption alignright\"><a href=\"\/wp-content\/uploads\/2015\/02\/Dora-Taub-1920-w.jpg\" class=\"nounder highslide\" onclick=\"return hs.expand(this)\" rel=\"highslide\"><img loading=\"lazy\" decoding=\"async\" aria-describedby=\"caption-attachment-284\" src=\"\/wp-content\/uploads\/2015\/02\/Dora-Taub-1920-w-150x150.jpg\" alt=\"Dora Taub, 1920\" width=\"150\" height=\"150\" class=\"size-thumbnail wp-image-284\" \/><\/a><p id=\"caption-attachment-284\" class=\"wp-caption-text\">Dora Taub, 1920<\/p><\/div> <div id=\"attachment_290\" style=\"width: 160px\" class=\"wp-caption alignright\"><a href=\"\/wp-content\/uploads\/2015\/02\/Manuel-Rosenmann-1917.jpg\" class=\"nounder highslide\" onclick=\"return hs.expand(this)\" rel=\"highslide\"><img loading=\"lazy\" decoding=\"async\" aria-describedby=\"caption-attachment-290\" src=\"\/wp-content\/uploads\/2015\/02\/Manuel-Rosenmann-1917-150x150.jpg\" alt=\"Manuel Rosenmann, 1917\" width=\"150\" height=\"150\" class=\"size-thumbnail wp-image-290\" \/><\/a><p id=\"caption-attachment-290\" class=\"wp-caption-text\">Manuel Rosenmann, 1917<\/p><\/div>\r\n\r\n\r\n<p>Nace el 3 de mayo en Santiago de Chile, hijo de Manuel Rosenmann y Dora Taub, emigrantes de Polonia. Ni\u00f1o precoz, aprende a leer al a\u00f1o y medio. Su padre, pol\u00edglota y lector de gran inteligencia cr\u00edtica, lo introducir\u00e1 a la literatura. Su madre, pianista consumada, empieza a ense\u00f1arle a tocar el piano cuando cumple dos a\u00f1os. Escribe sus primeras poes\u00edas a los tres, y, a los siete, se sabe ya un poeta. Sus padres apoyan su vocaci\u00f3n. A los nueve, recibe a su primer alumno de piano.<\/p>\r\n<h3>1933-1943<\/h3>\r\n<p>Asiste al Colegio Europeo y al Liceo de Aplicaci\u00f3n. Escribe poes\u00eda diariamente. En los primeros a\u00f1os de su adolescencia concibe <em>El Adolescente<\/em> y el primer volumen de <em>Cortejo y Epinicio<\/em>. Compone parte de ellos durante los recreos en la escuela.<\/p>\r\n<h3>1935-1946<\/h3>\r\n\r\n\r\n<div id=\"attachment_296\" style=\"width: 160px\" class=\"wp-caption alignright\"><a href=\"\/wp-content\/uploads\/2015\/02\/DRT-Santiago-1943-w-med.jpg\" class=\"nounder highslide\" onclick=\"return hs.expand(this)\" rel=\"highslide\"><img loading=\"lazy\" decoding=\"async\" aria-describedby=\"caption-attachment-296\" src=\"\/wp-content\/uploads\/2015\/02\/DRT-Santiago-1943-w-med-150x150.jpg\" alt=\"David Rosenmann-Taub, Santiago 1943\" width=\"150\" height=\"150\" class=\"size-thumbnail wp-image-296\" \/><\/a><p id=\"caption-attachment-296\" class=\"wp-caption-text\">David Rosenmann-Taub, Santiago 1943<\/p><\/div>\r\n\r\n\r\n<p>Contin\u00faa su educaci\u00f3n musical. Estudia piano con Roberto Duncker, quien lo incita a seguir la carrera de concertista de piano. Estudia metodolog\u00eda musical con Carlos Isamitt, ritmo con Andr\u00e9e Haas (alumno de Dalcroze), y composici\u00f3n, contrapunto y fuga con el compositor Pedro Humberto Allende, quien le aconseja dedicarse tiempo completo a la composici\u00f3n.<\/p>\r\n<h3>1945<\/h3>\r\n<p>Admirado por el talento de Rosenmann-Taub, el escritor Luis Merino Reyes lo presenta al Sindicato de Escritores de Chile. El poeta Antonio de Undurraga, secretario del Sindicato, pide a Rosenmann-Taub que le muestre algo de sus escritos. Le presta a Undurraga el manuscrito de una primera versi\u00f3n de su largo poema, <em>El Adolescente<\/em>, compuesta en 1941, a los catorce a\u00f1os. Un d\u00eda Undurraga sorprende al poeta con un ejemplar de la nueva revista literaria, <em>Caballo de Fuego<\/em>, donde ha publicado <em>El Adolescente<\/em>. \"Esto es lo que pienso de su poema\", le dice a Rosenmann-Taub.<\/p>\r\n<h3>1944-1948<\/h3>\r\n<p>Estudia espa\u00f1ol en el Instituto Pedag\u00f3gico de la Universidad de Chile, de donde obtendr\u00e1 el t\u00edtulo de Profesor de Espa\u00f1ol. Tambi\u00e9n asiste a cursos de bot\u00e1nica, astronom\u00eda, anatom\u00eda, ingl\u00e9s, franc\u00e9s, portugu\u00e9s, est\u00e9tica y arte. Estos estudios formar\u00e1n parte de una erudici\u00f3n adquirida a lo largo de una vida de constante lectura en varias lenguas y disciplinas. Contribuye econ\u00f3micamente a la familia, dando lecciones privadas de piano, gram\u00e1tica y literatura.<\/p>\r\n<h3>1948<\/h3>\r\n<p>Presenta el manuscrito del primer volumen de <em>Cortejo y Epinicio<\/em>, para el codiciado premio de poes\u00eda del Sindicato de Escritores, y lo gana.<\/p>\r\n<h3><strong>1949<\/strong><\/h3>\r\n<p>Arturo Soria, refugiado espa\u00f1ol y fundador de la m\u00e1s prestigiosa editorial literaria chilena, Cruz del Sur, publica el primer volumen de <em>Cortejo y Epinicio<\/em>. El libro recibe gran acogida en la prensa, incluyendo un art\u00edculo del principal cr\u00edtico chileno de ese tiempo, Alone, en el peri\u00f3dico de mayor circulaci\u00f3n del pa\u00eds, <em>El Mercurio<\/em>.<br \/>\r\n<br \/>\r\nRosenmann-Taub graba algunos poemas para <em>El Archivo de la Palabra<\/em>, una serie de grabaciones de autores, dirigida por Soria. La presentaci\u00f3n por radio de la lectura provoca tal inter\u00e9s que se venden todos los discos en un solo d\u00eda.<\/p>\r\n<h3><strong>1951<\/strong><\/h3>\r\n\r\n\r\n<div id=\"attachment_302\" style=\"width: 160px\" class=\"wp-caption alignright\"><a href=\"\/wp-content\/uploads\/2015\/02\/DRT-Santiago-1950-w.jpg\" class=\"nounder highslide\" onclick=\"return hs.expand(this)\" rel=\"highslide\"><img loading=\"lazy\" decoding=\"async\" aria-describedby=\"caption-attachment-302\" src=\"\/wp-content\/uploads\/2015\/02\/DRT-Santiago-1950-w-150x150.jpg\" alt=\"David Rosenmann-Taub, Santiago 1950\" width=\"150\" height=\"150\" class=\"size-thumbnail wp-image-302\" \/><\/a><p id=\"caption-attachment-302\" class=\"wp-caption-text\">Santiago 1950<\/p><\/div>\r\n\r\n\r\n<p>Cruz del Sur publica <em>Los Surcos Inundados<\/em>, que obtiene el Premio Municipal de Poes\u00eda.<br \/>\r\n<br \/>\r\nRecibe el Premio de Poes\u00eda de la Universidad de Concepci\u00f3n por su libro (in\u00e9dito) <em>El Regazo Luminoso<\/em>. <br \/>\r\n<br \/>\r\nConoce a Georg Friedrich Nicolai, cient\u00edfico, pacifista y amigo de Einstein. Ante la sugerencia de Nicolai, estudia f\u00edsica.<\/p>\r\n<h3><strong>1952<\/strong><\/h3>\r\n\r\n\r\n<div id=\"attachment_312\" style=\"width: 160px\" class=\"wp-caption alignright\"><a href=\"\/wp-content\/uploads\/2015\/02\/1952-PEN-CLUB-Santiago-1952-w.jpg\" class=\"nounder highslide\" onclick=\"return hs.expand(this)\" rel=\"highslide\"><img loading=\"lazy\" decoding=\"async\" aria-describedby=\"caption-attachment-312\" src=\"\/wp-content\/uploads\/2015\/02\/1952-PEN-CLUB-Santiago-1952-w-150x150.jpg\" alt=\"PEN Club, Santiago 1952\" width=\"150\" height=\"150\" class=\"size-thumbnail wp-image-312\" \/><\/a><p id=\"caption-attachment-312\" class=\"wp-caption-text\">PEN Club, Santiago 1952<\/p><\/div> <div id=\"attachment_308\" style=\"width: 160px\" class=\"wp-caption alignright\"><a href=\"\/wp-content\/uploads\/2015\/02\/DRT-1952-Premio-Municipal.jpg\" class=\"nounder highslide\" onclick=\"return hs.expand(this)\" rel=\"highslide\"><img loading=\"lazy\" decoding=\"async\" aria-describedby=\"caption-attachment-308\" src=\"\/wp-content\/uploads\/2015\/02\/DRT-1952-Premio-Municipal-150x150.jpg\" alt=\"David Rosenmann-Taub, Premio Municipal 1952\" width=\"150\" height=\"150\" class=\"size-thumbnail wp-image-308\" \/><\/a><p id=\"caption-attachment-308\" class=\"wp-caption-text\">Premio Municipal, 1952<\/p><\/div>\r\n\r\n\r\n<p>Cruz del Sur publica <em>La Enredadera del J\u00fabilo<\/em>.<\/p>\r\n<h3><strong>1952-1975<\/strong><\/h3>\r\n\r\n\r\n<div id=\"attachment_324\" style=\"width: 160px\" class=\"wp-caption alignright\"><a href=\"\/wp-content\/uploads\/2015\/02\/DRT-Santiago-1954-piano.jpg\" class=\"nounder highslide\" onclick=\"return hs.expand(this)\" rel=\"highslide\"><img loading=\"lazy\" decoding=\"async\" aria-describedby=\"caption-attachment-324\" src=\"\/wp-content\/uploads\/2015\/02\/DRT-Santiago-1954-piano-150x150.jpg\" alt=\"David Rosenmann-Taub, Santiago 1954 (Piano)\" width=\"150\" height=\"150\" class=\"size-thumbnail wp-image-324\" \/><\/a><p id=\"caption-attachment-324\" class=\"wp-caption-text\">Santiago, 1954<\/p><\/div>\r\n\r\n\r\n<p>Durante este per\u00edodo, aunque escribe sin cesar, s\u00f3lo publica un peque\u00f1o volumen, en 1962: <em>Cuaderno de Poes\u00eda<\/em> (Taller Edici\u00f3n 99). Arturo Soria cierra la editorial Cruz del Sur y regresa a Espa\u00f1a. El padre de Rosenmann-Taub entra en dificultades econ\u00f3micas. El poeta da clases privadas de la ma\u00f1ana a la noche para mantener a su familia. Escribe poes\u00eda hasta la madrugada.<\/p>\r\n<h3><strong>1955<\/strong><\/h3>\r\n\r\n\r\n<div id=\"attachment_318\" style=\"width: 160px\" class=\"wp-caption alignright\"><a href=\"\/wp-content\/uploads\/2015\/02\/DRT-Santiago-1955-w.jpg\" class=\"nounder highslide\" onclick=\"return hs.expand(this)\" rel=\"highslide\"><img loading=\"lazy\" decoding=\"async\" aria-describedby=\"caption-attachment-318\" src=\"\/wp-content\/uploads\/2015\/02\/DRT-Santiago-1955-w-150x150.jpg\" alt=\"David Rosenmann-Taub, Santiago 1955\" width=\"150\" height=\"150\" class=\"size-thumbnail wp-image-318\" \/><\/a><p id=\"caption-attachment-318\" class=\"wp-caption-text\">Santiago, 1955<\/p><\/div>\r\n\r\n\r\n<p>Conoce en Buenos Aires al novelista polaco Witold Gombrowicz, quien se entusiasma con <em>Cortejo y Epinicio.<\/em><\/p>\r\n<h3>1962<\/h3>\r\n\r\n\r\n<div id=\"attachment_331\" style=\"width: 160px\" class=\"wp-caption alignright\"><a href=\"\/wp-content\/uploads\/2015\/02\/DRT-seated-at-table-1961-w.jpg\" class=\"nounder highslide\" onclick=\"return hs.expand(this)\" rel=\"highslide\"><img loading=\"lazy\" decoding=\"async\" aria-describedby=\"caption-attachment-331\" src=\"\/wp-content\/uploads\/2015\/02\/DRT-seated-at-table-1961-w-150x150.jpg\" alt=\"David Rosenmann-Taub, 1961\" width=\"150\" height=\"150\" class=\"size-thumbnail wp-image-331\" \/><\/a><p id=\"caption-attachment-331\" class=\"wp-caption-text\">Santiago, 1961<\/p><\/div> <div id=\"attachment_337\" style=\"width: 160px\" class=\"wp-caption alignright\"><a href=\"\/wp-content\/uploads\/2015\/02\/DRT-Santiago-1961-dtl3-lg.jpg\" class=\"nounder highslide\" onclick=\"return hs.expand(this)\" rel=\"highslide\"><img loading=\"lazy\" decoding=\"async\" aria-describedby=\"caption-attachment-337\" src=\"\/wp-content\/uploads\/2015\/02\/DRT-Santiago-1961-dtl3-lg-150x150.jpg\" alt=\"David Rosenmann-Taub, Santiago 1961\" width=\"150\" height=\"150\" class=\"size-thumbnail wp-image-337\" \/><\/a><p id=\"caption-attachment-337\" class=\"wp-caption-text\">Santiago, 1961<\/p><\/div>\r\n\r\n\r\n<p>Publicaci\u00f3n del Cuaderno de Poes\u00eda (Notebook of Poetry) (Taller Edition 99).<\/p>\r\n<h3><strong>1973<\/strong><\/h3>\r\n<p>Muchas de las posesiones de Rosenmann-Taub, incluida gran parte de su producci\u00f3n po\u00e9tica (m\u00e1s de cinco mil p\u00e1ginas manuscritas), son robadas.<br \/>\r\n<br \/>\r\nUn golpe militar derriba el gobierno de Salvador Allende.<\/p>\r\n<h3><strong>1975<\/strong><\/h3>\r\n\r\n\r\n<div id=\"attachment_343\" style=\"width: 160px\" class=\"wp-caption alignright\"><a href=\"\/wp-content\/uploads\/2015\/02\/DRT-Berkeley-1975-w.jpg\" class=\"nounder highslide\" onclick=\"return hs.expand(this)\" rel=\"highslide\"><img loading=\"lazy\" decoding=\"async\" aria-describedby=\"caption-attachment-343\" src=\"\/wp-content\/uploads\/2015\/02\/DRT-Berkeley-1975-w-150x150.jpg\" alt=\"David Rosemann-Taub, Berkeley 1975\" width=\"150\" height=\"150\" class=\"size-thumbnail wp-image-343\" \/><\/a><p id=\"caption-attachment-343\" class=\"wp-caption-text\">Estados Unidos, 1975<\/p><\/div>\r\n\r\n\r\n<p>Conoce en Buenos Aires a la escritora Victoria Ocampo, que expresa su admiraci\u00f3n por <em>El Cielo en la Fuente<\/em>, a\u00fan in\u00e9dito.<\/p>\r\n<h3><strong>1976-1978<\/strong><\/h3>\r\n\r\n\r\n<div id=\"attachment_349\" style=\"width: 160px\" class=\"wp-caption alignright\"><a href=\"\/wp-content\/uploads\/2015\/02\/DRT-Santiago-1977-sm.jpg\" class=\"nounder highslide\" onclick=\"return hs.expand(this)\" rel=\"highslide\"><img loading=\"lazy\" decoding=\"async\" aria-describedby=\"caption-attachment-349\" src=\"\/wp-content\/uploads\/2015\/02\/DRT-Santiago-1977-sm-150x150.jpg\" alt=\"David Rosenmann-Taub, Santiago 1977\" width=\"150\" height=\"150\" class=\"size-thumbnail wp-image-349\" \/><\/a><p id=\"caption-attachment-349\" class=\"wp-caption-text\">Santiago, 1977<\/p><\/div>\r\n\r\n\r\n<p>Viaja por Europa y Am\u00e9rica del Sur, becado por la Oriental Studies Foundation (Fundaci\u00f3n de Estudios Orientales). Escribe <em>Ajorca de Europa<\/em> (in\u00e9dito).<br \/>\r\n<br \/>\r\nBajo el auspicio de la Fundaci\u00f3n de Estudios Orientales, da conferencias en Nueva York sobre su poes\u00eda y sobre San Juan de la Cruz, Sor Juana In\u00e9s de la Cruz, Monet, Vermeer, Beethoven, Ravel y Alb\u00e9niz, entre otros.<\/p>\r\n<h3><strong>1976<\/strong><\/h3>\r\n<p align=\"left\">Publicaci\u00f3n de <em>Los Despojos del Sol: Ananda Primera<\/em> por Esteoeste, en Buenos Aires.<\/p>\r\n<h3><strong>1977<\/strong><\/h3>\r\n<p align=\"left\">Publicaci\u00f3n de <em>El Cielo en la Fuente<\/em> por Esteoeste.<\/p>\r\n<h3><strong>1978<\/strong><\/h3>\r\n<p align=\"left\">Publicaci\u00f3n de <em>Los Despojos del Sol: Ananda Segunda<\/em> y la segunda edici\u00f3n del primer volumen de <em>Cortejo y Epinicio<\/em>, ambos por Esteoeste.<br \/>\r\n<br \/>\r\nConoce a Nah\u00fam Kamenetzky quien, ya septuagenario, trabaja como repartidor en la imprenta de los libros de Rosenmann-Taub. Descubre que Kamenetzky ha escrito numerosos cuadernos de aforismos, cuya veracidad llama la atenci\u00f3n del poeta, y decide, en colaboraci\u00f3n con Kamenetzky, transformar algunos aforismos en el libro <em>Al Rey su Trono<\/em>.<\/p>\r\n<h3>1980<\/h3>\r\n\r\n\r\n<div id=\"attachment_359\" style=\"width: 160px\" class=\"wp-caption alignright\"><a href=\"\/wp-content\/uploads\/2015\/02\/DRT-Santiago-1980-w.jpg\" class=\"nounder highslide\" onclick=\"return hs.expand(this)\" rel=\"highslide\"><img loading=\"lazy\" decoding=\"async\" aria-describedby=\"caption-attachment-359\" src=\"\/wp-content\/uploads\/2015\/02\/DRT-Santiago-1980-w-150x150.jpg\" alt=\"David Rosenmann-Taub, Santiago 1981\" width=\"150\" height=\"150\" class=\"size-thumbnail wp-image-359\" \/><\/a><p id=\"caption-attachment-359\" class=\"wp-caption-text\">Santiago, 1980<\/p><\/div> <div id=\"attachment_355\" style=\"width: 160px\" class=\"wp-caption alignright\"><a href=\"\/wp-content\/uploads\/2015\/02\/DRT-Interview-Mercurio-1981.jpg\" class=\"nounder highslide\" onclick=\"return hs.expand(this)\" rel=\"highslide\"><img loading=\"lazy\" decoding=\"async\" aria-describedby=\"caption-attachment-355\" src=\"\/wp-content\/uploads\/2015\/02\/DRT-Interview-Mercurio-1981-150x150.jpg\" alt=\"David Rosenmann-Taub, El Mercurio Interview 1981\" width=\"150\" height=\"150\" class=\"size-thumbnail wp-image-355\" \/><\/a><p id=\"caption-attachment-355\" class=\"wp-caption-text\">El Mercurio, Santiago, 1981<\/p><\/div>\r\n\r\n\r\n<p>Recibe una beca de la Fundaci\u00f3n de Estudios Orientales.<\/p>\r\n<h3><strong>1983<\/strong><\/h3>\r\n<p align=\"left\">Publicaci\u00f3n de <em>Al Rey su Trono<\/em> por Esteoeste en Santiago, con ilustraciones del poeta.<\/p>\r\n<h3><strong>1985-2022<\/strong><\/h3>\r\n\r\n\r\n<div id=\"attachment_372\" style=\"width: 160px\" class=\"wp-caption alignright\"><a href=\"\/wp-content\/uploads\/2015\/02\/DRT-US-2002.jpg\" class=\"nounder highslide\" onclick=\"return hs.expand(this)\" rel=\"highslide\"><img loading=\"lazy\" decoding=\"async\" aria-describedby=\"caption-attachment-372\" src=\"\/wp-content\/uploads\/2015\/02\/DRT-US-2002-150x150.jpg\" alt=\"David Rosenmann-Taub, 2002\" width=\"150\" height=\"150\" class=\"size-thumbnail wp-image-372\" \/><\/a><p id=\"caption-attachment-372\" class=\"wp-caption-text\">Estados Unidos, 2002<\/p><\/div> <div id=\"attachment_366\" style=\"width: 160px\" class=\"wp-caption alignright\"><a href=\"\/wp-content\/uploads\/2015\/02\/DRT-CA-US-1987-w.jpg\" class=\"nounder highslide\" onclick=\"return hs.expand(this)\" rel=\"highslide\"><img loading=\"lazy\" decoding=\"async\" aria-describedby=\"caption-attachment-366\" src=\"\/wp-content\/uploads\/2015\/02\/DRT-CA-US-1987-w-150x150.jpg\" alt=\"David Rosemann-Taub, California 1987\" width=\"150\" height=\"150\" class=\"size-thumbnail wp-image-366\" \/><\/a><p id=\"caption-attachment-366\" class=\"wp-caption-text\">Estados Unidos, 1987<\/p><\/div>\r\n\r\n\r\n<p>Se dedica a sus actividades art\u00edsticas y da clases privadas de literatura, m\u00fasica y arte. Graba varias de sus composiciones pian\u00edsticas. Entre ellas: <em>Abecechedario<\/em>, <em>Morir para Nacer<\/em>, y <em>Fuegos Naturales<\/em>. Compila los dibujos que ha hecho durante su vida, como la serie de La Bofetada y la de Alarde. Contin\u00faa dibujando. Escribe prol\u00edficamente. Revisa los vol\u00famenes segundo, tercero y cuarto de <em>Cortejo y Epinicio<\/em>, <em>La Ma\u00f1ana Eterna<\/em>, y los doce vol\u00famenes de <em>Los Despojos del Sol.<\/em> Prepara una edici\u00f3n de <em>El Cielo en la Fuente<\/em> con comentarios por \u00e9l mismo, as\u00ed como un libro de comentarios sobre una colecci\u00f3n de poemas suyos, que est\u00e1 siendo traducido al ingl\u00e9s y al franc\u00e9s. En total, su obra po\u00e9tica constar\u00e1 de m\u00e1s de cuarenta vol\u00famenes.<\/p>\r\n<p>En 2000, se establece Corda, una fundaci\u00f3n sin fines de lucro, con el prop\u00f3sito de preservar, diseminar y estudiar la obra de Rosenmann-Taub.<\/p>\r\n\r\n\r\n<div id=\"attachment_378\" style=\"width: 160px\" class=\"wp-caption alignright\"><a href=\"\/wp-content\/uploads\/2015\/02\/DRT-2007.jpg\" class=\"nounder highslide\" onclick=\"return hs.expand(this)\" rel=\"highslide\"><img loading=\"lazy\" decoding=\"async\" aria-describedby=\"caption-attachment-378\" src=\"\/wp-content\/uploads\/2015\/02\/DRT-2007-150x150.jpg\" alt=\"David Rosenmann-Taub, 2007\" width=\"150\" height=\"150\" class=\"size-thumbnail wp-image-378\" \/><\/a><p id=\"caption-attachment-378\" class=\"wp-caption-text\">Estados Unidos, 2007<\/p><\/div>\r\n\r\n\r\n<p>En 2002 LOM Ediciones publica una nueva edici\u00f3n de <em>Cortejo y Epinicio<\/em> (Volumen I); en 2003, <em>El Mensajero<\/em> (Volumen II de <em>Cortejo y Epinicio<\/em>); en 2004 <em>El Cielo en la Fuente\/La Ma\u00f1ana Eterna<\/em> (en un volumen), y <em>Pa\u00eds M\u00e1s All\u00e1<\/em>; en 2005, <em>Poesiectom\u00eda<\/em>; en 2006, <em>Los Despojos del Sol, Anandas I y II<\/em>; el mismo a\u00f1o: <em>En un lugar de la Sangre<\/em> (un libro con un CD y un DVD) publicado por la Mandora Press; 2007, <em>Auge<\/em>; en 2008, <em>Quince<\/em> (un libro de comentarios por el autor sobre quince de sus poemas, con un CD en que lee los poemas); en 2011, <em>La Opci\u00f3n,<\/em> Volumen III de <em>Cortejo y Epinicio<\/em>); en 2013, <em>La Noche Antes<\/em>, cuarto volumen de la tetralog\u00eda <em>Cortejo y Epinicio<\/em>; en 2013 tambi\u00e9n, publicaci\u00f3n de la cuarta edici\u00f3n del primer volumen de la tetralog\u00eda en una edici\u00f3n revisada, con el t\u00edtulo <em>El Z\u00f3calo<\/em>; los vol\u00famenes de la tetralog\u00eda est\u00e1n ahora disponibles como libros independientes as\u00ed como en una caja que re\u00fane los cuatro tomos; en 2014, <em>Los Surcos Inundados<\/em>; en 2015, <em>O\u00f3,o<\/em>, publicado por la Editorial Pre-Textos; en 2016, <em>Tr\u00e9bol de Nueve<\/em>, publicado por LOM Ediciones; en 2017, <em>Alm-er\u00eda<\/em>, publicado por la Editorial Pre-Textos; en 2018,\u00a0<em>Jornadas<\/em>\u00a0(LOM Ediciones); en 2020, <em>GLOSA<\/em>, publicado por la Mandora Press; en 2021, <em>T\u00edlimtil\u00edn<\/em>, publicado por la LOM Ediciones.<\/p>\r\n\r\n<h3 style=\"clear:right;\">2023<\/h3>\r\n<p>Con profundo dolor anunciamos el fallecimiento de David Rosenmann-Taub el 11 de julio de 2023, a la edad de 96 a\u00f1os.\u00a0Obituarios:<\/p>\r\n<div style=\"width: 160px\" class=\"wp-caption alignright\"><a href=\"\/images\/DRT-2013-1000.jpg\" class=\"nounder highslide\" onclick=\"return hs.expand(this)\" rel=\"highslide\"><img loading=\"lazy\" decoding=\"async\" src=\"\/images\/DRT-2013-150.jpg\" alt=\"United States, 2013\" title=\"United States, 2013\" width=\"150\" height=\"150\" class=\"size-thumbnail wp-image-378\" \/><\/a><p class=\"wp-caption-text\">Estados Unidos, 2013<\/p><\/div>\r\n<ul  class=\"poetry-bio-list\">\r\n<li><a href=\"\/es\/obit-el-mercurio\/\">Obituario de El Mercurio<\/a><\/li>\r\n<li><a href=\"https:\/\/www.memoriachilena.cl\/602\/w3-article-3348.html\">Biblioteca Nacional de Chile<\/a><\/li>\r\n<li><a href=\"https:\/\/web.archive.org\/web\/20231031141639\/https:\/\/www.legacy.com\/us\/obituaries\/nytimes\/name\/david-rosenmann-taub-obituary?id=53119820\">La p\u00e1gina Legacy.com del New York Times.<\/a><\/li>\r\n<li><a href=\"https:\/\/blog.cervantesvirtual.com\/david-rosenmann-taub-1927-2023\/\">Biblioteca Virtual Miguel de Cervantes.<\/a><\/li>\r\n<\/ul>\r\n\r\n<h3 style=\"clear:right;\">Traducciones de su obra y antolog\u00edas<\/h3>\r\n<ul class=\"poetry-bio-list\">\r\n\t<li><strong>Italia:<\/strong> <em>E poi, il vento,<\/em> Andrea Lippolis Editore, antolog\u00eda biling\u00fce de Sabrina Costanzo (2010); <em>Il Plinto<\/em>,\u00a0publicado por Le Lettere, edici\u00f3n biling\u00fce de El Z\u00f3calo, traducci\u00f3n\u00a0de Stefano Tedeschi\u00a0(2017)<\/li>\r\n\t<li><strong>Espa\u00f1a:<\/strong> <em>Me incit\u00f3 el espejo<\/em>, DVD Ediciones, antolog\u00eda de \u00c1lvaro Salvador y Erika Martinez (2010); <em>El Duelo de la Luz<\/em>, Pre-textos Ediciones, antolog\u00eda de \u00c1lvaro Salvador y Erika Martinez (2014)<\/li>\r\n\t<li><strong>India:<\/strong> <em>Quince<\/em>, Kaurab editions, Kolkata, traducido en Bengali por Subhro Bandopadhyay (2010)<\/li>\r\n\t<li><strong>M\u00e9xico:<\/strong> <em>El horizonte cruza la casa,<\/em> Colecci\u00f3n \u201cLa Abeja de Pers\u00e9fone\u201d, antolog\u00eda de V\u00edctor Toledo (2011)<\/li>\r\n\t<li><strong>Francia:<\/strong> <em>Cort\u00e8ge et \u00c9pinicie,<\/em> \u00c9ditions Bruno Doucey, edici\u00f3n biling\u00fce de <em>Cortejo y Epinicio I<\/em>, traducci\u00f3n de Luc Br\u00e9bion (2011)<\/li>\r\n\t<li><strong>Argentina:<\/strong> <em>Multiverso<\/em>, Editorial Mansalva, antolog\u00eda de Jorge Monteleone (2012)<\/li>\r\n\t<li><strong>Portugal:<\/strong> <em>Antes que a luz trema<\/em>, Ediciones Universidade Fernando Pessoa, antolog\u00eda biling\u00fce de Albano Martins (2013)<\/li>\r\n<\/ul>","protected":false},"excerpt":{"rendered":"Biograf\u00eda 1927 Nace el 3 de mayo en Santiago de Chile, hijo de Manuel Rosenmann y Dora Taub, emigrantes de Polonia. Ni\u00f1o precoz, aprende a leer al a\u00f1o y medio. Su padre, pol\u00edglota y lector de gran inteligencia cr\u00edtica, lo introducir\u00e1 a la literatura. Su madre, pianista consumada, empieza a ense\u00f1arle a tocar el piano [&hellip;]","protected":false},"author":1,"featured_media":0,"parent":0,"menu_order":34,"comment_status":"closed","ping_status":"open","template":"","meta":{"nf_dc_page":"","_monsterinsights_skip_tracking":false,"_monsterinsights_sitenote_active":false,"_monsterinsights_sitenote_note":"","_monsterinsights_sitenote_category":0,"footnotes":""},"class_list":["post-123","page","type-page","status-publish","hentry"],"aioseo_notices":[],"_links":{"self":[{"href":"https:\/\/davidrosenmann-taub.com\/es\/wp-json\/wp\/v2\/pages\/123","targetHints":{"allow":["GET"]}}],"collection":[{"href":"https:\/\/davidrosenmann-taub.com\/es\/wp-json\/wp\/v2\/pages"}],"about":[{"href":"https:\/\/davidrosenmann-taub.com\/es\/wp-json\/wp\/v2\/types\/page"}],"author":[{"embeddable":true,"href":"https:\/\/davidrosenmann-taub.com\/es\/wp-json\/wp\/v2\/users\/1"}],"replies":[{"embeddable":true,"href":"https:\/\/davidrosenmann-taub.com\/es\/wp-json\/wp\/v2\/comments?post=123"}],"version-history":[{"count":11,"href":"https:\/\/davidrosenmann-taub.com\/es\/wp-json\/wp\/v2\/pages\/123\/revisions"}],"predecessor-version":[{"id":5860,"href":"https:\/\/davidrosenmann-taub.com\/es\/wp-json\/wp\/v2\/pages\/123\/revisions\/5860"}],"wp:attachment":[{"href":"https:\/\/davidrosenmann-taub.com\/es\/wp-json\/wp\/v2\/media?parent=123"}],"curies":[{"name":"wp","href":"https:\/\/api.w.org\/{rel}","templated":true}]}}