{"id":1360,"date":"2015-06-19T10:56:56","date_gmt":"2015-06-19T18:56:56","guid":{"rendered":"http:\/\/dff-monolith.com\/?page_id=1360"},"modified":"2023-11-08T15:22:44","modified_gmt":"2023-11-08T23:22:44","slug":"el-mensajero-lxiii","status":"publish","type":"page","link":"https:\/\/davidrosenmann-taub.com\/es\/examples\/el-mensajero-lxiii\/","title":{"rendered":"El Mensajero: LXIII &middot; <em>C\u00f3mo me gustar\u00eda ser esa oscura ci\u00e9naga<\/em>"},"content":{"rendered":"<h1>El Mensajero<\/h1>\r\n<h2>LXIII<br \/><em>C\u00f3mo me gustar\u00eda ser esa oscura ci\u00e9naga<\/em><\/h2>\r\n<p class=\"play-link\">Escuchar al autor.\r\n<audio controls title=\"El Mensajero: LXIII\">\r\n\u00a0\u00a0\u00a0\u00a0<source src=\"\/audio\/cienaga.mp3\" type=\"audio\/mpeg\">\r\n\u00a0\u00a0\u00a0\u00a0Your browser does not support the AUDIO element\u2026.\r\n<\/audio><\/p>\r\n<p>&nbsp;<\/p>\r\n<p class=\"half-centered\"><span class=\"padtext\">&nbsp;<\/span>C\u00f3mo me gustar\u00eda ser esa oscura ci\u00e9naga,<br \/>\r\nlibre de lo de ayer, qu\u00e9 alivio, oscura ci\u00e9naga,<br \/>\r\ndejar correr el tiempo. \u00a1La m\u00e1s oscura ci\u00e9naga!<\/p>\r\n\r\n<p class=\"half-centered\"><span class=\"padtext\">&nbsp;<\/span>C\u00f3mo me gustar\u00eda jam\u00e1s haber nacido,<br \/>\r\nlibre de lo de ayer, jam\u00e1s haber nacido,<br \/>\r\ndejar correr el tiempo, jam\u00e1s haber nacido.<\/p>\r\n\r\n<p class=\"half-centered\"><span class=\"padtext\">&nbsp;<\/span>C\u00f3mo me gustar\u00eda lograr morirme ahora,<br \/>\r\nlibre de lo de ayer, lograr morirme ahora,<br \/>\r\ndejar correr el tiempo, lograr morirme ahora.<\/p>\r\n\r\n<p class=\"half-centered\"><span class=\"padtext\">&nbsp;<\/span>C\u00f3mo me gustar\u00eda rodar por el vac\u00edo,<br \/>\r\nlibre de lo de ayer, rodar por el vac\u00edo,<br \/>\r\ndejar correr el tiempo, rodar por el vac\u00edo.<\/p>\r\n\r\n<p class=\"half-centered\"><span class=\"padtext\">&nbsp;<\/span>C\u00f3mo me gustar\u00eda ser el cero del polvo,<br \/>\r\nlibre de lo de ayer, ser el cero del polvo,<br \/>\r\ndejar correr el tiempo, ser el cero del polvo.<\/p>\r\n\r\n<p class=\"half-centered\"><span class=\"padtext\">&nbsp;<\/span>Para no cavilarme, para no volver nunca,<br \/>\r\nDios m\u00edo, yo creyera en Ti para no ser.<br \/>\r\nCav\u00edlame en tu nada, no me hagas volver nunca.<br \/>\r\n\u00a1Dios m\u00edo, yo creyera para nunca creer!<\/p>\r\n\r\n<p class=\"half-equal-centered\">C\u00f3mo me gustar\u00eda ser esa oscura ci\u00e9naga<br \/>\r\nsola bajo la lluvia,<br \/>\r\n\u00a1c\u00f3mo me gustar\u00eda ser esa oscura ci\u00e9naga<span class=\"padtextmed\">&nbsp;<\/span><br \/>\r\nsola bajo la lluvia!<\/p>\r\n\r\n<p class=\"half-centered\">Dicen que fue la muerte la causa de la vida,<br \/>\r\ny la vida &ndash; \u00bfla vida? &ndash; la causa de la muerte.<br \/>\r\nPero, ahora, mi muerte la causa de mi vida.<\/p>\r\n\r\n<p class=\"half-centered\">Yo qu\u00e9: furg\u00f3n deshijo &ndash; destello &ndash; de la muerte.<br \/>\r\n\u00bfMe repudias, ovario, por \u00edmprobo deshijo?<br \/>\r\nMe has arrastrado al \u00e9xodo tan candorosamente<\/p>\r\n\r\n<p class=\"half-centered\">que tu candor me duele &ndash; ultrajante alarido &ndash;,<br \/>\r\nque tus lianas me duelen &ndash; dignas u\u00f1as lumbreras &ndash;:<br \/>\r\nc\u00f3mo me gustar\u00eda jam\u00e1s haber nacido,<\/p>\r\n\r\n<p class=\"half-centered\">c\u00f3mo me gustar\u00eda ser esa oscura ci\u00e9naga,<br \/>\r\nlibre de lo de ayer, qu\u00e9 alivio, oscura ci\u00e9naga,<br \/>\r\ndejar correr el tiempo. \u00a1La m\u00e1s oscura ci\u00e9naga!<\/p>\r\n\r\n<p class=\"half-centered\">C\u00f3mo me gustar\u00eda rodar por el vac\u00edo:<br \/>\r\nla m\u00e1s oscura ci\u00e9naga sola bajo la lluvia.<br \/>\r\nC\u00f3mo me gustar\u00eda olvidarte, Dios m\u00edo.<br \/>\r\nCav\u00edlame en tu nada. \u00a1No me hagas volver nunca!<\/p>\r\n\r\n<p>&nbsp;<\/p>","protected":false},"excerpt":{"rendered":"El Mensajero LXIIIC\u00f3mo me gustar\u00eda ser esa oscura ci\u00e9naga Escuchar al autor. \u00a0\u00a0\u00a0\u00a0 \u00a0\u00a0\u00a0\u00a0Your browser does not support the AUDIO element\u2026. &nbsp; &nbsp;C\u00f3mo me gustar\u00eda ser esa oscura ci\u00e9naga, libre de lo de ayer, qu\u00e9 alivio, oscura ci\u00e9naga, dejar correr el tiempo. \u00a1La m\u00e1s oscura ci\u00e9naga! &nbsp;C\u00f3mo me gustar\u00eda jam\u00e1s haber nacido, libre de lo [&hellip;]","protected":false},"author":1,"featured_media":0,"parent":542,"menu_order":53,"comment_status":"closed","ping_status":"open","template":"","meta":{"nf_dc_page":"","_monsterinsights_skip_tracking":false,"_monsterinsights_sitenote_active":false,"_monsterinsights_sitenote_note":"","_monsterinsights_sitenote_category":0,"footnotes":""},"class_list":["post-1360","page","type-page","status-publish","hentry"],"aioseo_notices":[],"_links":{"self":[{"href":"https:\/\/davidrosenmann-taub.com\/es\/wp-json\/wp\/v2\/pages\/1360","targetHints":{"allow":["GET"]}}],"collection":[{"href":"https:\/\/davidrosenmann-taub.com\/es\/wp-json\/wp\/v2\/pages"}],"about":[{"href":"https:\/\/davidrosenmann-taub.com\/es\/wp-json\/wp\/v2\/types\/page"}],"author":[{"embeddable":true,"href":"https:\/\/davidrosenmann-taub.com\/es\/wp-json\/wp\/v2\/users\/1"}],"replies":[{"embeddable":true,"href":"https:\/\/davidrosenmann-taub.com\/es\/wp-json\/wp\/v2\/comments?post=1360"}],"version-history":[{"count":11,"href":"https:\/\/davidrosenmann-taub.com\/es\/wp-json\/wp\/v2\/pages\/1360\/revisions"}],"predecessor-version":[{"id":5778,"href":"https:\/\/davidrosenmann-taub.com\/es\/wp-json\/wp\/v2\/pages\/1360\/revisions\/5778"}],"up":[{"embeddable":true,"href":"https:\/\/davidrosenmann-taub.com\/es\/wp-json\/wp\/v2\/pages\/542"}],"wp:attachment":[{"href":"https:\/\/davidrosenmann-taub.com\/es\/wp-json\/wp\/v2\/media?parent=1360"}],"curies":[{"name":"wp","href":"https:\/\/api.w.org\/{rel}","templated":true}]}}