{"id":1370,"date":"2015-06-19T11:00:20","date_gmt":"2015-06-19T19:00:20","guid":{"rendered":"http:\/\/dff-monolith.com\/?page_id=1370"},"modified":"2015-07-23T10:30:47","modified_gmt":"2015-07-23T18:30:47","slug":"al-rey-su-trono-xv-xviii","status":"publish","type":"page","link":"https:\/\/davidrosenmann-taub.com\/es\/examples\/al-rey-su-trono-xv-xviii\/","title":{"rendered":"Al Rey Su Trono : XV, XVIII"},"content":{"rendered":"<h1>Al Rey Su Trono<\/h1>\r\n<h2>XV<\/h2>\r\n<p style=\"text-align:center;\">El d\u00eda de la resurrecci\u00f3n<br \/>\r\nhabr\u00e1 rebeldes.<\/p>\r\n<p>&nbsp;<\/p>\r\n<h2>XVIII<\/h2>\r\n<p  class=\"half-centered\" style=\"text-align:right;\"><em>La novela de Dios.<span style=\"padding-right:90px;\">&nbsp;<\/span><\/em><\/p>\r\n<p style=\"text-align:center;\">Una hoja<br \/><em>manchada<\/em>\u00a0con sombra roja.<\/p>\r\n<p>&nbsp;<\/p>","protected":false},"excerpt":{"rendered":"Al Rey Su Trono XV El d\u00eda de la resurrecci\u00f3n habr\u00e1 rebeldes. &nbsp; XVIII La novela de Dios.&nbsp; Una hojamanchada\u00a0con sombra roja. &nbsp;","protected":false},"author":1,"featured_media":0,"parent":542,"menu_order":63,"comment_status":"closed","ping_status":"open","template":"","meta":{"nf_dc_page":"","_monsterinsights_skip_tracking":false,"_monsterinsights_sitenote_active":false,"_monsterinsights_sitenote_note":"","_monsterinsights_sitenote_category":0,"footnotes":""},"class_list":["post-1370","page","type-page","status-publish","hentry"],"aioseo_notices":[],"_links":{"self":[{"href":"https:\/\/davidrosenmann-taub.com\/es\/wp-json\/wp\/v2\/pages\/1370","targetHints":{"allow":["GET"]}}],"collection":[{"href":"https:\/\/davidrosenmann-taub.com\/es\/wp-json\/wp\/v2\/pages"}],"about":[{"href":"https:\/\/davidrosenmann-taub.com\/es\/wp-json\/wp\/v2\/types\/page"}],"author":[{"embeddable":true,"href":"https:\/\/davidrosenmann-taub.com\/es\/wp-json\/wp\/v2\/users\/1"}],"replies":[{"embeddable":true,"href":"https:\/\/davidrosenmann-taub.com\/es\/wp-json\/wp\/v2\/comments?post=1370"}],"version-history":[{"count":9,"href":"https:\/\/davidrosenmann-taub.com\/es\/wp-json\/wp\/v2\/pages\/1370\/revisions"}],"predecessor-version":[{"id":2448,"href":"https:\/\/davidrosenmann-taub.com\/es\/wp-json\/wp\/v2\/pages\/1370\/revisions\/2448"}],"up":[{"embeddable":true,"href":"https:\/\/davidrosenmann-taub.com\/es\/wp-json\/wp\/v2\/pages\/542"}],"wp:attachment":[{"href":"https:\/\/davidrosenmann-taub.com\/es\/wp-json\/wp\/v2\/media?parent=1370"}],"curies":[{"name":"wp","href":"https:\/\/api.w.org\/{rel}","templated":true}]}}