{"id":1380,"date":"2015-06-19T11:05:23","date_gmt":"2015-06-19T19:05:23","guid":{"rendered":"http:\/\/dff-monolith.com\/?page_id=1380"},"modified":"2015-07-23T10:34:45","modified_gmt":"2015-07-23T18:34:45","slug":"los-surcos-abismo","status":"publish","type":"page","link":"https:\/\/davidrosenmann-taub.com\/es\/examples\/los-surcos-abismo\/","title":{"rendered":"Los Surcos Inundados: ABISMO"},"content":{"rendered":"<h1>Los Surcos Inundados<\/h1>\r\n<h2>ABISMO<\/h2>\r\n<p class=\"half-centered\"><span class=\"padtext\">&nbsp;<\/span>La sombra de la muerte en el umbral se p\u00e1ra.<br \/>\r\nOh dand\u00fan, oh dand\u00fan, no le mires la cara.<\/p>\r\n<p class=\"half-centered\"><span class=\"padtext\">&nbsp;<\/span>Cerca, una madrugada te aguardaba con hambre<br \/>\r\nde tus miembros apenas palpados por el mundo,<br \/>\r\ny te daba el arrullo dulc\u00edsimo del sue\u00f1o<br \/>\r\ndesde dentro de un sue\u00f1o borroso, inacabable.<\/p>\r\n<p class=\"half-centered\"><span class=\"padtext\">&nbsp;<\/span>Tienes los ojos fijos, detenidos: \u00abQu\u00e9 fijos<br \/>\r\ntiene dand\u00fan los ojos.\u00bb Y despiertas, dand\u00fan,<br \/>\r\n\u00a1es cierto!, \u00a1s\u00ed!, \u00a1despiertas!, y tu vagido adoro.<br \/>\r\nTu angustia calmar\u00e1n los azulados r\u00edos.<\/p>\r\n<p class=\"half-centered\"><span class=\"padtext\">&nbsp;<\/span>La sombra de la muerte desde el umbral avanza.<br \/>\r\nOh dand\u00fan, oh dand\u00fan, t\u00e1pate con las s\u00e1banas.<\/p>\r\n<p class=\"half-centered\"><span class=\"padtext\">&nbsp;<\/span>En las manos el cuesco del burburbur: ventana<br \/>\r\nde par en par, almendra que crepita, cuncuna,<br \/>\r\nladrillos, pasos, ruedas: la silla gujgujguj,<br \/>\r\nla cucharita, el queque, el bomber\u00fan, el tata,<\/p>\r\n<p class=\"half-centered\"><span class=\"padtext\">&nbsp;<\/span>el tata, el tata: \u00abt\u00fa pone le\u00f3, o pono<br \/>\r\nosito\u00bb, burburbur, el cascabel voltea<br \/>\r\nsu encintada cadena: brusco tin: un hoyuelo<br \/>\r\ncon jarabe: dand\u00fan con mameluco y gozo.<\/p>\r\n<p class=\"half-centered\"><span class=\"padtext\">&nbsp;<\/span>La sombra de la muerte est\u00e1 junto a tu cama.<br \/>\r\nS\u00e9 bueno, mi dand\u00fan, mira mejor el alba.<\/p>\r\n<p class=\"half-centered\"><span class=\"padtext\">&nbsp;<\/span>Un corto pasadizo atraviesan tus d\u00edas:<br \/>\r\nno hay hoscos centinelas para ti descubriendo<br \/>\r\nlos rincones de magia, los muebles, la escalera:<br \/>\r\nen la baldosa bailan tus soldados en fila.<\/p>\r\n<p class=\"half-centered\"><span class=\"padtext\">&nbsp;<\/span>Se esconde en cada negro domin\u00f3 con que juegas<br \/>\r\nun vaho amoratado, un tajo, una premura,<br \/>\r\ny t\u00fa juegas debajo de la mesa a ser gato.<br \/>\r\nCerca, una madrugada lenta juega a ser piedra.<\/p>\r\n<p class=\"half-centered\"><span class=\"padtext\">&nbsp;<\/span>La sombra de la muerte hacia ti se ha inclinado<br \/>\r\n(se ha puesto azul la almohada):... semejan dos hermanos.<\/p>\r\n<p class=\"half-centered\"><span class=\"padtext\">&nbsp;<\/span>Has mirado a la muerte y ahora cierras los ojos,<br \/>\r\nmas detr\u00e1s de tus p\u00e1rpados aun la sigues mirando,<br \/>\r\ny tus ojos cerrados, terriblemente abiertos,<br \/>\r\nmiran, miran sin fin, clavados en lo ignoto<\/p>\r\n<p class=\"half-centered\"><span class=\"padtext\">&nbsp;<\/span>de esa cara sin cara que se r\u00ede sin risa,<br \/>\r\nde esa cara, dand\u00fan, que se parece a ti,<br \/>\r\nque es como algo gemelo que de pronto posees:<br \/>\r\ndime, dand\u00fan, \u00bfla muerte acaso es hija m\u00eda?<\/p>\r\n<p class=\"half-centered\"><span class=\"padtext\">&nbsp;<\/span>Se ha acostado en tu cama la sombra de la muerte.<br \/>\r\nHijo m\u00edo, dand\u00fan, ya no me perteneces.<\/p>\r\n<p class=\"half-centered\"><span class=\"padtext\">&nbsp;<\/span>No, no, eso si que no, dand\u00fan, lo enorme no,<br \/>\r\nlo enorme se te pega en los labios,<br \/>\r\nvas a entregar tus ojos a una niebla espantosa,<br \/>\r\nya te envuelve, dand\u00fan, rech\u00e1zala, eso no,<br \/>\r\nqui\u00e9reme, algo, dand\u00fan, para ser m\u00edo,<br \/>\r\nqui\u00e9reme algo, dand\u00fan,<br \/>\r\ntodav\u00eda un ratito, no te vayas, dand\u00fan;<br \/>\r\nay Dios, y qui\u00e9n dir\u00eda que en tu cuerpo peque\u00f1o<br \/>\r\nalbergas una noche inmensa, tenebrosa,<br \/>\r\nsin estrellas, vac\u00eda, completa de infinito;<br \/>\r\nqui\u00e9n dir\u00eda que con tus dulces ojos de color extraviado<br \/>\r\nabarcas un umbroso bosque voraz, dand\u00fan;<\/p>\r\n<p class=\"half-centered\"><span class=\"padtext\">&nbsp;<\/span>alma m\u00eda, hijo m\u00edo, dand\u00fan, oh vida, vive,<br \/>\r\nvibra, vibra, voltea, vive, vive, \u00a1desata!,<br \/>\r\n\u00a1des\u00e1tate!, \u00a1des\u00e1tame!,<br \/>\r\nque la luna otra vez brille all\u00e1 en tus pupilas,<br \/>\r\nque las guindas del sol te hagan re\u00edr,<br \/>\r\nque los p\u00e1jaros crucen por tus ojos radiantes,<br \/>\r\nque la ola se agite otra vez en tus ojos,<br \/>\r\nque el d\u00eda se abra en ti como suave capullo,<br \/>\r\nque contemples mi amor como el viento a la duna.<\/p>\r\n<p class=\"half-centered\"><span class=\"padtext\">&nbsp;<\/span>Hijo m\u00edo, mi sangre empozada en tus venas<br \/>\r\ngrita por recorrerte, por sentirte gozoso<br \/>\r\nde lucha, de vertiente, de verdor, de sabor;<br \/>\r\nhijo m\u00edo, mi sangre encharcada en tus venas<br \/>\r\nme recorre las fibras del amor de tu carne:<br \/>\r\nsangre m\u00eda, revu\u00e9lcate, reb\u00e9late, rec\u00f3rrelo<br \/>\r\notra vez, otra vez;<br \/>\r\nno descanses, dand\u00fan, abandona ese sue\u00f1o,<br \/>\r\nven a mis brazos, hijo, lleno de luz, de vida,<br \/>\r\ncon la plena fragancia del racimo maduro;<br \/>\r\nsangre m\u00eda, cali\u00e9ntalo, dale otra vez calor,<br \/>\r\ndale otra vez vocales t\u00edmidas a su boca.<\/p>\r\n<p class=\"half-centered\"><span class=\"padtext\">&nbsp;<\/span>No me dejes, dand\u00fan,<br \/>\r\ndile a tu sangre que fluya, que fluya, que fluya,<br \/>\r\ndile a tus ojos que se abran, hijo,<br \/>\r\n\u00a1hijo!,<br \/>\r\ndile a tus dedos que me cojan.<\/p>\r\n<p class=\"half-centered\"><span class=\"padtext\">&nbsp;<\/span>Oh dand\u00fan, \u00a1si eres m\u00edo!, conmigo siempre, abr\u00e1zame;<br \/>\r\n\u00bfqu\u00e9 va a ser de tus juegos y de mi sangre, hijo?<br \/>\r\nAbre los ojos, dand\u00fan, por Dios, dand\u00fan, abre los ojos.<br \/>\r\nAh maldita sombra, Dios maldito, maldito,<br \/>\r\ndile a dand\u00fan que abra los ojos:<br \/>\r\n\u00a1para qu\u00e9 va a dormir tanto tiempo!<\/p>\r\n<p class=\"half-centered\"><span class=\"padtext\">&nbsp;<\/span>S\u00ed, dand\u00fan, eres m\u00edo, s\u00f3lo m\u00edo,<br \/>\r\nno te vayas, hijo, dime que todo esto es un juego de la noche,<br \/>\r\nque vas a abrir los ojos.<br \/>\r\nMadrugada, dame la muerte.<\/p>\r\n<p style=\"text-align:center;\">*<br \/>*&nbsp;&nbsp;*<\/p>\r\n<p class=\"half-centered\"><span class=\"padtext\">&nbsp;<\/span>Hijo m\u00edo de sombra, largamente reposa.<br \/>\r\nLa soledad te cubre con sus velados tules.<br \/>\r\nEl cielo se ha poblado de amoratadas nubes.<br \/>\r\nTropieza la ma\u00f1ana con la noche en la alcoba.<\/p>\r\n<p class=\"half-centered\"><span class=\"padtext\">&nbsp;<\/span>La turbia madrugada te ha aguardado con hambre<br \/>\r\nde tus miembros apenas palpados por el mundo,<br \/>\r\ny te ha dado el arrullo dulc\u00edsimo del sue\u00f1o<br \/>\r\ndesde dentro de un sue\u00f1o borroso, inacabable.<\/p>\r\n<p class=\"half-centered\"><span class=\"padtext\">&nbsp;<\/span>Desde el umbral el sol, tendido como un perro,<br \/>\r\nmira la quieta colcha, desciende hasta tu pecho<br \/>\r\nquieto, avanza a tu rostro p\u00e1lidamente quieto<br \/>\r\ny en tus ojos cerrados pone un ciego reflejo,<br \/>\r\nen tus ojos cerrados, terriblemente abiertos.<\/p>\r\n<p>&nbsp;<\/p>","protected":false},"excerpt":{"rendered":"Los Surcos Inundados ABISMO &nbsp;La sombra de la muerte en el umbral se p\u00e1ra. Oh dand\u00fan, oh dand\u00fan, no le mires la cara. &nbsp;Cerca, una madrugada te aguardaba con hambre de tus miembros apenas palpados por el mundo, y te daba el arrullo dulc\u00edsimo del sue\u00f1o desde dentro de un sue\u00f1o borroso, inacabable. &nbsp;Tienes los [&hellip;]","protected":false},"author":1,"featured_media":0,"parent":542,"menu_order":74,"comment_status":"closed","ping_status":"open","template":"","meta":{"nf_dc_page":"","_monsterinsights_skip_tracking":false,"_monsterinsights_sitenote_active":false,"_monsterinsights_sitenote_note":"","_monsterinsights_sitenote_category":0,"footnotes":""},"class_list":["post-1380","page","type-page","status-publish","hentry"],"aioseo_notices":[],"_links":{"self":[{"href":"https:\/\/davidrosenmann-taub.com\/es\/wp-json\/wp\/v2\/pages\/1380","targetHints":{"allow":["GET"]}}],"collection":[{"href":"https:\/\/davidrosenmann-taub.com\/es\/wp-json\/wp\/v2\/pages"}],"about":[{"href":"https:\/\/davidrosenmann-taub.com\/es\/wp-json\/wp\/v2\/types\/page"}],"author":[{"embeddable":true,"href":"https:\/\/davidrosenmann-taub.com\/es\/wp-json\/wp\/v2\/users\/1"}],"replies":[{"embeddable":true,"href":"https:\/\/davidrosenmann-taub.com\/es\/wp-json\/wp\/v2\/comments?post=1380"}],"version-history":[{"count":8,"href":"https:\/\/davidrosenmann-taub.com\/es\/wp-json\/wp\/v2\/pages\/1380\/revisions"}],"predecessor-version":[{"id":2460,"href":"https:\/\/davidrosenmann-taub.com\/es\/wp-json\/wp\/v2\/pages\/1380\/revisions\/2460"}],"up":[{"embeddable":true,"href":"https:\/\/davidrosenmann-taub.com\/es\/wp-json\/wp\/v2\/pages\/542"}],"wp:attachment":[{"href":"https:\/\/davidrosenmann-taub.com\/es\/wp-json\/wp\/v2\/media?parent=1380"}],"curies":[{"name":"wp","href":"https:\/\/api.w.org\/{rel}","templated":true}]}}