{"id":1613,"date":"2015-07-02T13:19:42","date_gmt":"2015-07-02T21:19:42","guid":{"rendered":"http:\/\/dff-monolith.com\/?page_id=1613"},"modified":"2023-11-09T11:57:48","modified_gmt":"2023-11-09T19:57:48","slug":"announce","status":"publish","type":"page","link":"https:\/\/davidrosenmann-taub.com\/es\/announce\/","title":{"rendered":"Eventos y Noticias"},"content":{"rendered":"<p>Esta p\u00e1gina utilizar\u00e1 una plantilla, por lo que este ser\u00e1 ignorado.<\/p>\r\n","protected":false},"excerpt":{"rendered":"Esta p\u00e1gina utilizar\u00e1 una plantilla, por lo que este ser\u00e1 ignorado.","protected":false},"author":1,"featured_media":0,"parent":0,"menu_order":2,"comment_status":"closed","ping_status":"open","template":"corda-announcements.php","meta":{"nf_dc_page":"","_monsterinsights_skip_tracking":false,"_monsterinsights_sitenote_active":false,"_monsterinsights_sitenote_note":"","_monsterinsights_sitenote_category":0,"footnotes":""},"class_list":["post-1613","page","type-page","status-publish","hentry"],"aioseo_notices":[],"_links":{"self":[{"href":"https:\/\/davidrosenmann-taub.com\/es\/wp-json\/wp\/v2\/pages\/1613","targetHints":{"allow":["GET"]}}],"collection":[{"href":"https:\/\/davidrosenmann-taub.com\/es\/wp-json\/wp\/v2\/pages"}],"about":[{"href":"https:\/\/davidrosenmann-taub.com\/es\/wp-json\/wp\/v2\/types\/page"}],"author":[{"embeddable":true,"href":"https:\/\/davidrosenmann-taub.com\/es\/wp-json\/wp\/v2\/users\/1"}],"replies":[{"embeddable":true,"href":"https:\/\/davidrosenmann-taub.com\/es\/wp-json\/wp\/v2\/comments?post=1613"}],"version-history":[{"count":4,"href":"https:\/\/davidrosenmann-taub.com\/es\/wp-json\/wp\/v2\/pages\/1613\/revisions"}],"predecessor-version":[{"id":5803,"href":"https:\/\/davidrosenmann-taub.com\/es\/wp-json\/wp\/v2\/pages\/1613\/revisions\/5803"}],"wp:attachment":[{"href":"https:\/\/davidrosenmann-taub.com\/es\/wp-json\/wp\/v2\/media?parent=1613"}],"curies":[{"name":"wp","href":"https:\/\/api.w.org\/{rel}","templated":true}]}}