{"id":3373,"date":"2016-03-09T15:37:59","date_gmt":"2016-03-09T23:37:59","guid":{"rendered":"https:\/\/davidrosenmann-taub.com\/es\/?page_id=3373"},"modified":"2023-11-08T15:46:40","modified_gmt":"2023-11-08T23:46:40","slug":"ortocranea","status":"publish","type":"page","link":"https:\/\/davidrosenmann-taub.com\/es\/ortocranea\/","title":{"rendered":"Ortocr\u00e1nea"},"content":{"rendered":"<h2>Ortocr\u00e1nea<br \/>\r\n<span style=\"font-size:80%;\">de <em>Tr\u00e9bol de Nueve<\/em><\/h2>\r\n\r\n<p style=\"text-align:center;\"><a href=\"\/images\/books-2015\/Trebol-de-Nueve-900.jpg\" class=\"nounder highslide\" onclick=\"return hs.expand(this)\" rel=\"highslide\"><img decoding=\"async\" src=\"\/images\/books-2015\/Trebol-de-Nueve-200.jpg\" alt=\"Tr\u00e9bol de Nueve\" title=\"Tr\u00e9bol de Nueve\" class=\"size-thumbnail\" \/><\/a><\/p>\r\n<p>&nbsp;<\/p>\r\n\r\n<h2>Escuchar el poeta<\/h2>\r\n<p class=\"q40-centered\">Los doce cap\u00edtulos del poema tienen una coda con bong\u00f3.<\/p>\r\n<table class=\"sample-reads\">\r\n<thead>\r\n<td class=\"sample-track\">#<\/td>\r\n<td class=\"sample-time\">Larga<\/td>\r\n<td class=\"sample-title\">T\u00edtulo<\/td>\r\n<td class=\"sample-play\">Escucha<\/td>\r\n<\/thead>\r\n\r\n<tr>\r\n<td class=\"sample-track\">1<\/td>\r\n<td class=\"sample-time\">1:04<\/td>\r\n<td class=\"sample-title\">I: <em>Ramaje de alboroto<\/em><\/td>\r\n<td class=\"sample-play\"><audio controls title=\"Ortocr\u00e1nea I\"><source src=\"\/audio\/ortocranea\/I.mp3\" type=\"audio\/mpeg\">No AUDIO support!<\/audio><\/td>\r\n<\/tr>\r\n\r\n<tr>\r\n<td class=\"sample-track\">2<\/td>\r\n<td class=\"sample-time\">0:53<\/td>\r\n<td class=\"sample-title\">II: <em>Pase\u00e1ndonos<\/em><\/td>\r\n<td class=\"sample-play\"><audio controls title=\"Ortocr\u00e1nea II\"><source src=\"\/audio\/ortocranea\/II.mp3\" type=\"audio\/mpeg\">No AUDIO support!<\/audio><\/td>\r\n<\/tr>\r\n\r\n<tr>\r\n<td class=\"sample-track\">3<\/td>\r\n<td class=\"sample-time\">0:51<\/td>\r\n<td class=\"sample-title\">III: <em>Una noche, pap\u00e1 nos anunci\u00f3<\/em><\/td>\r\n<td class=\"sample-play\"><audio controls title=\"Ortocr\u00e1nea III\"><source src=\"\/audio\/ortocranea\/III.mp3\" type=\"audio\/mpeg\">No AUDIO support!<\/audio><\/td>\r\n<\/tr>\r\n\r\n<tr>\r\n<td class=\"sample-track\">4<\/td>\r\n<td class=\"sample-time\">1:34<\/td>\r\n<td class=\"sample-title\">IV: <em>Durante el desayuno<\/em><\/td>\r\n<td class=\"sample-play\"><audio controls title=\"Ortocr\u00e1nea IV\"><source src=\"\/audio\/ortocranea\/IV.mp3\" type=\"audio\/mpeg\">No AUDIO support!<\/audio><\/td>\r\n<\/tr>\r\n\r\n<tr>\r\n<td class=\"sample-track\">5<\/td>\r\n<td class=\"sample-time\">1:31<\/td>\r\n<td class=\"sample-title\">V: <em>Desde el umbral de la puerta roja<\/em><\/td>\r\n<td class=\"sample-play\"><audio controls title=\"Ortocr\u00e1nea V\"><source src=\"\/audio\/ortocranea\/V.mp3\" type=\"audio\/mpeg\">No AUDIO support!<\/audio><\/td>\r\n<\/tr>\r\n\r\n<tr>\r\n<td class=\"sample-track\">6<\/td>\r\n<td class=\"sample-time\">2:32<\/td>\r\n<td class=\"sample-title\">VI: <em>Ocultando tinieblas<\/em><\/td>\r\n<td class=\"sample-play\"><audio controls title=\"Ortocr\u00e1nea VI\"><source src=\"\/audio\/ortocranea\/VI.mp3\" type=\"audio\/mpeg\">No AUDIO support!<\/audio><\/td>\r\n<\/tr>\r\n\r\n<tr>\r\n<td class=\"sample-track\">7<\/td>\r\n<td class=\"sample-time\">0:51<\/td>\r\n<td class=\"sample-title\">VII: <em>Meses &ndash; cu\u00e1ntos &ndash; despu\u00e9s<\/em><\/td>\r\n<td class=\"sample-play\"><audio controls title=\"Ortocr\u00e1nea VII\"><source src=\"\/audio\/ortocranea\/VII.mp3\" type=\"audio\/mpeg\">No AUDIO support!<\/audio><\/td>\r\n<\/tr>\r\n\r\n<tr>\r\n<td class=\"sample-track\">8<\/td>\r\n<td class=\"sample-time\">0:29<\/td>\r\n<td class=\"sample-title\">VIII: <em>Muro<\/em><\/td>\r\n<td class=\"sample-play\"><audio controls title=\"Ortocr\u00e1nea VIII\"><source src=\"\/audio\/ortocranea\/VIII.mp3\" type=\"audio\/mpeg\">No AUDIO support!<\/audio><\/td>\r\n<\/tr>\r\n\r\n<tr>\r\n<td class=\"sample-track\">9<\/td>\r\n<td class=\"sample-time\">0:30<\/td>\r\n<td class=\"sample-title\">IX: <em>Escuchamos, escondidos<\/em><\/td>\r\n<td class=\"sample-play\"><audio controls title=\"Ortocr\u00e1nea IX\"><source src=\"\/audio\/ortocranea\/IX.mp3\" type=\"audio\/mpeg\">No AUDIO support!<\/audio><\/td>\r\n<\/tr>\r\n\r\n<tr>\r\n<td class=\"sample-track\">10<\/td>\r\n<td class=\"sample-time\">1:27<\/td>\r\n<td class=\"sample-title\">X: <em>\u00a1Edificios!<\/em><\/td>\r\n<td class=\"sample-play\"><audio controls title=\"Ortocr\u00e1nea X\"><source src=\"\/audio\/ortocranea\/X.mp3\" type=\"audio\/mpeg\">No AUDIO support!<\/audio><\/td>\r\n<\/tr>\r\n\r\n<tr>\r\n<td class=\"sample-track\">11<\/td>\r\n<td class=\"sample-time\">0:46<\/td>\r\n<td class=\"sample-title\">XI: <em>Despertamos sin despertar<\/em><\/td>\r\n<td class=\"sample-play\"><audio controls title=\"Ortocr\u00e1nea XI\"><source src=\"\/audio\/ortocranea\/XI.mp3\" type=\"audio\/mpeg\">No AUDIO support!<\/audio><\/td>\r\n<\/tr>\r\n\r\n<tr>\r\n<td class=\"sample-track\">12<\/td>\r\n<td class=\"sample-time\">0:51<\/td>\r\n<td class=\"sample-title\">XII: <em>\u00bfEl placer<\/em><\/td>\r\n<td class=\"sample-play\"><audio controls title=\"Ortocr\u00e1nea XII\"><source src=\"\/audio\/ortocranea\/XII.mp3\" type=\"audio\/mpeg\">No AUDIO support!<\/audio><\/td>\r\n<\/tr>\r\n\r\n<\/table>\r\n\r\n<p class=\"linkbox\"><a href=\"\/es\/books\/trebol-de-nueve\/\" class=\"example-button\">Sobre Tr\u00e9bol de Nueve<\/a><\/p>\r\n","protected":false},"excerpt":{"rendered":"Ortocr\u00e1nea de Tr\u00e9bol de Nueve &nbsp; Escuchar el poeta Los doce cap\u00edtulos del poema tienen una coda con bong\u00f3. # Larga T\u00edtulo Escucha 1 1:04 I: Ramaje de alboroto No AUDIO support! 2 0:53 II: Pase\u00e1ndonos No AUDIO support! 3 0:51 III: Una noche, pap\u00e1 nos anunci\u00f3 No AUDIO support! 4 1:34 IV: Durante el [&hellip;]","protected":false},"author":1,"featured_media":0,"parent":0,"menu_order":32,"comment_status":"closed","ping_status":"closed","template":"","meta":{"nf_dc_page":"","_monsterinsights_skip_tracking":false,"_monsterinsights_sitenote_active":false,"_monsterinsights_sitenote_note":"","_monsterinsights_sitenote_category":0,"footnotes":""},"class_list":["post-3373","page","type-page","status-publish","hentry"],"aioseo_notices":[],"_links":{"self":[{"href":"https:\/\/davidrosenmann-taub.com\/es\/wp-json\/wp\/v2\/pages\/3373","targetHints":{"allow":["GET"]}}],"collection":[{"href":"https:\/\/davidrosenmann-taub.com\/es\/wp-json\/wp\/v2\/pages"}],"about":[{"href":"https:\/\/davidrosenmann-taub.com\/es\/wp-json\/wp\/v2\/types\/page"}],"author":[{"embeddable":true,"href":"https:\/\/davidrosenmann-taub.com\/es\/wp-json\/wp\/v2\/users\/1"}],"replies":[{"embeddable":true,"href":"https:\/\/davidrosenmann-taub.com\/es\/wp-json\/wp\/v2\/comments?post=3373"}],"version-history":[{"count":9,"href":"https:\/\/davidrosenmann-taub.com\/es\/wp-json\/wp\/v2\/pages\/3373\/revisions"}],"predecessor-version":[{"id":5794,"href":"https:\/\/davidrosenmann-taub.com\/es\/wp-json\/wp\/v2\/pages\/3373\/revisions\/5794"}],"wp:attachment":[{"href":"https:\/\/davidrosenmann-taub.com\/es\/wp-json\/wp\/v2\/media?parent=3373"}],"curies":[{"name":"wp","href":"https:\/\/api.w.org\/{rel}","templated":true}]}}