{"id":3383,"date":"2016-03-09T16:58:25","date_gmt":"2016-03-10T00:58:25","guid":{"rendered":"https:\/\/davidrosenmann-taub.com\/es\/?page_id=3383"},"modified":"2024-09-27T14:41:27","modified_gmt":"2024-09-27T21:41:27","slug":"trebol-de-nueve","status":"publish","type":"page","link":"https:\/\/davidrosenmann-taub.com\/es\/books\/trebol-de-nueve\/","title":{"rendered":"Tr\u00e9bol de Nueve"},"content":{"rendered":"<p class=\"centered-quote\"><a href=\"\/images\/books-2015\/Trebol-de-Nueve-900.jpg\" class=\"nounder highslide\" onclick=\"return hs.expand(this)\" title=\"Click to enlarge.\" rel=\"highslide\"><img decoding=\"async\" src=\"\/images\/books-2015\/Trebol-de-Nueve-300.jpg\" alt=\"Tr\u00e9bol de Nueve\"><\/a><\/p>\r\n<h1>Tr\u00e9bol de Nueve<\/h1>\r\n<p class=\"publication-info\">\r\n<strong>Libro:<\/strong> 160 p\u00e1ginas<br \/>\r\n<strong>Editor:<\/strong> LOM Ediciones (2016)<br \/>\r\n<strong>Lengua:<\/strong> Espa&ntilde;ol<br \/>\r\n<strong>ISBN:<\/strong> 978-956-00-0645-5<br>\r\n<\/p>\r\n<p>&nbsp;<\/p>\r\n<p class=\"poem-fragment\">\u00abSabidur\u00eda\u00bb abre el libro, y \u00abConciencia\u00bb lo cierra: acceso,<br \/>\r\ncada vez m\u00e1s profundo, a las habitaciones de la casa <em>humana<\/em>.<\/p>\r\n<p style=\"text-align:center;\">*<br \/>\r\n*&nbsp;&nbsp;*<\/p>\r\n<p class=\"poem-fragment\">El ser, de <em>sabidur\u00eda<\/em> a <em>conciencia<\/em>, en <em>nueve<\/em> fulgores.<\/p>\r\n<p>&nbsp;<\/p>\r\n\r\n<p class=\"linkbox\"><a href=\"\/es\/ortocranea\/\" class=\"example-button\">Escuchar al poeta<\/a><\/p>\r\n<p class=\"linkbox\"><a href=\"http:\/\/davidrosenmanntaub-drawings.com\/es\/drawings\/mirar-para-no-ver\/\" class=\"example-button\">Sobre la ilustraci\u00f3n de la portada del libro<\/a><\/p>\r\n<p class=\"linkbox\"><a href=\"\/es\/examples\/con-el\/\" class=\"example-button\">Leer un Poema<\/a><\/p>\r\n<p class=\"linkbox\"><a href=\"https:\/\/lom.cl\/products\/trebol-de-nueve?_pos=6&_sid=0fc11a73a&_ss=r\" class=\"example-button\">Para comprar el libro<\/a><\/p>\r\n","protected":false},"excerpt":{"rendered":"Tr\u00e9bol de Nueve Libro: 160 p\u00e1ginas Editor: LOM Ediciones (2016) Lengua: Espa&ntilde;ol ISBN: 978-956-00-0645-5 &nbsp; \u00abSabidur\u00eda\u00bb abre el libro, y \u00abConciencia\u00bb lo cierra: acceso, cada vez m\u00e1s profundo, a las habitaciones de la casa humana. * *&nbsp;&nbsp;* El ser, de sabidur\u00eda a conciencia, en nueve fulgores. &nbsp; Escuchar al poeta Sobre la ilustraci\u00f3n de la [&hellip;]","protected":false},"author":1,"featured_media":0,"parent":95,"menu_order":14,"comment_status":"closed","ping_status":"closed","template":"","meta":{"nf_dc_page":"","_monsterinsights_skip_tracking":false,"_monsterinsights_sitenote_active":false,"_monsterinsights_sitenote_note":"","_monsterinsights_sitenote_category":0,"footnotes":""},"class_list":["post-3383","page","type-page","status-publish","hentry"],"aioseo_notices":[],"_links":{"self":[{"href":"https:\/\/davidrosenmann-taub.com\/es\/wp-json\/wp\/v2\/pages\/3383","targetHints":{"allow":["GET"]}}],"collection":[{"href":"https:\/\/davidrosenmann-taub.com\/es\/wp-json\/wp\/v2\/pages"}],"about":[{"href":"https:\/\/davidrosenmann-taub.com\/es\/wp-json\/wp\/v2\/types\/page"}],"author":[{"embeddable":true,"href":"https:\/\/davidrosenmann-taub.com\/es\/wp-json\/wp\/v2\/users\/1"}],"replies":[{"embeddable":true,"href":"https:\/\/davidrosenmann-taub.com\/es\/wp-json\/wp\/v2\/comments?post=3383"}],"version-history":[{"count":10,"href":"https:\/\/davidrosenmann-taub.com\/es\/wp-json\/wp\/v2\/pages\/3383\/revisions"}],"predecessor-version":[{"id":5855,"href":"https:\/\/davidrosenmann-taub.com\/es\/wp-json\/wp\/v2\/pages\/3383\/revisions\/5855"}],"up":[{"embeddable":true,"href":"https:\/\/davidrosenmann-taub.com\/es\/wp-json\/wp\/v2\/pages\/95"}],"wp:attachment":[{"href":"https:\/\/davidrosenmann-taub.com\/es\/wp-json\/wp\/v2\/media?parent=3383"}],"curies":[{"name":"wp","href":"https:\/\/api.w.org\/{rel}","templated":true}]}}