{"id":3578,"date":"2017-04-03T11:55:29","date_gmt":"2017-04-03T19:55:29","guid":{"rendered":"https:\/\/davidrosenmann-taub.com\/?page_id=3578\/"},"modified":"2017-04-03T11:57:07","modified_gmt":"2017-04-03T19:57:07","slug":"ooo-ooo","status":"publish","type":"page","link":"https:\/\/davidrosenmann-taub.com\/es\/examples\/ooo-ooo\/","title":{"rendered":"O\u00f3,o : O\u00f3,o"},"content":{"rendered":"<h1>O\u00f3,o<\/h1>\r\n<h2>O\u00f3,o<\/h2>\r\n<p>&nbsp;<\/p>\r\n<p class=\"half-centered\">&nbsp;&nbsp;&nbsp;&nbsp;&nbsp;&laquo;O\u00f3, o:<br \/>\r\nno he venido a<br \/>\r\nvivir,<br \/>\r\nsino a<\/p>\r\n<p class=\"half-centered\">&nbsp;&nbsp;&nbsp;&nbsp;&nbsp;morir,<br \/>\r\ncomo todos<br \/>\r\nlos hombres>>,<br \/>\r\ndijo<\/p>\r\n<p class=\"half-centered\">&nbsp;&nbsp;&nbsp;&nbsp;&nbsp;Cristo.<br \/>\r\n&laquo;Como todas<br \/>\r\nlas cosas&raquo;,<\/p>\r\n<p class=\"half-centered\">&nbsp;&nbsp;&nbsp;&nbsp;&nbsp;le enderez\u00f3 un residuo<br \/>\r\nde fest\u00edn<br \/>\r\nde alimoches.<\/p>\r\n<p>&nbsp;<\/p>\r\n","protected":false},"excerpt":{"rendered":"O\u00f3,o O\u00f3,o &nbsp; &nbsp;&nbsp;&nbsp;&nbsp;&nbsp;&laquo;O\u00f3, o: no he venido a vivir, sino a &nbsp;&nbsp;&nbsp;&nbsp;&nbsp;morir, como todos los hombres>>, dijo &nbsp;&nbsp;&nbsp;&nbsp;&nbsp;Cristo. &laquo;Como todas las cosas&raquo;, &nbsp;&nbsp;&nbsp;&nbsp;&nbsp;le enderez\u00f3 un residuo de fest\u00edn de alimoches. &nbsp;","protected":false},"author":1,"featured_media":0,"parent":542,"menu_order":18,"comment_status":"closed","ping_status":"closed","template":"","meta":{"nf_dc_page":"","_monsterinsights_skip_tracking":false,"_monsterinsights_sitenote_active":false,"_monsterinsights_sitenote_note":"","_monsterinsights_sitenote_category":0,"footnotes":""},"class_list":["post-3578","page","type-page","status-publish","hentry"],"aioseo_notices":[],"_links":{"self":[{"href":"https:\/\/davidrosenmann-taub.com\/es\/wp-json\/wp\/v2\/pages\/3578","targetHints":{"allow":["GET"]}}],"collection":[{"href":"https:\/\/davidrosenmann-taub.com\/es\/wp-json\/wp\/v2\/pages"}],"about":[{"href":"https:\/\/davidrosenmann-taub.com\/es\/wp-json\/wp\/v2\/types\/page"}],"author":[{"embeddable":true,"href":"https:\/\/davidrosenmann-taub.com\/es\/wp-json\/wp\/v2\/users\/1"}],"replies":[{"embeddable":true,"href":"https:\/\/davidrosenmann-taub.com\/es\/wp-json\/wp\/v2\/comments?post=3578"}],"version-history":[{"count":3,"href":"https:\/\/davidrosenmann-taub.com\/es\/wp-json\/wp\/v2\/pages\/3578\/revisions"}],"predecessor-version":[{"id":3583,"href":"https:\/\/davidrosenmann-taub.com\/es\/wp-json\/wp\/v2\/pages\/3578\/revisions\/3583"}],"up":[{"embeddable":true,"href":"https:\/\/davidrosenmann-taub.com\/es\/wp-json\/wp\/v2\/pages\/542"}],"wp:attachment":[{"href":"https:\/\/davidrosenmann-taub.com\/es\/wp-json\/wp\/v2\/media?parent=3578"}],"curies":[{"name":"wp","href":"https:\/\/api.w.org\/{rel}","templated":true}]}}