{"id":3589,"date":"2017-04-03T12:00:49","date_gmt":"2017-04-03T20:00:49","guid":{"rendered":"https:\/\/davidrosenmann-taub.com\/?page_id=3589\/"},"modified":"2017-04-03T12:00:49","modified_gmt":"2017-04-03T20:00:49","slug":"ooo-xviii","status":"publish","type":"page","link":"https:\/\/davidrosenmann-taub.com\/es\/examples\/ooo-xviii\/","title":{"rendered":"O\u00f3,o : XVIII"},"content":{"rendered":"<h1>O\u00f3,o<\/h1>\r\n<h2>XVIII<\/h2>\r\n<p>&nbsp;<\/p>\r\n<p class=\"half-centered\">&nbsp;&nbsp;&nbsp;&nbsp;&nbsp;Los mequetrefes de la Luna Flaca<br \/>\r\nse comprometer\u00e1n<br \/>\r\n-con juramentos-,<br \/>\r\nun s\u00e1bado por medio,<\/p>\r\n<p class=\"half-centered\">&nbsp;&nbsp;&nbsp;&nbsp;&nbsp;a moflir la tarea<br \/>\r\nde trasmudar<br \/>\r\nsu Flaca en Llena.<br \/>\r\nTres paliduchos<\/p>\r\n<p class=\"half-centered\">&nbsp;&nbsp;&nbsp;&nbsp;&nbsp;ciegos<br \/>\r\naplaudieron.<br \/>\r\nTres mugrenarrias:<\/p>\r\n<p class=\"half-centered\">&nbsp;&nbsp;&nbsp;&nbsp;&nbsp;&laquo;\u00a1Y la Llena en Flaca!&raquo;<br \/>\r\nLigeros estornudos<br \/>\r\nentusiastas.<\/p>\r\n<p class=\"half-centered\">&nbsp;&nbsp;&nbsp;&nbsp;&nbsp;\u2026La Luna Llena,<br \/>\r\nllena<br \/>\r\nde ambig\u00fcedad, alerta.<\/p>\r\n<p>&nbsp;<\/p>","protected":false},"excerpt":{"rendered":"O\u00f3,o XVIII &nbsp; &nbsp;&nbsp;&nbsp;&nbsp;&nbsp;Los mequetrefes de la Luna Flaca se comprometer\u00e1n -con juramentos-, un s\u00e1bado por medio, &nbsp;&nbsp;&nbsp;&nbsp;&nbsp;a moflir la tarea de trasmudar su Flaca en Llena. Tres paliduchos &nbsp;&nbsp;&nbsp;&nbsp;&nbsp;ciegos aplaudieron. Tres mugrenarrias: &nbsp;&nbsp;&nbsp;&nbsp;&nbsp;&laquo;\u00a1Y la Llena en Flaca!&raquo; Ligeros estornudos entusiastas. &nbsp;&nbsp;&nbsp;&nbsp;&nbsp;\u2026La Luna Llena, llena de ambig\u00fcedad, alerta. &nbsp;","protected":false},"author":1,"featured_media":0,"parent":542,"menu_order":19,"comment_status":"closed","ping_status":"closed","template":"","meta":{"nf_dc_page":"","_monsterinsights_skip_tracking":false,"_monsterinsights_sitenote_active":false,"_monsterinsights_sitenote_note":"","_monsterinsights_sitenote_category":0,"footnotes":""},"class_list":["post-3589","page","type-page","status-publish","hentry"],"aioseo_notices":[],"_links":{"self":[{"href":"https:\/\/davidrosenmann-taub.com\/es\/wp-json\/wp\/v2\/pages\/3589","targetHints":{"allow":["GET"]}}],"collection":[{"href":"https:\/\/davidrosenmann-taub.com\/es\/wp-json\/wp\/v2\/pages"}],"about":[{"href":"https:\/\/davidrosenmann-taub.com\/es\/wp-json\/wp\/v2\/types\/page"}],"author":[{"embeddable":true,"href":"https:\/\/davidrosenmann-taub.com\/es\/wp-json\/wp\/v2\/users\/1"}],"replies":[{"embeddable":true,"href":"https:\/\/davidrosenmann-taub.com\/es\/wp-json\/wp\/v2\/comments?post=3589"}],"version-history":[{"count":1,"href":"https:\/\/davidrosenmann-taub.com\/es\/wp-json\/wp\/v2\/pages\/3589\/revisions"}],"predecessor-version":[{"id":3591,"href":"https:\/\/davidrosenmann-taub.com\/es\/wp-json\/wp\/v2\/pages\/3589\/revisions\/3591"}],"up":[{"embeddable":true,"href":"https:\/\/davidrosenmann-taub.com\/es\/wp-json\/wp\/v2\/pages\/542"}],"wp:attachment":[{"href":"https:\/\/davidrosenmann-taub.com\/es\/wp-json\/wp\/v2\/media?parent=3589"}],"curies":[{"name":"wp","href":"https:\/\/api.w.org\/{rel}","templated":true}]}}