{"id":3810,"date":"2017-07-17T12:37:34","date_gmt":"2017-07-17T20:37:34","guid":{"rendered":"https:\/\/davidrosenmann-taub.com\/?page_id=3810\/"},"modified":"2018-05-04T13:17:58","modified_gmt":"2018-05-04T21:17:58","slug":"alm-eria","status":"publish","type":"page","link":"https:\/\/davidrosenmann-taub.com\/es\/books\/alm-eria\/","title":{"rendered":"Alm-er\u00eda"},"content":{"rendered":"<p class=\"centered-quote\"><a href=\"\/images\/books-2015\/Alm-eria-900.jpg\" class=\"nounder highslide\" onclick=\"return hs.expand(this)\" title=\"Click to enlarge.\" rel=\"highslide\"><img decoding=\"async\" src=\"\/images\/books-2015\/Alm-eria-300.jpg\" alt=\"Alm-er\u00eda\"><\/a><\/p>\r\n<h1>Alm-er\u00eda<\/h1>\r\n<p class=\"publication-info\"><strong>Libro<\/strong>: 48 p\u00e1ginas<br \/>\r\n<strong>Editor:<\/strong> Editorial Pre-Textos (2017)<br \/>\r\n<strong>Lengua:<\/strong> Espa\u00f1ol<br \/>\r\n<strong>ISBN: <\/strong>978-84-16906-37-6\r\n<\/p>\r\n<p>La m\u00fasica instrumental, cuando <em>es<\/em> m\u00fasica: texto. Por ejemplo: Maurice Ravel expres\u00f3 pian\u00edsticamente tres relatos de <em>Gaspard de la nuit<\/em> de Aloysius Bertrand. David Rosenmann-Taub hace lo opuesto: expresa la composici\u00f3n de Isaac Alb\u00e9niz en un poema. Dos partituras: una, tem\u00e1tica, que corresponde a <em>Almer\u00eda<\/em> de Alb\u00e9niz; otra, r\u00edtmica, del poema <em>Alm-er\u00eda<\/em>, con el mismo texto, aunque difiere r\u00edtmicamente.<\/p>\r\n<p>Autodi\u00e1logo entre la habitual prisi\u00f3n y la aut\u00e9ntica libertad. <\/p>\r\n","protected":false},"excerpt":{"rendered":"Alm-er\u00eda Libro: 48 p\u00e1ginas Editor: Editorial Pre-Textos (2017) Lengua: Espa\u00f1ol ISBN: 978-84-16906-37-6 La m\u00fasica instrumental, cuando es m\u00fasica: texto. Por ejemplo: Maurice Ravel expres\u00f3 pian\u00edsticamente tres relatos de Gaspard de la nuit de Aloysius Bertrand. David Rosenmann-Taub hace lo opuesto: expresa la composici\u00f3n de Isaac Alb\u00e9niz en un poema. Dos partituras: una, tem\u00e1tica, que corresponde [&hellip;]","protected":false},"author":1,"featured_media":0,"parent":95,"menu_order":9,"comment_status":"closed","ping_status":"closed","template":"","meta":{"nf_dc_page":"","_monsterinsights_skip_tracking":false,"_monsterinsights_sitenote_active":false,"_monsterinsights_sitenote_note":"","_monsterinsights_sitenote_category":0,"footnotes":""},"class_list":["post-3810","page","type-page","status-publish","hentry"],"aioseo_notices":[],"_links":{"self":[{"href":"https:\/\/davidrosenmann-taub.com\/es\/wp-json\/wp\/v2\/pages\/3810","targetHints":{"allow":["GET"]}}],"collection":[{"href":"https:\/\/davidrosenmann-taub.com\/es\/wp-json\/wp\/v2\/pages"}],"about":[{"href":"https:\/\/davidrosenmann-taub.com\/es\/wp-json\/wp\/v2\/types\/page"}],"author":[{"embeddable":true,"href":"https:\/\/davidrosenmann-taub.com\/es\/wp-json\/wp\/v2\/users\/1"}],"replies":[{"embeddable":true,"href":"https:\/\/davidrosenmann-taub.com\/es\/wp-json\/wp\/v2\/comments?post=3810"}],"version-history":[{"count":1,"href":"https:\/\/davidrosenmann-taub.com\/es\/wp-json\/wp\/v2\/pages\/3810\/revisions"}],"predecessor-version":[{"id":3812,"href":"https:\/\/davidrosenmann-taub.com\/es\/wp-json\/wp\/v2\/pages\/3810\/revisions\/3812"}],"up":[{"embeddable":true,"href":"https:\/\/davidrosenmann-taub.com\/es\/wp-json\/wp\/v2\/pages\/95"}],"wp:attachment":[{"href":"https:\/\/davidrosenmann-taub.com\/es\/wp-json\/wp\/v2\/media?parent=3810"}],"curies":[{"name":"wp","href":"https:\/\/api.w.org\/{rel}","templated":true}]}}