{"id":3870,"date":"2017-07-26T14:29:27","date_gmt":"2017-07-26T22:29:27","guid":{"rendered":"https:\/\/davidrosenmann-taub.com\/?page_id=3870\/"},"modified":"2018-07-02T10:39:45","modified_gmt":"2018-07-02T18:39:45","slug":"el-zocalo-dios-se-cambia","status":"publish","type":"page","link":"https:\/\/davidrosenmann-taub.com\/es\/examples\/el-zocalo-dios-se-cambia\/","title":{"rendered":"El Z\u00f3calo : XXVII &middot; <em>Dios se cambia de casa&#8230;<\/em>"},"content":{"rendered":"<h1>El Z\u00f3calo<\/h1>\r\n<h2>XXVII<br \/><em>Dios se cambia de casa...<\/em><\/h2>\r\n<p>&nbsp;<\/p>\r\n<p class=\"half-centered\"><span class=\"padtext\">&nbsp;<\/span>Dios se cambia de casa. En un coche de lujo<br \/>\r\nmuy sol\u00edcitamente guarda la estreller\u00eda<br \/>\r\ndel sur. Echa en un saco al \u00e1ngel principal:<br \/>\r\nla loza del ropaje afina el festival.<br \/>\r\nCu\u00e1n atareado se halla: por convencer a un brujo<br \/>\r\nde una residencial, de que la estanter\u00eda<br \/>\r\ndel juicio amamant\u00f3 a la percha del mundo<br \/>\r\n&ndash; los grimorios ganz\u00faan la absoluta palabra &ndash;,<br \/>\r\nse le escapa la luz del carro de mudanza,<br \/>\r\ncon primogenitura. (En la tierra, iracundo,<br \/>\r\nse queja un costur\u00f3n.) Perpleja, la Balanza<br \/>\r\nredila los reba\u00f1os y la dilecta cabra<br \/>\r\napacienta en la nada. Requiriendo su espacio,<br \/>\r\nla vilhorra, en desquite, trisca en una mejilla<br \/>\r\ndeste Dios distra\u00eddo que cierta vez nos hizo.<br \/>\r\nLos torpes serafines tropiezan en un rizo<br \/>\r\nde Lucifer. Los coros yacen con la vajilla.<br \/>\r\nY as\u00ed entre trueno y trono se desarma el palacio.<br \/>\r\nDios mete los edenes en unos cuantos tiestos,<br \/>\r\ny al fuego del infierno le aplica naftalina.<br \/>\r\nLos imanes neutrales en un ba\u00fal son puestos<br \/>\r\njunto a la senectud del alma y los anteojos<br \/>\r\nde Dios. El turbulento bergant\u00edn se encamina<br \/>\r\npor las olas del f\u00e1rrago hacia la nueva casa.<br \/>\r\nAntes de abandonar el reino carcomido,<br \/>\r\nlogrando repinarse sin que el polvo despierte,<br \/>\r\nDios sube a la azotea a ver si, por olvido,<br \/>\r\nalgo se le ha quedado: y aunque atisba y traspasa<br \/>\r\nlos libres pasadizos, y baldean sus ojos<br \/>\r\ntejados y buhardas, se olvida de la muerte<br \/>\r\ny la vida que ri\u00f1en en un rinc\u00f3n vac\u00edo.<br \/>\r\nY Dios se va sin verlas, mas siente escalofr\u00edo.<\/p>\r\n<p>&nbsp;<\/p>","protected":false},"excerpt":{"rendered":"El Z\u00f3calo XXVIIDios se cambia de casa&#8230; &nbsp; &nbsp;Dios se cambia de casa. En un coche de lujo muy sol\u00edcitamente guarda la estreller\u00eda del sur. Echa en un saco al \u00e1ngel principal: la loza del ropaje afina el festival. Cu\u00e1n atareado se halla: por convencer a un brujo de una residencial, de que la estanter\u00eda [&hellip;]","protected":false},"author":1,"featured_media":0,"parent":542,"menu_order":29,"comment_status":"closed","ping_status":"closed","template":"","meta":{"nf_dc_page":"","_monsterinsights_skip_tracking":false,"_monsterinsights_sitenote_active":false,"_monsterinsights_sitenote_note":"","_monsterinsights_sitenote_category":0,"footnotes":""},"class_list":["post-3870","page","type-page","status-publish","hentry"],"aioseo_notices":[],"_links":{"self":[{"href":"https:\/\/davidrosenmann-taub.com\/es\/wp-json\/wp\/v2\/pages\/3870","targetHints":{"allow":["GET"]}}],"collection":[{"href":"https:\/\/davidrosenmann-taub.com\/es\/wp-json\/wp\/v2\/pages"}],"about":[{"href":"https:\/\/davidrosenmann-taub.com\/es\/wp-json\/wp\/v2\/types\/page"}],"author":[{"embeddable":true,"href":"https:\/\/davidrosenmann-taub.com\/es\/wp-json\/wp\/v2\/users\/1"}],"replies":[{"embeddable":true,"href":"https:\/\/davidrosenmann-taub.com\/es\/wp-json\/wp\/v2\/comments?post=3870"}],"version-history":[{"count":3,"href":"https:\/\/davidrosenmann-taub.com\/es\/wp-json\/wp\/v2\/pages\/3870\/revisions"}],"predecessor-version":[{"id":4176,"href":"https:\/\/davidrosenmann-taub.com\/es\/wp-json\/wp\/v2\/pages\/3870\/revisions\/4176"}],"up":[{"embeddable":true,"href":"https:\/\/davidrosenmann-taub.com\/es\/wp-json\/wp\/v2\/pages\/542"}],"wp:attachment":[{"href":"https:\/\/davidrosenmann-taub.com\/es\/wp-json\/wp\/v2\/media?parent=3870"}],"curies":[{"name":"wp","href":"https:\/\/api.w.org\/{rel}","templated":true}]}}