{"id":3945,"date":"2017-09-25T12:28:24","date_gmt":"2017-09-25T20:28:24","guid":{"rendered":"https:\/\/davidrosenmann-taub.com\/?page_id=3945\/"},"modified":"2018-06-26T15:17:13","modified_gmt":"2018-06-26T23:17:13","slug":"el-mensajero-iv-conjuro","status":"publish","type":"page","link":"https:\/\/davidrosenmann-taub.com\/es\/examples\/el-mensajero-iv-conjuro\/","title":{"rendered":"El Mensajero: IV &middot; CONJURO"},"content":{"rendered":"<h1>El Mensajero<\/h1>\r\n<h2>IV<br \/>CONJURO<\/h2>\r\n<p>&nbsp;<\/p>\r\n<p class=\"half-centered\"><span class=\"padtext\">&nbsp;<\/span>\u00a1Desciende!: los riscos anuncian la noche,<br \/>\r\nlas l\u00e1grimas curten sabor de crep\u00fasculo,<br \/>\r\nlos \u00edmpetus ri\u00f1en con orlas de bronce,<br \/>\r\nlos \u00e1rboles sueltan dolores absurdos.<\/p>\r\n\r\n<p class=\"half-centered\"><span class=\"padtext\">&nbsp;<\/span>\u00a1Desciende!: los ni\u00f1os restauran ag\u00fceros,<br \/>\r\nla rancia penumbra mitiga los patios,<br \/>\r\ny silban, dichosas, las hojas al viento:<br \/>\r\njaspe valent\u00eda de injertos ic\u00e1reos.<\/p>\r\n\r\n<p class=\"full-centered\">\u00a1Desciende!: las p\u00faas del humo, las fundas<br \/>\r\nlabriegas de ruines mazorcas,<br \/>\r\nte llaman, te estrujan<br \/>\r\nde lejos: \u00a1te alondran!<\/p>\r\n\r\n<p class=\"full-centered\">Muy suave, inequ\u00edvoca,<br \/>\r\nalmoh\u00e1dame y m\u00e1dreme y cr\u00e9ceme.<br \/>\r\nOh blanca tiniebla de fijeza viva.<br \/>\r\n\u00a1Desci\u00e9ndeme, Nieve!<\/p>\r\n<p>&nbsp;<\/p>","protected":false},"excerpt":{"rendered":"El Mensajero IVCONJURO &nbsp; &nbsp;\u00a1Desciende!: los riscos anuncian la noche, las l\u00e1grimas curten sabor de crep\u00fasculo, los \u00edmpetus ri\u00f1en con orlas de bronce, los \u00e1rboles sueltan dolores absurdos. &nbsp;\u00a1Desciende!: los ni\u00f1os restauran ag\u00fceros, la rancia penumbra mitiga los patios, y silban, dichosas, las hojas al viento: jaspe valent\u00eda de injertos ic\u00e1reos. \u00a1Desciende!: las p\u00faas del [&hellip;]","protected":false},"author":1,"featured_media":0,"parent":542,"menu_order":49,"comment_status":"closed","ping_status":"closed","template":"","meta":{"nf_dc_page":"","_monsterinsights_skip_tracking":false,"_monsterinsights_sitenote_active":false,"_monsterinsights_sitenote_note":"","_monsterinsights_sitenote_category":0,"footnotes":""},"class_list":["post-3945","page","type-page","status-publish","hentry"],"aioseo_notices":[],"_links":{"self":[{"href":"https:\/\/davidrosenmann-taub.com\/es\/wp-json\/wp\/v2\/pages\/3945","targetHints":{"allow":["GET"]}}],"collection":[{"href":"https:\/\/davidrosenmann-taub.com\/es\/wp-json\/wp\/v2\/pages"}],"about":[{"href":"https:\/\/davidrosenmann-taub.com\/es\/wp-json\/wp\/v2\/types\/page"}],"author":[{"embeddable":true,"href":"https:\/\/davidrosenmann-taub.com\/es\/wp-json\/wp\/v2\/users\/1"}],"replies":[{"embeddable":true,"href":"https:\/\/davidrosenmann-taub.com\/es\/wp-json\/wp\/v2\/comments?post=3945"}],"version-history":[{"count":2,"href":"https:\/\/davidrosenmann-taub.com\/es\/wp-json\/wp\/v2\/pages\/3945\/revisions"}],"predecessor-version":[{"id":4133,"href":"https:\/\/davidrosenmann-taub.com\/es\/wp-json\/wp\/v2\/pages\/3945\/revisions\/4133"}],"up":[{"embeddable":true,"href":"https:\/\/davidrosenmann-taub.com\/es\/wp-json\/wp\/v2\/pages\/542"}],"wp:attachment":[{"href":"https:\/\/davidrosenmann-taub.com\/es\/wp-json\/wp\/v2\/media?parent=3945"}],"curies":[{"name":"wp","href":"https:\/\/api.w.org\/{rel}","templated":true}]}}