{"id":3949,"date":"2017-09-25T12:31:32","date_gmt":"2017-09-25T20:31:32","guid":{"rendered":"https:\/\/davidrosenmann-taub.com\/?page_id=3949\/"},"modified":"2018-06-26T15:27:47","modified_gmt":"2018-06-26T23:27:47","slug":"el-mensajero-v-javele","status":"publish","type":"page","link":"https:\/\/davidrosenmann-taub.com\/es\/examples\/el-mensajero-v-javele\/","title":{"rendered":"El Mensajero: V &middot; J\u00c1VELE"},"content":{"rendered":"<h1>El Mensajero<\/h1>\r\n<h2>V<br \/>J\u00c1VELE<\/h2>\r\n<p>&nbsp;<\/p>\r\n<p class=\"q20-centered\"><span class=\"padtextmed\">&nbsp;<\/span>Lentiscos,<br \/>\r\npesta\u00f1as delatoras,<br \/>\r\nlos dedos del granizo<br \/>\r\nentornan la petunia:<br \/>\r\n<span class=\"padtextmed\">&nbsp;<\/span>te asomas:<br \/>\r\nel roc\u00edo te alumbra.<\/p>\r\n<p>&nbsp;<\/p>","protected":false},"excerpt":{"rendered":"El Mensajero VJ\u00c1VELE &nbsp; &nbsp;Lentiscos, pesta\u00f1as delatoras, los dedos del granizo entornan la petunia: &nbsp;te asomas: el roc\u00edo te alumbra. &nbsp;","protected":false},"author":1,"featured_media":0,"parent":542,"menu_order":50,"comment_status":"closed","ping_status":"closed","template":"","meta":{"nf_dc_page":"","_monsterinsights_skip_tracking":false,"_monsterinsights_sitenote_active":false,"_monsterinsights_sitenote_note":"","_monsterinsights_sitenote_category":0,"footnotes":""},"class_list":["post-3949","page","type-page","status-publish","hentry"],"aioseo_notices":[],"_links":{"self":[{"href":"https:\/\/davidrosenmann-taub.com\/es\/wp-json\/wp\/v2\/pages\/3949","targetHints":{"allow":["GET"]}}],"collection":[{"href":"https:\/\/davidrosenmann-taub.com\/es\/wp-json\/wp\/v2\/pages"}],"about":[{"href":"https:\/\/davidrosenmann-taub.com\/es\/wp-json\/wp\/v2\/types\/page"}],"author":[{"embeddable":true,"href":"https:\/\/davidrosenmann-taub.com\/es\/wp-json\/wp\/v2\/users\/1"}],"replies":[{"embeddable":true,"href":"https:\/\/davidrosenmann-taub.com\/es\/wp-json\/wp\/v2\/comments?post=3949"}],"version-history":[{"count":2,"href":"https:\/\/davidrosenmann-taub.com\/es\/wp-json\/wp\/v2\/pages\/3949\/revisions"}],"predecessor-version":[{"id":4137,"href":"https:\/\/davidrosenmann-taub.com\/es\/wp-json\/wp\/v2\/pages\/3949\/revisions\/4137"}],"up":[{"embeddable":true,"href":"https:\/\/davidrosenmann-taub.com\/es\/wp-json\/wp\/v2\/pages\/542"}],"wp:attachment":[{"href":"https:\/\/davidrosenmann-taub.com\/es\/wp-json\/wp\/v2\/media?parent=3949"}],"curies":[{"name":"wp","href":"https:\/\/api.w.org\/{rel}","templated":true}]}}