{"id":4125,"date":"2018-05-24T23:21:59","date_gmt":"2018-05-25T07:21:59","guid":{"rendered":"https:\/\/davidrosenmann-taub.com\/?page_id=4125"},"modified":"2018-05-24T23:21:59","modified_gmt":"2018-05-25T07:21:59","slug":"privacy-policy","status":"publish","type":"page","link":"https:\/\/davidrosenmann-taub.com\/es\/privacy-policy\/","title":{"rendered":"Pol\u00edtica de privacidad"},"content":{"rendered":"<h2>Pol\u00edtica de privacidad<\/h2>\r\n\r\nLa Fundaci\u00f3n Corda no recopila informaci\u00f3n personal de los usuarios ni comparte informaci\u00f3n con terceros. La informaci\u00f3n de contacto se usa solo para continuar la comunicaci\u00f3n con la Fundaci\u00f3n.\r\n","protected":false},"excerpt":{"rendered":"Pol\u00edtica de privacidad La Fundaci\u00f3n Corda no recopila informaci\u00f3n personal de los usuarios ni comparte informaci\u00f3n con terceros. La informaci\u00f3n de contacto se usa solo para continuar la comunicaci\u00f3n con la Fundaci\u00f3n.","protected":false},"author":2,"featured_media":0,"parent":0,"menu_order":40,"comment_status":"closed","ping_status":"closed","template":"","meta":{"nf_dc_page":"","_monsterinsights_skip_tracking":false,"_monsterinsights_sitenote_active":false,"_monsterinsights_sitenote_note":"","_monsterinsights_sitenote_category":0,"footnotes":""},"class_list":["post-4125","page","type-page","status-publish","hentry"],"aioseo_notices":[],"_links":{"self":[{"href":"https:\/\/davidrosenmann-taub.com\/es\/wp-json\/wp\/v2\/pages\/4125","targetHints":{"allow":["GET"]}}],"collection":[{"href":"https:\/\/davidrosenmann-taub.com\/es\/wp-json\/wp\/v2\/pages"}],"about":[{"href":"https:\/\/davidrosenmann-taub.com\/es\/wp-json\/wp\/v2\/types\/page"}],"author":[{"embeddable":true,"href":"https:\/\/davidrosenmann-taub.com\/es\/wp-json\/wp\/v2\/users\/2"}],"replies":[{"embeddable":true,"href":"https:\/\/davidrosenmann-taub.com\/es\/wp-json\/wp\/v2\/comments?post=4125"}],"version-history":[{"count":1,"href":"https:\/\/davidrosenmann-taub.com\/es\/wp-json\/wp\/v2\/pages\/4125\/revisions"}],"predecessor-version":[{"id":4127,"href":"https:\/\/davidrosenmann-taub.com\/es\/wp-json\/wp\/v2\/pages\/4125\/revisions\/4127"}],"wp:attachment":[{"href":"https:\/\/davidrosenmann-taub.com\/es\/wp-json\/wp\/v2\/media?parent=4125"}],"curies":[{"name":"wp","href":"https:\/\/api.w.org\/{rel}","templated":true}]}}