{"id":4589,"date":"2021-04-28T12:03:50","date_gmt":"2021-04-28T20:03:50","guid":{"rendered":"https:\/\/davidrosenmann-taub.com\/?page_id=4589"},"modified":"2023-11-08T16:16:20","modified_gmt":"2023-11-09T00:16:20","slug":"glosa","status":"publish","type":"page","link":"https:\/\/davidrosenmann-taub.com\/es\/books\/glosa\/","title":{"rendered":"GLOSA"},"content":{"rendered":"<p class=\"centered-quote\"><a href=\"\/images\/books-2015\/Glosa-Cover-900.jpg\" class=\"nounder highslide\" style=\"padding:0 12px 12px 4px\" onclick=\"return hs.expand(this)\" title=\"Click to enlarge.\" rel=\"highslide\"><img decoding=\"async\" src=\"\/images\/books-2015\/Glosa-Cover-300.jpg\" alt=\"GLOSA\" \/><\/a><a href=\"\/images\/books-2015\/Glosa-Back-Cover-900.jpg\" class=\"nounder highslide\" onclick=\"return hs.expand(this)\" title=\"Click to enlarge.\" rel=\"highslide\"><img decoding=\"async\" src=\"\/images\/books-2015\/Glosa-Back-Cover-300.jpg\" alt=\"GLOSA\" \/><\/a><\/p>\r\n<h1>GLOSA<\/h1>\r\n<p class=\"publication-info\">\r\n <strong>Libro:<\/strong> 400 p\u00e1ginas<br \/>\r\n<strong>Editor:<\/strong> Mandora Press (2020)<br \/>\r\n <strong>Lengua:<\/strong> Espa\u00f1ol<br \/>\r\n <strong>ISBN: <\/strong>978-0-9824718-2-1<\/p>\r\n<p>La primera persona que sondea la profundidad de su obra es la autor.  <em>Glosa<\/em>, el libro de David Rosenmann-Taub, es un ejemplo \u00fanico de &ldquo;autohermen\u00e9utica&rdquo; donde el autor realiza un an\u00e1lisis de siete de sus poemas. Por medio del uso de colores, diferentes tipograf\u00edas y partituras r\u00edtmicas, a trav\u00e9s de cuatrocientas p\u00e1ginas de amplio formato, abre el camino para adentrarnos en su esencial quehacer, donde nada ha sido dejado al azar: cada vocablo, cada silencio, cada fonema, cada figura r\u00edtmica, al servicio del sentido. Cabe destacar que dedica ciento veinte p\u00e1ginas al ic\u00f3nico <em>Twilight<\/em>.<\/p>\r\n\r\n<p>&nbsp;<\/p>\r\n\r\n<h2>Dentro del Libro<\/h2>\r\n<div class=\"sample-row\">\r\n<div class=\"sample-box\"><\/div>\r\n\r\n<div class=\"sample-box\"><a href=\"\/images\/book-graphics\/Glosa-pg-142-ESCARLATA.jpg\" class=\"nounder highslide\" onclick=\"return hs.expand(this)\" title=\"Click para agrandar.\" rel=\"highslide\"><img decoding=\"async\" src=\"\/images\/book-graphics\/Glosa-pg-142-ESCARLATA-200.jpg\" alt=\"GLOSA: ESCARLATA\" \/><\/a>\r\n<div class=\"sample-text\">Page 142<\/div>\r\n<\/div>\r\n\r\n<div class=\"sample-box\"><a href=\"\/images\/book-graphics\/Glosa-pg-235-El.jpg\" class=\"nounder highslide\" onclick=\"return hs.expand(this)\" title=\"Click para agrandar.\" rel=\"highslide\"><img decoding=\"async\" src=\"\/images\/book-graphics\/Glosa-pg-235-El-200.jpg\" alt=\"GLOSA: EL\" \/><\/a>\r\n<div class=\"sample-text\">Page 235<\/div>\r\n<\/div>\r\n<div class=\"sample-box\"><\/div>\r\n\r\n<\/div>\r\n\r\n<p>&nbsp;<\/p>\r\n<h2>Los poemas de GLOSA: Escuchar al autor<\/h2>\r\n<table class=\"play-table\">\r\n<tr>\r\n<td>GLOSA:ONTOGENIA<\/td>\r\n<td><div class=\"play-poem\"><audio controls title=\"GLOSA:ONTOGENIA\"><source src=\"\/audio\/Glosa-1-Audio.mp3\" type=\"audio\/mpeg\">No AUDIO support!<\/audio><\/div><\/td>\r\n<td>ONTOGENIA<\/td>\r\n<\/tr>\r\n<tr>\r\n<td>GLOSA: MEDALL&Oacute;N<\/td>\r\n<td><div class=\"play-poem\"><audio controls title=\"GLOSA: MEDALL&Oacute;N\"><source src=\"\/audio\/Glosa-2-Audio.mp3\" type=\"audio\/mpeg\">No AUDIO support!<\/audio><\/div><\/td>\r\n<td>MEDALL&Oacute;N<\/td>\r\n<\/tr>\r\n<tr>\r\n<td>GLOSA: DEVOCI&Oacute;N<\/td>\r\n<td><div class=\"play-poem\"><audio controls title=\"GLOSA: DEVOCI&Oacute;N\"><source src=\"\/audio\/Glosa-3-Audio.mp3\" type=\"audio\/mpeg\">No AUDIO support!<\/audio><\/div><\/td>\r\n<td>DEVOCI&Oacute;N<\/td>\r\n<\/tr>\r\n<tr>\r\n<td>GLOSA: ESCARLATA<\/td>\r\n<td><div class=\"play-poem\"><audio controls title=\"GLOSA: ESCARLATA\"><source src=\"\/audio\/Glosa-4-Audio.mp3\" type=\"audio\/mpeg\">No AUDIO support!<\/audio><\/div><\/td>\r\n<td>ESCARLATA<\/td>\r\n<\/tr>\r\n<tr>\r\n<td>GLOSA: TWILIGHT<\/td>\r\n<td><div class=\"play-poem\"><audio controls title=\"GLOSA: TWILIGHT\"><source src=\"\/audio\/Glosa-5-Audio.mp3\" type=\"audio\/mpeg\">No AUDIO support!<\/audio><\/div><\/td>\r\n<td>TWILIGHT<\/td>\r\n<\/tr>\r\n<tr>\r\n<td>GLOSA: J&Aacute;VELE<\/td>\r\n<td><div class=\"play-poem\"><audio controls title=\"GLOSA: J&Aacute;VELE\"><source src=\"\/audio\/Glosa-6-Audio.mp3\" type=\"audio\/mpeg\">No AUDIO support!<\/audio><\/div><\/td>\r\n<td>J&Aacute;VELE<\/td>\r\n<\/tr>\r\n<tr>\r\n<td>GLOSA: UN LOGARITMO HERIDO<\/td>\r\n<td><div class=\"play-poem\"><audio controls title=\"GLOSA: UN LOGARITMO HERIDO\"><source src=\"\/audio\/Glosa-7-Un-Logaritmo-Herido.mp3\" type=\"audio\/mpeg\">No AUDIO support!<\/audio><\/div><\/td>\r\n<td>UN LOGARITMO HERIDO<\/td>\r\n<\/tr>\r\n<\/table>","protected":false},"excerpt":{"rendered":"GLOSA Libro: 400 p\u00e1ginas Editor: Mandora Press (2020) Lengua: Espa\u00f1ol ISBN: 978-0-9824718-2-1 La primera persona que sondea la profundidad de su obra es la autor. Glosa, el libro de David Rosenmann-Taub, es un ejemplo \u00fanico de &ldquo;autohermen\u00e9utica&rdquo; donde el autor realiza un an\u00e1lisis de siete de sus poemas. Por medio del uso de colores, diferentes [&hellip;]","protected":false},"author":2,"featured_media":0,"parent":95,"menu_order":6,"comment_status":"closed","ping_status":"closed","template":"","meta":{"nf_dc_page":"","_monsterinsights_skip_tracking":false,"_monsterinsights_sitenote_active":false,"_monsterinsights_sitenote_note":"","_monsterinsights_sitenote_category":0,"footnotes":""},"class_list":["post-4589","page","type-page","status-publish","hentry"],"aioseo_notices":[],"_links":{"self":[{"href":"https:\/\/davidrosenmann-taub.com\/es\/wp-json\/wp\/v2\/pages\/4589","targetHints":{"allow":["GET"]}}],"collection":[{"href":"https:\/\/davidrosenmann-taub.com\/es\/wp-json\/wp\/v2\/pages"}],"about":[{"href":"https:\/\/davidrosenmann-taub.com\/es\/wp-json\/wp\/v2\/types\/page"}],"author":[{"embeddable":true,"href":"https:\/\/davidrosenmann-taub.com\/es\/wp-json\/wp\/v2\/users\/2"}],"replies":[{"embeddable":true,"href":"https:\/\/davidrosenmann-taub.com\/es\/wp-json\/wp\/v2\/comments?post=4589"}],"version-history":[{"count":10,"href":"https:\/\/davidrosenmann-taub.com\/es\/wp-json\/wp\/v2\/pages\/4589\/revisions"}],"predecessor-version":[{"id":5799,"href":"https:\/\/davidrosenmann-taub.com\/es\/wp-json\/wp\/v2\/pages\/4589\/revisions\/5799"}],"up":[{"embeddable":true,"href":"https:\/\/davidrosenmann-taub.com\/es\/wp-json\/wp\/v2\/pages\/95"}],"wp:attachment":[{"href":"https:\/\/davidrosenmann-taub.com\/es\/wp-json\/wp\/v2\/media?parent=4589"}],"curies":[{"name":"wp","href":"https:\/\/api.w.org\/{rel}","templated":true}]}}