{"id":4973,"date":"2021-12-30T15:38:39","date_gmt":"2021-12-30T23:38:39","guid":{"rendered":"https:\/\/davidrosenmann-taub.com\/?page_id=4973"},"modified":"2021-12-30T15:38:39","modified_gmt":"2021-12-30T23:38:39","slug":"article-2016-letral-merlo","status":"publish","type":"page","link":"https:\/\/davidrosenmann-taub.com\/es\/articles\/article-2016-letral-merlo\/","title":{"rendered":"Presentaci\u00f3n de Pepa Merlo"},"content":{"rendered":"<h1>&ldquo;Presentaci\u00f3n&rdquo;<\/h1>\r\n<h2>de Pepa Merlo (Universidad de Granada)<br>pepa.merlo@gmail.com<\/h2>\r\n<p class=\"citation-link\">Este art\u00edculo ha sido publicado en <a href=\"http:\/\/revistaseug.ugr.es\/index.php\/letral\">el n\u00famero 17 (2016) de la Revista Letral<\/a>. Revista Electr\u00f3nica de Estudios Transatl\u00e1nticos de Literatura.<\/p>\r\n<p class=\"citation-link\">This article was published in <a href=\"http:\/\/revistaseug.ugr.es\/index.php\/letral\">Revista Letral, number 17, 2016<\/a>. Electronic Journal of Transatlantic Literary Studies.<\/p>\r\n<p style=\"text-align:center;\"><img loading=\"lazy\" decoding=\"async\" src=\"\/images\/books\/bar_rust.jpg\" alt=\"alt\" width=\"400\" height=\"2\"><\/p>\r\n\r\n<p>El n\u00famero 17 de la <em>Revista Letral<\/em> abarca, en sus secciones \u201cEstudios Transatl\u00e1nticos\u201d y \u201cMiscel\u00e1nea\u201d, una gran variedad de aproximaciones a la literatura latinoamericana y espa\u00f1ola: desde el estudio sobre las reescrituras b\u00edblicas de la obra de Borges, realizado por Adur Nobile o el an\u00e1lisis panhisp\u00e1nico de la obra de Aurora de Albornoz, realizado por Gonz\u00e1lez Sanz, hasta la presentaci\u00f3n de la Red de Hispanistas de Europa Central, desarrollada por las profesoras Andjelka Pejovi\u0107 e Ilinca Ilian \u0162\u0103ranu.<\/p>\r\n<p>Es, adem\u00e1s, un n\u00famero especial sobre la obra del poeta chileno David Rosenmann-Taub, una voz cuyo eco resuena desde las regiones situadas al otro lado del Atl\u00e1ntico, un poeta transatl\u00e1ntico. Un poeta que viene de Chile, que viene de Estados Unidos, que viene del norte y del sur del continente americano. Que se traslad\u00f3 al norte cuando \u201cChile dej\u00f3 de ser Chile\u201d, tal y como \u00e9l confiesa. Un poeta que recoge la tradici\u00f3n hisp\u00e1nica, las voces que a lo largo de los \u00faltimos sesenta a\u00f1os han cambiado el panorama po\u00e9tico chileno, que ha fundido la voz de los muchos a\u00f1os habitando el norte con la lengua materna, con la tradici\u00f3n y la cultura del sur, aunque su lengua materna era el polaco. Hijo de emigrantes polacos, criado en el cono sur de un mundo que debi\u00f3 resultar extra\u00f1o y ajeno a dos centroeuropeos. Una voz que arranca con fuerza, una voz que se extiende m\u00e1s all\u00e1 de nuestro presente po\u00e9tico, por eso cala tan bien en los poetas m\u00e1s j\u00f3venes. <p>Ahora perm\u00edtanme que les presente a un m\u00fasico, un compositor, un pianista cuya tonalidad es capaz de vencer el ruido de las olas del mar, para resonar en esta otra parte del mundo con sus arpegios suaves.<\/p>\r\n<p>A la palabra del poeta, a la m\u00fasica del pianista y compositor, quiero a\u00f1adir el trazo firme de un dibujante capaz de descubrir la figura que habita el papel en blanco. Un perfil de nariz suave, un contorno en el que el movimiento se adivina sinuoso, el rostro de alguien que nunca pos\u00f3 para el dibujante, un rostro que mira desde el recuerdo del propio pintor.<\/p>\r\n<p>Poes\u00eda, m\u00fasica, dibujo... Perm\u00edtanme que les presente a un poeta, a un m\u00fasico, a un dibujante llamado David Rosenmann-Taub que escribe \u201cen espa\u00f1ol, en la m\u00fasica y en el dibujo\u201d.<\/p>\r\n<p>En todo este n\u00famero especial de la revista est\u00e1 presente el poeta chileno, en la voz de Kenneth Gorfkle con un art\u00edculo sobre el formalismo en la poes\u00eda de David Rosenmann-Taub o el poeta y music\u00f3logo Jos\u00e9 Ram\u00f3n Ripoll que nos habla de la relaci\u00f3n entre poes\u00eda y m\u00fasica en la obra del poeta chileno, art\u00edculos que encontraremos en \u201cEstudios Transatl\u00e1nticos\u201d. En \u201cTransversales\u201d, ser\u00e1n los poetas quienes hablen. Nombres como Omar Lara, Jos\u00e9 Carlos Rosales o Dimitris Angel\u00eds nos dibujar\u00e1n el semblante de este poeta sui g\u00e9neris. Julio C\u00e9sar Gal\u00e1n y Na\u00edn N\u00f3mez nos presentar\u00e1n dos de las obras editadas por el poeta en Espa\u00f1a, la antolog\u00eda <em>El duelo de la luz<\/em> y el libro <em>O\u00d3,O<\/em>, publicados por Pre-Textos, con dos rese\u00f1as de ambos poemarios. Y por \u00faltimo, ser\u00e1 el propio autor quien nos hable en una entrevista realizada al poeta por \u00c1lvaro Salvador.<\/p>\r\n<p>Sus poemas, presentes tambi\u00e9n en este n\u00famero, el ejemplo final de una voz que comienza a resonar en nuestro pa\u00eds.<\/p>","protected":false},"excerpt":{"rendered":"&ldquo;Presentaci\u00f3n&rdquo; de Pepa Merlo (Universidad de Granada)pepa.merlo@gmail.com Este art\u00edculo ha sido publicado en el n\u00famero 17 (2016) de la Revista Letral. Revista Electr\u00f3nica de Estudios Transatl\u00e1nticos de Literatura. This article was published in Revista Letral, number 17, 2016. Electronic Journal of Transatlantic Literary Studies. El n\u00famero 17 de la Revista Letral abarca, en sus secciones [&hellip;]","protected":false},"author":2,"featured_media":0,"parent":150,"menu_order":93,"comment_status":"closed","ping_status":"closed","template":"","meta":{"nf_dc_page":"","_monsterinsights_skip_tracking":false,"_monsterinsights_sitenote_active":false,"_monsterinsights_sitenote_note":"","_monsterinsights_sitenote_category":0,"footnotes":""},"class_list":["post-4973","page","type-page","status-publish","hentry"],"aioseo_notices":[],"_links":{"self":[{"href":"https:\/\/davidrosenmann-taub.com\/es\/wp-json\/wp\/v2\/pages\/4973","targetHints":{"allow":["GET"]}}],"collection":[{"href":"https:\/\/davidrosenmann-taub.com\/es\/wp-json\/wp\/v2\/pages"}],"about":[{"href":"https:\/\/davidrosenmann-taub.com\/es\/wp-json\/wp\/v2\/types\/page"}],"author":[{"embeddable":true,"href":"https:\/\/davidrosenmann-taub.com\/es\/wp-json\/wp\/v2\/users\/2"}],"replies":[{"embeddable":true,"href":"https:\/\/davidrosenmann-taub.com\/es\/wp-json\/wp\/v2\/comments?post=4973"}],"version-history":[{"count":7,"href":"https:\/\/davidrosenmann-taub.com\/es\/wp-json\/wp\/v2\/pages\/4973\/revisions"}],"predecessor-version":[{"id":4980,"href":"https:\/\/davidrosenmann-taub.com\/es\/wp-json\/wp\/v2\/pages\/4973\/revisions\/4980"}],"up":[{"embeddable":true,"href":"https:\/\/davidrosenmann-taub.com\/es\/wp-json\/wp\/v2\/pages\/150"}],"wp:attachment":[{"href":"https:\/\/davidrosenmann-taub.com\/es\/wp-json\/wp\/v2\/media?parent=4973"}],"curies":[{"name":"wp","href":"https:\/\/api.w.org\/{rel}","templated":true}]}}