{"id":5077,"date":"2022-03-11T15:09:12","date_gmt":"2022-03-11T23:09:12","guid":{"rendered":"https:\/\/davidrosenmann-taub.com\/?page_id=5077"},"modified":"2022-11-21T15:25:13","modified_gmt":"2022-11-21T23:25:13","slug":"tilimtilin","status":"publish","type":"page","link":"https:\/\/davidrosenmann-taub.com\/es\/books\/tilimtilin\/","title":{"rendered":"T\u00edlimtil\u00edn"},"content":{"rendered":"<p class=\"centered-quote\"><a href=\"\/images\/books-2015\/Tilimtilin-900.jpg\" class=\"nounder highslide\" style=\"padding:0 12px 12px 4px\" onclick=\"return hs.expand(this)\" title=\"Click to enlarge.\" rel=\"highslide\"><img decoding=\"async\" src=\"\/images\/books-2015\/Tilimtilin-300.jpg\" alt=\"T\u00edlimtil\u00edn\" \/><\/a>\r\n<a href=\"\/images\/books-2015\/Tilimtilin-Back-900.jpg\" class=\"nounder highslide\" onclick=\"return hs.expand(this)\" title=\"Click to enlarge.\" rel=\"highslide\"><img decoding=\"async\" src=\"\/images\/books-2015\/Tilimtilin-Back-300.jpg\" alt=\"T\u00edlimtil\u00edn\" \/><\/a>\r\n<\/p>\r\n<h1>T\u00edlimtil\u00edn<\/h1>\r\n\r\n<p class=\"publication-info\">\r\n <strong>Libro:<\/strong> 212 p\u00e1ginas<br \/>\r\n<strong>Editor:<\/strong> LOM Ediciones (2021)<br \/>\r\n <strong>Lengua:<\/strong> Espa\u00f1ol<br \/>\r\n <strong>ISBN: <\/strong>978-956-00-1471-9<\/p>\r\n\u00a0\r\n<p><em>T\u00edlimtil\u00edn<\/em>, el nuevo libro de David Rosenmann-Taub, es una obra en la que trabaj\u00f3 durante d\u00e9cadas. Los ciento setenta y cinco poemas est\u00e1n distribuidos en dos secciones: <em>T\u00edlim<\/em>: salmos: oc\u00e9ano de fantas\u00edas. Y obvio desenga\u00f1o. El poder de la fantas\u00eda contra la realidad. <em>Til\u00edn<\/em>: campana alerta a una realidad verdadera, a veces aparentemente misteriosa. La defensa de la realidad verdadera.<\/p>\r\n<p>El dibujo de la portada: creaci\u00f3n del autor y relevante al contenido del poemario: <em>m\u00faltiples ojos: manifestaci\u00f3n de certezas<\/em>.\u00a0<\/p>\r\n<p>Publicado en diciembre de 2021 por LOM Ediciones (Santiago de Chile).<\/p>\r\n<hr>\r\n<h3 class=\"half-centered-title\">I<\/h3>\r\n<p class=\"half-centered\">No me ofrezcas, Se\u00f1or, por redimirme,<br>\r\n<span class=\"padtextmed\">&nbsp;<\/span>del multiverso el fondo.<br><br>\r\n<span class=\"padtext\">&nbsp;<\/span>Ofr\u00e9ceme los ojos de tus ojos:<br>\r\n<span class=\"padtextmedmed\">&nbsp;<\/span>lo imposible.<\/p>\r\n\r\n<h3 class=\"half-centered-title\">XII<\/h3>\r\n<p class=\"half-centered\">&nbsp;&nbsp;&nbsp;Quim\u00e9rico arenal,<br>\r\nlumbre<br>\r\nbullente,<br>\r\ntrampa,<\/p>\r\n\r\n<p class=\"half-centered\">&nbsp;&nbsp;&nbsp;fangoso v\u00e9rtice.<br>\r\n\u00bfLa majestad<br>\r\nnupcial?<br>\r\n\u00bfPalote?<\/p>\r\n\r\n<p class=\"half-centered\">&nbsp;&nbsp;&nbsp;\u00bfDuende?<br>\r\nZumb\u00f3n, a mi manera:<br>\r\nprestancia,<\/p>\r\n\r\n<p class=\"half-centered\">&nbsp;&nbsp;&nbsp;yermo yermo.<br>\r\n\u00bfMe conduces?<br>\r\nLa estepa<\/p>\r\n\r\n<p class=\"half-centered\">&nbsp;&nbsp;&nbsp;de tu armario me impone<br>\r\nla guaran\u00e1<br>\r\nde mi anaquel decr\u00e9pito.<\/p>\r\n\r\n<h3 class=\"half-centered-title\">CXXVI<\/h3>\r\n<p class=\"half-centered\">&nbsp;&nbsp;Prolongaci\u00f3n:<br>\r\nenjambre<br>\r\nde esplendores:<br>\r\nmadrepadre:<br>\r\n&nbsp;<br>\r\n&nbsp;&nbsp;mi cima . . .<br>\r\nPoes\u00eda<br>\r\n\u2013 fervor \u2013,<br>\r\n\u00a1no me abandones!<\/p>\r\n\r\n<h3 class=\"half-centered-title\">CXXXIV<\/h3>\r\n<p class=\"half-centered\">&nbsp;&nbsp;&nbsp;\u00bfVibrar<br>\r\npara negar?<\/p>\r\n\r\n<p class=\"half-centered\">&nbsp;&nbsp;&nbsp;Como tu inexistencia tiritona,<br>\r\nmis devotas<br>\r\nescobas.<\/p>\r\n\r\n<p class=\"half-centered\">&nbsp;&nbsp;&nbsp;Sin deseo, deseas.<br>\r\n\u00cdtem, ellas.<\/p>\r\n\r\n<h3 class=\"half-centered-title\">CXXXV<\/h3>\r\n<p class=\"half-centered\">&nbsp;&nbsp;&nbsp;Rozarte, roturarte,<br>\r\npero nunca sembrarte,<br>\r\npues mis semillas: sangre.<\/p>\r\n\r\n<h3 class=\"half-centered-title\">CXXXIX<\/h3>\r\n<p class=\"half-centered\">&nbsp;&nbsp;&nbsp;Jaranero terror.<br>\r\nCochitril:<br>\r\nrenacer.<\/p>\r\n\r\n<p class=\"half-centered\">&nbsp;&nbsp;&nbsp;Todo el <em>s\u00ed<\/em> para el <em>no<\/em>.<br>\r\nTodo el <em>no<\/em> para el <em>s\u00ed<\/em>.<\/p>\r\n\r\n<p class=\"half-centered\">&nbsp;&nbsp;&nbsp;Ambos<br>\r\n&mdash; \u00a1ambos!&mdash;<br>\r\n\u00bfpara qu\u00e9?<\/p>\r\n\r\n<p class=\"half-centered\">&nbsp;&nbsp;&nbsp;Hiel<br>\r\ntras hiel.<\/p>\r\n","protected":false},"excerpt":{"rendered":"T\u00edlimtil\u00edn Libro: 212 p\u00e1ginas Editor: LOM Ediciones (2021) Lengua: Espa\u00f1ol ISBN: 978-956-00-1471-9 \u00a0 T\u00edlimtil\u00edn, el nuevo libro de David Rosenmann-Taub, es una obra en la que trabaj\u00f3 durante d\u00e9cadas. Los ciento setenta y cinco poemas est\u00e1n distribuidos en dos secciones: T\u00edlim: salmos: oc\u00e9ano de fantas\u00edas. Y obvio desenga\u00f1o. El poder de la fantas\u00eda contra la [&hellip;]","protected":false},"author":2,"featured_media":0,"parent":95,"menu_order":8,"comment_status":"closed","ping_status":"closed","template":"","meta":{"nf_dc_page":"","_monsterinsights_skip_tracking":false,"_monsterinsights_sitenote_active":false,"_monsterinsights_sitenote_note":"","_monsterinsights_sitenote_category":0,"footnotes":""},"class_list":["post-5077","page","type-page","status-publish","hentry"],"aioseo_notices":[],"_links":{"self":[{"href":"https:\/\/davidrosenmann-taub.com\/es\/wp-json\/wp\/v2\/pages\/5077","targetHints":{"allow":["GET"]}}],"collection":[{"href":"https:\/\/davidrosenmann-taub.com\/es\/wp-json\/wp\/v2\/pages"}],"about":[{"href":"https:\/\/davidrosenmann-taub.com\/es\/wp-json\/wp\/v2\/types\/page"}],"author":[{"embeddable":true,"href":"https:\/\/davidrosenmann-taub.com\/es\/wp-json\/wp\/v2\/users\/2"}],"replies":[{"embeddable":true,"href":"https:\/\/davidrosenmann-taub.com\/es\/wp-json\/wp\/v2\/comments?post=5077"}],"version-history":[{"count":5,"href":"https:\/\/davidrosenmann-taub.com\/es\/wp-json\/wp\/v2\/pages\/5077\/revisions"}],"predecessor-version":[{"id":5393,"href":"https:\/\/davidrosenmann-taub.com\/es\/wp-json\/wp\/v2\/pages\/5077\/revisions\/5393"}],"up":[{"embeddable":true,"href":"https:\/\/davidrosenmann-taub.com\/es\/wp-json\/wp\/v2\/pages\/95"}],"wp:attachment":[{"href":"https:\/\/davidrosenmann-taub.com\/es\/wp-json\/wp\/v2\/media?parent=5077"}],"curies":[{"name":"wp","href":"https:\/\/api.w.org\/{rel}","templated":true}]}}