{"id":542,"date":"2015-02-16T00:37:00","date_gmt":"2015-02-16T08:37:00","guid":{"rendered":"http:\/\/dff-monolith.com\/?page_id=542"},"modified":"2023-10-12T16:17:25","modified_gmt":"2023-10-12T23:17:25","slug":"examples","status":"publish","type":"page","link":"https:\/\/davidrosenmann-taub.com\/es\/examples\/","title":{"rendered":"Obras Escogidas de David Rosenmann-Taub"},"content":{"rendered":"<h1 style=\"text-align: center;\">Obras Escogidas de David Rosenmann-Taub<\/h1>\r\n<div style=\"text-align: center;\">\r\n<p>Los archivos de audio, cuando est\u00e1n presentes, reproducen al autor leyendo el poema seleccionado.<\/p>\r\n<div class=\"poembox\">\r\n<h2>Tr\u00e9bol de Nueve (2016)<\/h2>\r\n<div class=\"poembox-contents\">\r\n<img decoding=\"async\" src=\"\/images\/books-2015\/Trebol-de-Nueve-160.jpg\" alt=\"Tr\u00e9bol de Nueve\" \/>\r\n<ul>\r\n\t<li><a href=\"\/es\/examples\/con-el\/\" class=\"nounder\">CON \u00c9L<\/a><\/li>\r\n<\/ul>\r\n<\/div>\r\n<\/div>\r\n\r\n<div class=\"poembox\">\r\n<h2>O\u00f3,o (2015)<\/h2>\r\n<div class=\"poembox-contents\">\r\n<img decoding=\"async\" src=\"\/images\/books-2015\/Ooo-160.jpg\" alt=\"O\u00f3,o\" \/>\r\n<ul>\r\n\t<li><a href=\"\/es\/examples\/ooo-ooo\/\" class=\"nounder\">O\u00f3,o<\/a><\/li>\r\n\t<li><a href=\"\/es\/examples\/ooo-xviii\/\" class=\"nounder\">XVIII<\/a><\/li>\r\n\t<li><a href=\"\/es\/examples\/himno\/\" class=\"nounder\">HIMNO<\/a><\/li>\r\n<\/ul>\r\n<\/div>\r\n<\/div>\r\n\r\n<div class=\"poembox\">\r\n<h2>La Noche Antes (2013)<\/h2>\r\n<div class=\"poembox-contents\">\r\n<img decoding=\"async\" src=\"\/images\/books-2015\/La-Noche-Antes-160.jpg\" alt=\"La Noche Antes\" \/>\r\n<ul>\r\n\t<li><a href=\"\/es\/examples\/la-noche-antes-carrusel\/\" class=\"nounder\">CXXV<\/a><\/li>\r\n\t<li><a href=\"\/es\/examples\/la-noche-antes-el-carruaje\/\" class=\"nounder\">CLXXVII<\/a><\/li>\r\n<\/ul>\r\n<\/div>\r\n<\/div>\r\n\r\n<div class=\"poembox\">\r\n<h2>El Z\u00f3calo (2013)<\/h2>\r\n<div class=\"poembox-contents\">\r\n<img decoding=\"async\" src=\"\/images\/books-2015\/El-Zocalo-160.jpg\" alt=\"El Z\u00f3calo\" \/>\r\n<ul>\r\n\t<li><a href=\"\/es\/examples\/el-zocalo-el-gato\/\" class=\"nounder\">X \u00b7 El gato coge a una mariposa<\/a><\/li>\r\n\t<li><a href=\"\/es\/examples\/el-zocalo-cancion-de-cuna\/\" class=\"nounder\">XI \u00b7 Canci\u00f3n de cuna<\/a><\/li>\r\n\t<li><a href=\"\/es\/examples\/el-zocalo-genetrix\/\" class=\"nounder\">XVII \u00b7 Genetrix<\/a><\/li>\r\n\t<li><a href=\"\/es\/examples\/el-zocalo-dios-se-cambia\/\" class=\"nounder\">XXVII \u00b7 <em>Dios se cambia de casa...<\/em><\/a><\/li>\r\n\t<li><a href=\"\/es\/examples\/el-zocalo-que-no-enturbie\/\" class=\"nounder\">LXV \u00b7 <em>Que no enturbie tus veredas...<\/em><\/a><\/li>\r\n\t<li><a href=\"\/es\/examples\/el-zocalo-puma-de-luz\/\" class=\"nounder\">LXVI \u00b7 <em>Puma de luz...<\/em><\/a><\/li>\r\n<\/ul>\r\n<\/div>\r\n<\/div>\r\n\r\n<div class=\"poembox\">\r\n<h2>La Opci\u00f3n (2011)<\/h2>\r\n<div class=\"poembox-contents\">\r\n<img decoding=\"async\" src=\"\/images\/books-2015\/La-Opcion-160.jpg\" alt=\"La Opci\u00f3n\" \/>\r\n<ul>\r\n\t<li><a href=\"\/es\/examples\/la-opcion-sepulcro\/\" class=\"nounder\">SEPULCRO<\/a><\/li>\r\n<\/ul>\r\n<\/div>\r\n<\/div>\r\n\r\n<div class=\"poembox\">\r\n<h2>Me Incit\u00f3 el Espejo (2010)<\/h2>\r\n<div class=\"poembox-contents\">\r\n<img decoding=\"async\" src=\"\/images\/books-2015\/Me-incito-160.jpg\" alt=\"Me Incit\u00f3 el Espejo\" \/>\r\n<ul>\r\n\t<li><a href=\"\/es\/examples\/me-incito-el-espejo-lo-indiscutible\/\" class=\"nounder\">LO INDISCUTIBLE<\/a><\/li>\r\n<\/ul>\r\n<\/div>\r\n<\/div>\r\n\r\n<div class=\"poembox\">\r\n<h2>Auge (2007)<\/h2>\r\n<div class=\"poembox-contents\">\r\n<img decoding=\"async\" src=\"\/images\/books-2015\/Auge-160.jpg\" alt=\"Auge\" \/>\r\n<ul>\r\n\t<li><a href=\"\/es\/examples\/auge-auge\/\" class=\"nounder\">I <span class=\"small-notice\">AUDIO<\/span><\/a><\/li>\r\n\t<li><a href=\"\/es\/examples\/auge-nicho\/\" class=\"nounder\">NICHO <span class=\"small-notice\">AUDIO<\/span><\/a><\/li>\r\n\t<li><a href=\"\/es\/examples\/auge-paris-guadalajara\/\" class=\"nounder\">XXXI<\/a><\/li>\r\n<\/ul>\r\n<\/div>\r\n<\/div>\r\n\r\n<div class=\"poembox\">\r\n<h2>Poesiectom\u00eda (2005)<\/h2>\r\n<div class=\"poembox-contents\">\r\n<img decoding=\"async\" src=\"\/images\/books-2015\/Poesiectomia-160.jpg\" alt=\"Poesiectomia\" \/>\r\n<ul>\r\n\t<li><a href=\"\/es\/examples\/poesiectomia-xviii\/\" class=\"nounder\">XVIII <span class=\"small-notice\">AUDIO<\/span><\/a><\/li>\r\n<\/ul>\r\n<\/div>\r\n<\/div>\r\n\r\n<div class=\"poembox\">\r\n<h2>Pa\u00eds M\u00e1s All\u00e1 (2004)<\/h2>\r\n<div class=\"poembox-contents\">\r\n<img decoding=\"async\" src=\"\/images\/books-2015\/Pais-mas-alla-160.jpg\" alt=\"Pa\u00eds M\u00e1s All\u00e1\" \/>\r\n<ul>\r\n\t<li><a href=\"\/es\/examples\/pais-xiii\/\" class=\"nounder\">XIII <span class=\"small-notice\">AUDIO<\/span><\/a><\/li>\r\n<\/ul>\r\n<\/div>\r\n<\/div>\r\n\r\n<div class=\"poembox\">\r\n<h2>El Mensajero (2003)<\/h2>\r\n<div class=\"poembox-contents\">\r\n<img decoding=\"async\" src=\"\/images\/books-2015\/El-Mensajero-160.jpg\" alt=\"El Mensajero\" \/>\r\n<ul>\r\n\t<li><a href=\"\/es\/examples\/el-mensajero-iv-conjuro\/\" class=\"nounder\">IV \u00b7 CONJURO<\/a><\/li>\r\n\t<li><a href=\"\/es\/examples\/el-mensajero-v-javele\/\" class=\"nounder\">V \u00b7 J\u00c1VELE<\/a><\/li>\r\n\t<li><a href=\"\/es\/examples\/el-mensajero-ficcion\/\" class=\"nounder\">XI \u00b7 FICCI\u00d3N<\/a><\/li>\r\n\t<li><a href=\"\/es\/examples\/el-mensajero-lxiii\/\" class=\"nounder\">LXIII \u00b7 <em>C\u00f3mo me gustar\u00eda ser esa oscura ci\u00e9naga<\/em> <span class=\"small-notice\">AUDIO<\/span><\/a><\/li>\r\n\t<li><a href=\"\/es\/examples\/el-mensajero-lxxx-carezzevole\/\" class=\"nounder\">LXXX \u00b7 CAREZZEVOLE<\/a><\/li>\r\n<\/ul>\r\n<\/div>\r\n<\/div>\r\n\r\n<div class=\"poembox\">\r\n<h2>Cortejo y Epinicio (2002)<\/h2>\r\n<div class=\"poembox-contents\">\r\n<img decoding=\"async\" src=\"\/images\/books-2015\/Cortejo2-160.jpg\" alt=\"Cortejo y Epinicio\" \/>\r\n<ul>\r\n\t<li><a href=\"\/es\/examples\/cortejo-lxii-schabat\/\" class=\"nounder\">LXII SCHABAT <span class=\"small-notice\">AUDIO<\/span><\/a><\/li>\r\n\t<li><a href=\"\/es\/examples\/cortejo-preludio\/\" class=\"nounder\">PRELUDIO<\/a><\/li>\r\n\t<li><a href=\"\/es\/examples\/cortejo-lvii\/\" class=\"nounder\">LVII<\/a><\/li>\r\n<\/ul>\r\n<\/div>\r\n<\/div>\r\n\r\n<div class=\"poembox\">\r\n<h2>Al Rey Su Trono (1983)<\/h2>\r\n<div class=\"poembox-contents\">\r\n<img decoding=\"async\" src=\"\/images\/books-2015\/Al-Rey-Su-Trono-160.jpg\" alt=\"Al Rey Su Trono\" \/>\r\n<ul>\r\n\t<li><a href=\"\/es\/examples\/al-rey-su-trono-xv-xviii\/\" class=\"nounder\">XV \u2022 XVIII<\/a><\/li>\r\n<\/ul>\r\n<\/div>\r\n<\/div>\r\n\r\n<div class=\"poembox\">\r\n<h2>Los Despojos del Sol, Ananda Segunda (1978)<\/h2>\r\n<div class=\"poembox-contents\">\r\n<img decoding=\"async\" src=\"\/images\/books-2015\/Los-Despojos-Segunda-160.jpg\" alt=\"Los Despojos del Sol, Ananda Segunda\" \/>\r\n<ul>\r\n\t<li><a href=\"\/es\/examples\/los-despojos-musa\/\" class=\"nounder\">MUSA <span class=\"small-notice\">AUDIO<\/span><\/a><\/li>\r\n\t<li><a href=\"\/es\/examples\/los-despojos-ataraxia\/\" class=\"nounder\">ATARAXIA<\/a><\/li>\r\n<\/ul>\r\n<\/div>\r\n<\/div>\r\n\r\n<div class=\"poembox\">\r\n<h2>Los Despojos del Sol, Ananda Primera (1976)<\/h2>\r\n<div class=\"poembox-contents\">\r\n<img decoding=\"async\" src=\"\/images\/books-2015\/Los-Despojos-Primera-160.jpg\" alt=\"Los Despojos del Sol, Ananda Primera\" \/>\r\n<ul>\r\n\t<li><a href=\"\/es\/examples\/los-despojos-la-vispera\/\" class=\"nounder\">LA V\u00cdSPERA <span class=\"small-notice\">AUDIO<\/span><\/a><\/li>\r\n<\/ul>\r\n<\/div>\r\n<\/div>\r\n\r\n<div class=\"poembox\">\r\n<h2>Cuaderno de Poes\u00eda (1962)<\/h2>\r\n<div class=\"poembox-contents\">\r\n<img decoding=\"async\" src=\"\/images\/books-2015\/Cuaderno-160.jpg\" alt=\"Cuaderno de Poes\u00eda\" \/>\r\n<ul>\r\n\t<li><a href=\"\/es\/examples\/cuaderno-el-raudal\/\" class=\"nounder\">EL RAUDAL<\/a><\/li>\r\n<\/ul>\r\n<\/div>\r\n<\/div>\r\n\r\n<div class=\"poembox\">\r\n<h2>La Enredadera Del J\u00fabilo (1952)<\/h2>\r\n<div class=\"poembox-contents\">\r\n<img decoding=\"async\" src=\"\/images\/books-2015\/La-Enredadera-160.jpg\" alt=\"La Enredadera Del J\u00fabilo\" \/>\r\n<ul>\r\n\t<li><a href=\"\/es\/examples\/la-enredadera-el-dia\/\" class=\"nounder\">EL D\u00cdA<\/a><\/li>\r\n<\/ul>\r\n<\/div>\r\n<\/div>\r\n\r\n<div class=\"poembox\">\r\n<h2>Los Surcos Inundados (1951)<\/h2>\r\n<div class=\"poembox-contents\">\r\n<img decoding=\"async\" src=\"\/images\/books-2015\/Los-Surcos-First-160.jpg\" alt=\"Los Surcos Inundados\" \/>\r\n<ul>\r\n\t<li><a href=\"\/es\/examples\/los-surcos-abismo\/\" class=\"nounder\">ABISMO<\/a><\/li>\r\n<\/ul>\r\n<\/div>\r\n<\/div>\r\n\r\n<\/div>","protected":false},"excerpt":{"rendered":"Obras Escogidas de David Rosenmann-Taub Los archivos de audio, cuando est\u00e1n presentes, reproducen al autor leyendo el poema seleccionado. Tr\u00e9bol de Nueve (2016) CON \u00c9L O\u00f3,o (2015) O\u00f3,o XVIII HIMNO La Noche Antes (2013) CXXV CLXXVII El Z\u00f3calo (2013) X \u00b7 El gato coge a una mariposa XI \u00b7 Canci\u00f3n de cuna XVII \u00b7 Genetrix [&hellip;]","protected":false},"author":1,"featured_media":0,"parent":0,"menu_order":31,"comment_status":"closed","ping_status":"open","template":"","meta":{"nf_dc_page":"","_monsterinsights_skip_tracking":false,"_monsterinsights_sitenote_active":false,"_monsterinsights_sitenote_note":"","_monsterinsights_sitenote_category":0,"footnotes":""},"class_list":["post-542","page","type-page","status-publish","hentry"],"aioseo_notices":[],"_links":{"self":[{"href":"https:\/\/davidrosenmann-taub.com\/es\/wp-json\/wp\/v2\/pages\/542","targetHints":{"allow":["GET"]}}],"collection":[{"href":"https:\/\/davidrosenmann-taub.com\/es\/wp-json\/wp\/v2\/pages"}],"about":[{"href":"https:\/\/davidrosenmann-taub.com\/es\/wp-json\/wp\/v2\/types\/page"}],"author":[{"embeddable":true,"href":"https:\/\/davidrosenmann-taub.com\/es\/wp-json\/wp\/v2\/users\/1"}],"replies":[{"embeddable":true,"href":"https:\/\/davidrosenmann-taub.com\/es\/wp-json\/wp\/v2\/comments?post=542"}],"version-history":[{"count":10,"href":"https:\/\/davidrosenmann-taub.com\/es\/wp-json\/wp\/v2\/pages\/542\/revisions"}],"predecessor-version":[{"id":5738,"href":"https:\/\/davidrosenmann-taub.com\/es\/wp-json\/wp\/v2\/pages\/542\/revisions\/5738"}],"wp:attachment":[{"href":"https:\/\/davidrosenmann-taub.com\/es\/wp-json\/wp\/v2\/media?parent=542"}],"curies":[{"name":"wp","href":"https:\/\/api.w.org\/{rel}","templated":true}]}}