{"id":5945,"date":"2025-03-14T20:24:13","date_gmt":"2025-03-15T03:24:13","guid":{"rendered":"https:\/\/davidrosenmann-taub.com\/?page_id=5945"},"modified":"2026-01-09T17:20:01","modified_gmt":"2026-01-10T01:20:01","slug":"drawings","status":"publish","type":"page","link":"https:\/\/davidrosenmann-taub.com\/es\/drawings\/","title":{"rendered":"LOS DIBUJOS DE DAVID ROSENMANN-TAUB"},"content":{"rendered":"<h2>LOS DIBUJOS DE DAVID ROSENMANN-TAUB<\/h2>\r\n\r\n<p style=\"text-align:left;\"><figure class=\"boxquote\"><a href=\"\/images\/drawings\/DRT-studio-1000.jpg\" class=\"nounder highslide\" onclick=\"return hs.expand(this)\" rel=\"highslide\"><img decoding=\"async\" src=\"\/images\/drawings\/DRT-studio-240.jpg\" alt=\"David Rosenmann-Taub drawing in his studio\" title=\"David Rosenmann-Taub drawing in his studio\" \/><\/a><figcaption>&ldquo;En mi cabeza no hay separaci\u00f3n entre la actividad musical, la actividad po\u00e9tica y el dibujo. (\u2026) \u00a0es como si escribiera en castellano, en dibujo, en m\u00fasica. Jugando con los t\u00e9rminos: dibujo con palabras o escribo con dibujos: cada obra tiene su ley: uso el medio que se ajusta m\u00e1s a su expresi\u00f3n&rdquo;. <br><a href=\"https:\/\/davidrosenmann-taub.com\/es\/interviews\/interview06-3d-poet\/\" target=\"_blank\" rel=\"noopener\">[David Rosenmann-Taub: entrevista por Beatriz Berger, <em>Poeta en tres dimensiones<\/em>, Universidad de Chile, 2005]<\/a><\/figcaption><\/figure><\/p><p>Al igual que en su poes\u00eda y m\u00fasica, David Rosenmann-Taub penetra en lo esencial en sus dibujos. Limit\u00e1ndose al rigor del blanco y negro, logra sus efectos con medios m\u00ednimos: pluma y tinta, tiza, carboncillo, pastel. Si bien en un primer vistazo su estilo puede parecer realista, un examen m\u00e1s detenido revela que trasciende la realidad superficial.<\/p>\r\n<p>Sus dibujos adoptan muchas formas din\u00e1micas, pero la mayor\u00eda se centra en la fisonom\u00eda: una vasta y variada galer\u00eda de retratos. En cada uno, Rosenmann-Taub captura no solo un momento biogr\u00e1fico, sino toda la situaci\u00f3n inherente a la existencia del individuo. Se sondean los enigmas de estas vidas: sentimientos \u00edntimos, contradicciones sin resolver, compromisos dudosos, errores irreparables. Estos seres, despojados de toda m\u00e1scara, dejan al descubierto el drama humano.<\/p><p style=\"font-size:110%;\"><a href=\"\/es\/drawings-essay\/\"  class=\"reflink\">[Leer m\u00e1s sobre los dibujos de David Rosenmann-Taub.]<\/a><\/p>\r\n\r\n<h2>Reflexiones del artista<\/h2>\r\n<div class=\"thumbs-grid\">    \r\n    <div class=\"thumb2\"><img decoding=\"async\" src=\"\/images\/drawings\/DRT-on-Jornadas-480.jpg\" class=\"select-video grayout\" data-video=\"Jornadas\" alt=\"Jornadas\" title=\"Jornadas\">\r\n    <p class=\"caption\">Jornadas<\/p><\/div>\r\n    <div class=\"thumb2\"><img decoding=\"async\" src=\"\/images\/drawings\/DRT-on-Noche-480.jpg\" class=\"select-video grayout\" data-video=\"Noche\" alt=\"La Noche Antes\" title=\"La Noche Antes\">\r\n    <p class=\"caption\">La Noche Antes<\/p><\/div>\r\n    <div class=\"thumb2\"><img decoding=\"async\" src=\"\/images\/drawings\/DRT-on-Sangre-480.jpg\" class=\"select-video grayout\" data-video=\"Sangre\" alt=\"En un lugar de la Sangre\" title=\"En un lugar de la Sangre\">\r\n    <p class=\"caption\">En un lugar de la Sangre<\/p><\/div>\r\n    <div class=\"thumb2\"><img decoding=\"async\" src=\"\/images\/drawings\/DRT-on-Trebol-480.jpg\" class=\"select-video grayout\" data-video=\"Trebol\" alt=\"Tr\u00e9bol de Nueve (Nine-leaf Clover)\" title=\"Tr\u00e9bol de Nueve\">\r\n    <p class=\"caption\">Tr\u00e9bol de Nueve<\/p><\/div>\r\n <\/div>\r\n\r\n<h2>LOS DIBUJOS<\/h2>\r\n<div class=\"image-wrapper\">\r\n<div class=\"image-container\">\r\n  <a href=\"\/es\/drawings\/autoaccusation\/\" class=\"nounder\">\r\n    <figure>\r\n      <img decoding=\"async\" src=\"\/images\/drawings\/Autoacusacion-h120.jpg\" alt=\"AUTOACUSACI\u00d3N\">\r\n      <figcaption>AUTOACUSACI\u00d3N<\/figcaption>\r\n    <\/figure>\r\n  <\/a>\r\n<\/div>\r\n\r\n<div class=\"image-container\">\r\n  <a href=\"\/es\/drawings\/despues-el-viento\/\">\r\n    <figure>\r\n      <img decoding=\"async\" src=\"\/images\/drawings\/Despues-El-Viento-h120.jpg\" alt=\"DESPU\u00c9S, EL VIENTO\">\r\n      <figcaption>DESPU\u00c9S, EL VIENTO<\/figcaption>\r\n    <\/figure>\r\n  <\/a>\r\n<\/div>\r\n  \r\n<div class=\"image-container\">\r\n  <a href=\"\/es\/drawings\/el-mensajero\/\">\r\n    <figure>\r\n      <img decoding=\"async\" src=\"\/images\/drawings\/Mensajero-h120.jpg\" alt=\"EL MENSAJERO\">\r\n      <figcaption>EL MENSAJERO<\/figcaption>\r\n    <\/figure>\r\n  <\/a>\r\n<\/div>\r\n  \r\n<div class=\"image-container\">\r\n  <a href=\"\/es\/drawings\/en-el-secador\/\">\r\n    <figure>\r\n      <img decoding=\"async\" src=\"\/images\/drawings\/En-el-secador-h120.jpg\" alt=\"EN EL SECADOR\">\r\n      <figcaption>EN EL SECADOR<\/figcaption>\r\n    <\/figure>\r\n  <\/a>\r\n<\/div>\r\n  \r\n<div class=\"image-container\">\r\n  <a href=\"\/es\/drawings\/en-un-lugar-de-la-sangre\/\">\r\n    <figure>\r\n      <img decoding=\"async\" src=\"\/images\/drawings\/En-un-lugar-h120.jpg\" alt=\"EN UN LUGAR DE SANGRE\">\r\n      <figcaption>EN UN LUGAR DE SANGRE<\/figcaption>\r\n    <\/figure>\r\n  <\/a>\r\n<\/div>\r\n  \r\n<div class=\"image-container\">\r\n  <a href=\"\/es\/drawings\/hacia-donde\/\">\r\n    <figure>\r\n      <img decoding=\"async\" src=\"\/images\/drawings\/Hacia-Donde-h120.jpg\" alt=\"\u00a1HACIA D\u00d3NDE!\">\r\n      <figcaption>\u00a1HACIA D\u00d3NDE!<\/figcaption>\r\n    <\/figure>\r\n  <\/a>\r\n<\/div>\r\n  \r\n<div class=\"image-container\">\r\n  <a href=\"\/es\/drawings\/juez-del-juez\/\">\r\n    <figure>\r\n      <img decoding=\"async\" src=\"\/images\/drawings\/Juez-del-Juez-h120.jpg\" alt=\"JUEZ DEL JUEZ\">\r\n      <figcaption>JUEZ DEL JUEZ<\/figcaption>\r\n    <\/figure>\r\n  <\/a>\r\n<\/div>\r\n  \r\n<div class=\"image-container\">\r\n  <a href=\"\/es\/drawings\/la-noche-antes\/\">\r\n    <figure>\r\n      <img decoding=\"async\" src=\"\/images\/drawings\/La-noche-antes-h120.jpg\" alt=\"LA NOCHE ANTES\">\r\n      <figcaption>LA NOCHE ANTES<\/figcaption>\r\n    <\/figure>\r\n  <\/a>\r\n<\/div>\r\n  \r\n<div class=\"image-container\">\r\n  <a href=\"\/es\/drawings\/la-nube-conciente\/\">\r\n    <figure>\r\n      <img decoding=\"async\" src=\"\/images\/drawings\/La-Nube-Conciente-h120.jpg\" alt=\"LA NUBE CONCIENTE\">\r\n      <figcaption>LA NUBE CONCIENTE<\/figcaption>\r\n    <\/figure>\r\n  <\/a>\r\n<\/div>\r\n  \r\n<div class=\"image-container\">\r\n  <a href=\"\/es\/drawings\/la-opcion\/\">\r\n    <figure>\r\n      <img decoding=\"async\" src=\"\/images\/drawings\/La-Opcion-h120.jpg\" alt=\"LA OPCI\u00d3N\">\r\n      <figcaption>LA OPCI\u00d3N<\/figcaption>\r\n    <\/figure>\r\n  <\/a>\r\n<\/div>\r\n  \r\n<div class=\"image-container\">\r\n  <a href=\"\/es\/drawings\/la-sorpresa-de-existir\/\">\r\n    <figure>\r\n      <img decoding=\"async\" src=\"\/images\/drawings\/La-Sorpresa-h120.jpg\" alt=\"LA SORPRESA DE EXISTIR\">\r\n      <figcaption>LA SORPRESA DE EXISTIR<\/figcaption>\r\n    <\/figure>\r\n  <\/a>\r\n<\/div>\r\n  \r\n<div class=\"image-container\">\r\n  <a href=\"\/es\/drawings\/los-surcos-inundados\/\">\r\n    <figure>\r\n      <img decoding=\"async\" src=\"\/images\/drawings\/Los-Surcos-Inundados-h120.jpg\" alt=\"LOS SURCOS INUNDADOS\">\r\n      <figcaption>LOS SURCOS INUNDADOS<\/figcaption>\r\n    <\/figure>\r\n  <\/a>\r\n<\/div>\r\n  \r\n<div class=\"image-container\">\r\n  <a href=\"\/es\/drawings\/mirar-para-no-ver\/\">\r\n    <figure>\r\n      <img decoding=\"async\" src=\"\/images\/drawings\/Mirar-h120.jpg\" alt=\"MIRAR PARA NO VER\">\r\n      <figcaption>MIRAR PARA NO VER<\/figcaption>\r\n    <\/figure>\r\n  <\/a>\r\n<\/div>\r\n  \r\n<div class=\"image-container\">\r\n  <a href=\"\/es\/drawings\/poesiectomia\/\">\r\n    <figure>\r\n      <img decoding=\"async\" src=\"\/images\/drawings\/Poesiectomia-h120.jpg\" alt=\"POESIECTOM\u00cdA\">\r\n      <figcaption>POESIECTOM\u00cdA<\/figcaption>\r\n    <\/figure>\r\n  <\/a>\r\n<\/div>\r\n  \r\n<div class=\"image-container\">\r\n  <a href=\"\/es\/drawings\/rapsodia\/\">\r\n    <figure>\r\n      <img decoding=\"async\" src=\"\/images\/drawings\/Rapsodia-h120.jpg\" alt=\"RAPSODIA\">\r\n      <figcaption>RAPSODIA<\/figcaption>\r\n    <\/figure>\r\n  <\/a>\r\n<\/div>\r\n  \r\n<div class=\"image-container\">\r\n  <a href=\"\/es\/drawings\/tratando-de-estar-con-el\/\">\r\n    <figure>\r\n      <img decoding=\"async\" src=\"\/images\/drawings\/Tratando-de-Estar-h120.jpg\" alt=\"TRATANDO DE ESTAR CON \u00c9L\">\r\n      <figcaption>TRATANDO DE ESTAR CON \u00c9L<\/figcaption>\r\n    <\/figure>\r\n  <\/a>\r\n<\/div>\r\n  \r\n<div class=\"image-container\">\r\n  <a href=\"\/es\/drawings\/vivir\/\">\r\n    <figure>\r\n      <img decoding=\"async\" src=\"\/images\/drawings\/Vivir-h120.jpg\" alt=\"VIVIR\">\r\n      <figcaption>VIVIR<\/figcaption>\r\n    <\/figure>\r\n  <\/a>\r\n<\/div>\r\n  \r\n<div class=\"image-container\">\r\n  <a href=\"\/es\/drawings\/yo\/\">\r\n    <figure>\r\n      <img decoding=\"async\" src=\"\/images\/drawings\/Yo-h120.jpg\" alt=\"YO\">\r\n      <figcaption>YO<\/figcaption>\r\n    <\/figure>\r\n  <\/a>\r\n<\/div>\r\n\r\n<\/div>\r\n","protected":false},"excerpt":{"rendered":"LOS DIBUJOS DE DAVID ROSENMANN-TAUB &ldquo;En mi cabeza no hay separaci\u00f3n entre la actividad musical, la actividad po\u00e9tica y el dibujo. (\u2026) \u00a0es como si escribiera en castellano, en dibujo, en m\u00fasica. Jugando con los t\u00e9rminos: dibujo con palabras o escribo con dibujos: cada obra tiene su ley: uso el medio que se ajusta m\u00e1s [&hellip;]","protected":false},"author":2,"featured_media":0,"parent":0,"menu_order":39,"comment_status":"closed","ping_status":"closed","template":"","meta":{"nf_dc_page":"","_monsterinsights_skip_tracking":true,"_monsterinsights_sitenote_active":false,"_monsterinsights_sitenote_note":"","_monsterinsights_sitenote_category":0,"footnotes":""},"class_list":["post-5945","page","type-page","status-publish","hentry"],"aioseo_notices":[],"_links":{"self":[{"href":"https:\/\/davidrosenmann-taub.com\/es\/wp-json\/wp\/v2\/pages\/5945","targetHints":{"allow":["GET"]}}],"collection":[{"href":"https:\/\/davidrosenmann-taub.com\/es\/wp-json\/wp\/v2\/pages"}],"about":[{"href":"https:\/\/davidrosenmann-taub.com\/es\/wp-json\/wp\/v2\/types\/page"}],"author":[{"embeddable":true,"href":"https:\/\/davidrosenmann-taub.com\/es\/wp-json\/wp\/v2\/users\/2"}],"replies":[{"embeddable":true,"href":"https:\/\/davidrosenmann-taub.com\/es\/wp-json\/wp\/v2\/comments?post=5945"}],"version-history":[{"count":7,"href":"https:\/\/davidrosenmann-taub.com\/es\/wp-json\/wp\/v2\/pages\/5945\/revisions"}],"predecessor-version":[{"id":6663,"href":"https:\/\/davidrosenmann-taub.com\/es\/wp-json\/wp\/v2\/pages\/5945\/revisions\/6663"}],"wp:attachment":[{"href":"https:\/\/davidrosenmann-taub.com\/es\/wp-json\/wp\/v2\/media?parent=5945"}],"curies":[{"name":"wp","href":"https:\/\/api.w.org\/{rel}","templated":true}]}}