{"id":5954,"date":"2025-03-20T14:48:26","date_gmt":"2025-03-20T21:48:26","guid":{"rendered":"https:\/\/davidrosenmann-taub.com\/?page_id=5954"},"modified":"2025-10-31T17:37:14","modified_gmt":"2025-11-01T00:37:14","slug":"autoaccusation","status":"publish","type":"page","link":"https:\/\/davidrosenmann-taub.com\/es\/drawings\/autoaccusation\/","title":{"rendered":"AUTOACUSACI&Oacute;N"},"content":{"rendered":"<p class=\"imagebox\">\r\n<a href=\"\/images\/drawings\/Autoacusacion-w1000.jpg\" class=\"nounder highslide\" onclick=\"return hs.expand(this)\" rel=\"highslide\"><img decoding=\"async\" src=\"\/images\/drawings\/Autoacusacion-w480.jpg\" alt=\"AUTOACUSACI&Oacute;N\" \/><\/a>\r\n<\/p>\r\n<p class=\"imagebox\">&nbsp;<\/p>\r\n<h2>AUTOACUSACI&Oacute;N<\/h2>\r\n<h4>1964. L\u00e1piz en papel. 33x22 cm.<\/h4>\r\n\r\n<p>Nunca pens\u00f3 en enfermedades o muerte; era demasiado joven para tales preocupaciones. No se dio cuenta de que, debido a su desordenada vida, arruinaba su salud. \u00bfLograr\u00e1 alguna vez recuperarse? Si realiza cambios dr\u00e1sticos, talvez tendr\u00e1 posibilidad de sobrevivir \u2013 aunque sus esfuerzos puede que no sean suficientes \u2013. Ha ignorado por muchos a\u00f1os que ella, como todos, debe someterse a la progresiva erosi\u00f3n de su f\u00edsico.<\/p>\r\n<p>La escler\u00f3tica de sus ojos est\u00e1 oscura: se siente enferma, sin dormir durante d\u00edas, ansiosa y con remordimiento. Al da\u00f1o f\u00edsico que produjo, le agrega un desesperado sentido de autoacusaci\u00f3n, por no haber sido consciente a tiempo ni tomado medidas protectoras. El horror ante descubrir que puede encontrarse en una senda peligrosa le da la expresi\u00f3n de un animal atrapado.<\/p>\r\n<p>La textura de su vestimenta es prominente \u2013 una compleja profusi\u00f3n de trazos a l\u00e1piz \u2013, con varias capas de tela, porque pasa con fr\u00edo. Atrasada, procura cuidar de su cuerpo con una armadura de ropa e intentando imponerse un aire de elegancia.<\/p>\r\n<p>No hay arrugas que perturben su tez suave, todav\u00eda juvenil, pero se ve extremadamente p\u00e1lida. Por contraste, su boca resulta intensa. \u00bfSe mordi\u00f3 los labios al punto de sangrar? \u00bfO se los pint\u00f3 para remedar salud?<\/p>\r\n<p>Puesto que s\u00f3lo un hombro est\u00e1 representado, el dibujo podr\u00eda sugerir la impresi\u00f3n de que ella se apoya sobre la derecha. Sin embargo, la masa de su cenicienta cara y la del espacio vac\u00edo a la izquierda crean el necesario contrapeso, y as\u00ed, la aparente desbalanceada composici\u00f3n permanece en impecable equilibrio.<\/p> \r\n","protected":false},"excerpt":{"rendered":"&nbsp; AUTOACUSACI&Oacute;N 1964. L\u00e1piz en papel. 33&#215;22 cm. Nunca pens\u00f3 en enfermedades o muerte; era demasiado joven para tales preocupaciones. No se dio cuenta de que, debido a su desordenada vida, arruinaba su salud. \u00bfLograr\u00e1 alguna vez recuperarse? Si realiza cambios dr\u00e1sticos, talvez tendr\u00e1 posibilidad de sobrevivir \u2013 aunque sus esfuerzos puede que no sean [&hellip;]","protected":false},"author":2,"featured_media":0,"parent":5945,"menu_order":1,"comment_status":"closed","ping_status":"closed","template":"","meta":{"nf_dc_page":"","_monsterinsights_skip_tracking":false,"_monsterinsights_sitenote_active":false,"_monsterinsights_sitenote_note":"","_monsterinsights_sitenote_category":0,"footnotes":""},"class_list":["post-5954","page","type-page","status-publish","hentry"],"aioseo_notices":[],"_links":{"self":[{"href":"https:\/\/davidrosenmann-taub.com\/es\/wp-json\/wp\/v2\/pages\/5954","targetHints":{"allow":["GET"]}}],"collection":[{"href":"https:\/\/davidrosenmann-taub.com\/es\/wp-json\/wp\/v2\/pages"}],"about":[{"href":"https:\/\/davidrosenmann-taub.com\/es\/wp-json\/wp\/v2\/types\/page"}],"author":[{"embeddable":true,"href":"https:\/\/davidrosenmann-taub.com\/es\/wp-json\/wp\/v2\/users\/2"}],"replies":[{"embeddable":true,"href":"https:\/\/davidrosenmann-taub.com\/es\/wp-json\/wp\/v2\/comments?post=5954"}],"version-history":[{"count":1,"href":"https:\/\/davidrosenmann-taub.com\/es\/wp-json\/wp\/v2\/pages\/5954\/revisions"}],"predecessor-version":[{"id":5955,"href":"https:\/\/davidrosenmann-taub.com\/es\/wp-json\/wp\/v2\/pages\/5954\/revisions\/5955"}],"up":[{"embeddable":true,"href":"https:\/\/davidrosenmann-taub.com\/es\/wp-json\/wp\/v2\/pages\/5945"}],"wp:attachment":[{"href":"https:\/\/davidrosenmann-taub.com\/es\/wp-json\/wp\/v2\/media?parent=5954"}],"curies":[{"name":"wp","href":"https:\/\/api.w.org\/{rel}","templated":true}]}}