{"id":5958,"date":"2025-03-20T15:18:25","date_gmt":"2025-03-20T22:18:25","guid":{"rendered":"https:\/\/davidrosenmann-taub.com\/?page_id=5958"},"modified":"2025-10-31T17:35:46","modified_gmt":"2025-11-01T00:35:46","slug":"despues-el-viento","status":"publish","type":"page","link":"https:\/\/davidrosenmann-taub.com\/es\/drawings\/despues-el-viento\/","title":{"rendered":"DESPU&Eacute;S, EL VIENTO"},"content":{"rendered":"<p class=\"imagebox\">\r\n<a href=\"\/images\/drawings\/Despues-El-Viento-w1000.jpg\" class=\"nounder highslide\" onclick=\"return hs.expand(this)\" rel=\"highslide\"><img decoding=\"async\" src=\"\/images\/drawings\/Despues-El-Viento-w480.jpg\" alt=\"DESPU&Eacute;S, EL VIENTO\" \/><\/a>\r\n<\/p>\r\n<p class=\"imagebox\">&nbsp;<\/p>\r\n<h2>DESPU&Eacute;S, EL VIENTO<\/h2>\r\n<h4>1984. L\u00e1piz en papel. 12.5x7.5 cm.<\/h4>\r\n<p class=\"reference\">[El autor seleccion\u00f3 este dibujo para ilustrar la portada de su libro <a href=\"https:\/\/davidrosenmann-taub.com\/es\/books\/el-zocalo\/\"><em>El Z\u00f3calo<\/em><\/a>, primer tomo de la tetralog\u00eda <a href=\"https:\/\/davidrosenmann-taub.com\/es\/books\/cortejo-y-epinicio\/\"><em>Cortejo y Epinicio<\/em><\/a>, donde cada volumen corresponde, entre otros t\u00f3picos, a las cuatro edades del hombre. <em>El Z&oacute;calo<\/em> transcurre durante la infancia y la adolescencia.]<\/p>\r\n<p>La ascendente\/descendente l\u00ednea curva debajo del ment\u00f3n: un mont\u00edculo. \u00bfSe encuentra la persona enterrada? Muerta y viva, dormida y despierta, en el pasado y en el presente, joven y madura, reflexiona profundamente desde un lugar que le permite conseguir una vasta comprensi\u00f3n de la realidad. La l\u00ednea llega hasta su garganta o se inicia all\u00ed: ella absorbe el mundo para poder ser testigo de \u00e9l. El contorno del mont\u00edculo hace eco a una de las alas del p\u00e1jaro y a la forma de la ceja. No hay ojo &ndash; s\u00f3lo esta ceja &ndash; que indica la visi\u00f3n interior, indispensable para entender la realidad exterior. <\/p>\r\n<p>Asimismo, el perfil evoca un paisaje de monta\u00f1a sobre el que planea el ave. La ceja indica el camino que lleva a la cima de la monta\u00f1a: un paisaje exterior e interior.<\/p>\r\n<p>La cara no est\u00e1 unida a nada, se encuentra en el aire, al igual que todos los elementos en el dibujo. <\/p>\r\n<p>La boca est\u00e1 apenas abierta. Este \u00e1ngulo se repite en la forma del p\u00e1jaro, suspendido arriba del perfil. Poes\u00eda: la revelaci\u00f3n del pensamiento al dar vuelo a las palabras. <\/p>\r\n<p>El personaje puede ser femenino o masculino. No pertenece a ning\u00fan pa\u00eds o pertenece a todos. M\u00e1s all\u00e1 de particularidades culturales, la real poes\u00eda va a lo esencial. <\/p>\r\n<p>El orificio nasal discretamente indica la posible presencia de aliento. Tambi\u00e9n hace eco a la forma del p\u00e1jaro en un movimiento hacia este personaje y alej\u00e1ndose de \u00e9l. <\/p>\r\n<p>Variaciones del dise\u00f1o del p\u00e1jaro se encuentran a trav\u00e9s de todo el dibujo, incluso en el amplio \u00e1ngulo que se forma en la frente y la nariz. Esta repetici\u00f3n da importancia al ave: lo peque\u00f1o es grande y lo grande, peque\u00f1o.<\/p>\r\n\r\n<p>Nada es obvio en todas estas correspondencias de formas. Se parecen y no son iguales, para que el dibujo se perciba natural.<\/p>","protected":false},"excerpt":{"rendered":"&nbsp; DESPU&Eacute;S, EL VIENTO 1984. L\u00e1piz en papel. 12.5&#215;7.5 cm. [El autor seleccion\u00f3 este dibujo para ilustrar la portada de su libro El Z\u00f3calo, primer tomo de la tetralog\u00eda Cortejo y Epinicio, donde cada volumen corresponde, entre otros t\u00f3picos, a las cuatro edades del hombre. El Z&oacute;calo transcurre durante la infancia y la adolescencia.] La [&hellip;]","protected":false},"author":2,"featured_media":0,"parent":5945,"menu_order":2,"comment_status":"closed","ping_status":"closed","template":"","meta":{"nf_dc_page":"","_monsterinsights_skip_tracking":false,"_monsterinsights_sitenote_active":false,"_monsterinsights_sitenote_note":"","_monsterinsights_sitenote_category":0,"footnotes":""},"class_list":["post-5958","page","type-page","status-publish","hentry"],"aioseo_notices":[],"_links":{"self":[{"href":"https:\/\/davidrosenmann-taub.com\/es\/wp-json\/wp\/v2\/pages\/5958","targetHints":{"allow":["GET"]}}],"collection":[{"href":"https:\/\/davidrosenmann-taub.com\/es\/wp-json\/wp\/v2\/pages"}],"about":[{"href":"https:\/\/davidrosenmann-taub.com\/es\/wp-json\/wp\/v2\/types\/page"}],"author":[{"embeddable":true,"href":"https:\/\/davidrosenmann-taub.com\/es\/wp-json\/wp\/v2\/users\/2"}],"replies":[{"embeddable":true,"href":"https:\/\/davidrosenmann-taub.com\/es\/wp-json\/wp\/v2\/comments?post=5958"}],"version-history":[{"count":1,"href":"https:\/\/davidrosenmann-taub.com\/es\/wp-json\/wp\/v2\/pages\/5958\/revisions"}],"predecessor-version":[{"id":5959,"href":"https:\/\/davidrosenmann-taub.com\/es\/wp-json\/wp\/v2\/pages\/5958\/revisions\/5959"}],"up":[{"embeddable":true,"href":"https:\/\/davidrosenmann-taub.com\/es\/wp-json\/wp\/v2\/pages\/5945"}],"wp:attachment":[{"href":"https:\/\/davidrosenmann-taub.com\/es\/wp-json\/wp\/v2\/media?parent=5958"}],"curies":[{"name":"wp","href":"https:\/\/api.w.org\/{rel}","templated":true}]}}