{"id":5963,"date":"2025-03-20T15:24:19","date_gmt":"2025-03-20T22:24:19","guid":{"rendered":"https:\/\/davidrosenmann-taub.com\/?page_id=5963"},"modified":"2025-10-31T17:24:15","modified_gmt":"2025-11-01T00:24:15","slug":"en-el-secador","status":"publish","type":"page","link":"https:\/\/davidrosenmann-taub.com\/es\/drawings\/en-el-secador\/","title":{"rendered":"EN EL SECADOR"},"content":{"rendered":"<p class=\"imagebox\">\r\n<a href=\"\/images\/drawings\/En-el-secador-w1000.jpg\" class=\"nounder highslide\" onclick=\"return hs.expand(this)\" rel=\"highslide\"><img decoding=\"async\" src=\"\/images\/drawings\/En-el-secador-w480.jpg\" alt=\"EN EL SECADOR\" \/><\/a>\r\n<\/p>\r\n<p class=\"imagebox\">&nbsp;<\/p>\r\n<h2>EN EL SECADOR<\/h2>\r\n<h4>1984. Tinta sobre papel. 7x12 cm.<\/h4>\r\n<p>Una equivalencia entre la vida vegetal y la vida animal. El fluir del aire juega con un \u00e1rbol pensante, absorto en sus propias inquietudes.<\/p>\r\n<p>El sumiso cabello semeja la experiencia de la gente cuando cae bajo la influencia del poder y es movida por \u00e9l; no se cuestiona si quiere participar en el plan que impone su ley.<\/p> \r\n<p>Una situaci\u00f3n ca\u00f3tica que lleva a un orden particular: el prop\u00f3sito es, en \u00faltima instancia, disciplinar este enmara\u00f1ado revoltijo, para crear \u2014 se espera \u2014 un peinado armonioso. La seducci\u00f3n puede acaecer.  <\/p>\r\n<p>Resalta el volumen de la cabeza, pero una mirada con mayor detenimiento revela que debajo de la trama del cabello puede no haber nada \u2014 s\u00f3lo espacio \u2014. \u00bfExiste aqu\u00ed una mente que reflexiona, que intenta dar sentido al enredo del estado de las cosas? \u00bfO hay \u00fanicamente vac\u00edo?<\/p>\r\n<p>Sus hombros y su pecho parecen atrapados en giros cicl\u00f3nicos. El delgado, vulnerable cuello evoca la fragilidad del cuerpo. Aun as\u00ed, ella es capaz de ocuparse de su apariencia antes de ser arrastrada por el remolino del tiempo.<\/p>\r\n\r\n","protected":false},"excerpt":{"rendered":"&nbsp; EN EL SECADOR 1984. Tinta sobre papel. 7&#215;12 cm. Una equivalencia entre la vida vegetal y la vida animal. El fluir del aire juega con un \u00e1rbol pensante, absorto en sus propias inquietudes. El sumiso cabello semeja la experiencia de la gente cuando cae bajo la influencia del poder y es movida por \u00e9l; [&hellip;]","protected":false},"author":2,"featured_media":0,"parent":5945,"menu_order":4,"comment_status":"closed","ping_status":"closed","template":"","meta":{"nf_dc_page":"","_monsterinsights_skip_tracking":false,"_monsterinsights_sitenote_active":false,"_monsterinsights_sitenote_note":"","_monsterinsights_sitenote_category":0,"footnotes":""},"class_list":["post-5963","page","type-page","status-publish","hentry"],"aioseo_notices":[],"_links":{"self":[{"href":"https:\/\/davidrosenmann-taub.com\/es\/wp-json\/wp\/v2\/pages\/5963","targetHints":{"allow":["GET"]}}],"collection":[{"href":"https:\/\/davidrosenmann-taub.com\/es\/wp-json\/wp\/v2\/pages"}],"about":[{"href":"https:\/\/davidrosenmann-taub.com\/es\/wp-json\/wp\/v2\/types\/page"}],"author":[{"embeddable":true,"href":"https:\/\/davidrosenmann-taub.com\/es\/wp-json\/wp\/v2\/users\/2"}],"replies":[{"embeddable":true,"href":"https:\/\/davidrosenmann-taub.com\/es\/wp-json\/wp\/v2\/comments?post=5963"}],"version-history":[{"count":1,"href":"https:\/\/davidrosenmann-taub.com\/es\/wp-json\/wp\/v2\/pages\/5963\/revisions"}],"predecessor-version":[{"id":5964,"href":"https:\/\/davidrosenmann-taub.com\/es\/wp-json\/wp\/v2\/pages\/5963\/revisions\/5964"}],"up":[{"embeddable":true,"href":"https:\/\/davidrosenmann-taub.com\/es\/wp-json\/wp\/v2\/pages\/5945"}],"wp:attachment":[{"href":"https:\/\/davidrosenmann-taub.com\/es\/wp-json\/wp\/v2\/media?parent=5963"}],"curies":[{"name":"wp","href":"https:\/\/api.w.org\/{rel}","templated":true}]}}