{"id":5971,"date":"2025-03-20T15:32:40","date_gmt":"2025-03-20T22:32:40","guid":{"rendered":"https:\/\/davidrosenmann-taub.com\/?page_id=5971"},"modified":"2025-10-31T17:18:44","modified_gmt":"2025-11-01T00:18:44","slug":"en-un-lugar-de-la-sangre","status":"publish","type":"page","link":"https:\/\/davidrosenmann-taub.com\/es\/drawings\/en-un-lugar-de-la-sangre\/","title":{"rendered":"EN UN LUGAR DE LA SANGRE"},"content":{"rendered":"<p class=\"imagebox\">\r\n<a href=\"\/images\/drawings\/En-un-lugar-w1000.jpg\" class=\"nounder highslide\" onclick=\"return hs.expand(this)\" rel=\"highslide\"><img decoding=\"async\" src=\"\/images\/drawings\/En-un-lugar-w480.jpg\" alt=\"EN UN LUGAR DE LA SANGRE\" \/><\/a>\r\n<\/p>\r\n<p class=\"imagebox\">&nbsp;<\/p>\r\n<h2>EN UN LUGAR DE LA SANGRE<\/h2>\r\n<h4>1984. Tinta en papel. 22x23 cm.<\/h4>\r\n\r\n<p>Un perpetuo movimiento hacia arriba y hacia abajo&hellip;<br>\r\nFragmentos de un cosmos&hellip;<br>\r\nUna luminosa galaxia en absoluta oscuridad&hellip;<br>\r\nMuy lejos de la Tierra&hellip;<\/p>\r\n<p>Este dibujo se present\u00f3 al p\u00fablico en la cubierta del CD <a href=\"http:\/\/www.davidrosenmanntaub-music.com\">En un lugar de la Sangre<\/a>, de David Rosenmann-Taub. Suite oral y pian\u00edstica, inspirada en la personalidad de Miguel de Cervantes y en la esencia de su novela, El Ingenioso Hidalgo Don Quijote de la Mancha: la manifestaci\u00f3n de su esp\u00edritu. Todos los personajes en la novela son aspectos de \u00e9l mismo.<\/p>  \r\n<p>El t\u00edtulo de la m\u00fasica y de la colecci\u00f3n de poemas de <em>En un lugar de la Sangre<\/em> es una variante de la primera oraci\u00f3n de la novela: <em>En un lugar de la Mancha de cuyo nombre no quiero acordarme<\/em>&hellip;<\/p>\r\n<p>La Mancha, una regi\u00f3n de Espa\u00f1a, representa el mundo. Cervantes no quiere recordar su horrible vida en la tierra.<\/p> \r\n<p>Otra interpretaci\u00f3n del dibujo: entrar en la memoria de alguien, penetrar una noche donde todav\u00eda persiste cierta luz.<\/p>\r\n<p>El pensar de Cervantes ya no existe entre los vivos; se ha vuelto parte del cosmos. El poeta le dir\u00eda al novelista: &ldquo;T\u00fa, Cervantes, puedes haber olvidado todo. Sin embargo, te reavivo y me haces vivir en ti. Tu sombra me ilumina. Tus dificultades, debilidades y talento me ayudan a soportar adversidades y me dan la voluntad de proveer el esfuerzo que mi vocaci\u00f3n requiere. S\u00e9 lo que te sucedi\u00f3 durante tu estancia en el planeta y he experimentado sentimientos similares. No eres el \u00fanico que desea olvidar esta vida.&rdquo;<\/p>\r\n<p><em>La Sangre<\/em>: lo que es vital. <em>En un lugar de la Sangre<\/em> se puede entender como <em>En un lugar de lo que es Vital<\/em> y, asimismo, un sitio de sufrimiento. Cada persona es un recept\u00e1culo de este sufrimiento. <\/p>\r\n<p>Los tres motivos blancos grandes en el dibujo representan los tres personajes en la novela: Don Quijote (arriba), Sancho (abajo) y Dulcinea (en el medio).<\/p>\r\n<p>El libro del <em>Quijote<\/em> contiene un cap\u00edtulo llamado &ldquo;El curioso impertinente,&rdquo; con tres protagonistas. Por ello, David Rosenmann-Taub titula una secci\u00f3n de su obra &ldquo;Los curiosos impertinentes.&rdquo;<\/p>\r\n<p>&ldquo;El curioso impertinente&rdquo; narra el deseo de un hombre por estar con una mujer y su falta de conexi\u00f3n con ella. En esta historia, Anselmo parece ser muy buen amigo de Lotario. Anselmo tambi\u00e9n considera a Lotario como un potencial rival por el coraz\u00f3n de Camila, la mujer que ama. Aunque est\u00e1n casados, Anselmo no sabe qui\u00e9n es ella y ella no sabe qui\u00e9n es \u00e9l, lo cual hace que \u00e9l cree una situaci\u00f3n que lleva al desastre. Este cuento es similar a la historia de Don Quijote: quiere hacer algo bien, pero este intento resulta en el peor resultado. \u00bfQui\u00e9n querr\u00eda recordar eso?<\/p>\r\n<p>El motivo en la parte central del dibujo juega un doble rol: Dulcinea entre Quijote y Sancho, as\u00ed como Camila entre Anselmo y Lotario. Dos historias con tres personajes, dos hombres y una mujer. En el centro, las dos l\u00edneas delgadas representan dos hombres que se acercan a una mujer (la forma diagonal m\u00e1s grande).<\/p>\r\n<p>Lo masculino se acerca a lo femenino, s\u00f3lo para mantenerse alejado.<\/p>\r\n\r\n<p>Don Quijote describe las salidas durante las cuales el h\u00e9roe deja su casa para buscar aventuras y luego regresa al hogar. El dibujo, con ganchos en direcciones opuestas, refleja estos movimientos: excursi\u00f3n y retorno.<\/p>\r\n<p><em>En un lugar de la Sangre<\/em>: donde la luz y la oscuridad luchan dentro de la conciencia; una competencia entre lo despierto y lo dormido.<\/p>","protected":false},"excerpt":{"rendered":"&nbsp; EN UN LUGAR DE LA SANGRE 1984. Tinta en papel. 22&#215;23 cm. Un perpetuo movimiento hacia arriba y hacia abajo&hellip; Fragmentos de un cosmos&hellip; Una luminosa galaxia en absoluta oscuridad&hellip; Muy lejos de la Tierra&hellip; Este dibujo se present\u00f3 al p\u00fablico en la cubierta del CD En un lugar de la Sangre, de David [&hellip;]","protected":false},"author":2,"featured_media":0,"parent":5945,"menu_order":5,"comment_status":"closed","ping_status":"closed","template":"","meta":{"nf_dc_page":"","_monsterinsights_skip_tracking":false,"_monsterinsights_sitenote_active":false,"_monsterinsights_sitenote_note":"","_monsterinsights_sitenote_category":0,"footnotes":""},"class_list":["post-5971","page","type-page","status-publish","hentry"],"aioseo_notices":[],"_links":{"self":[{"href":"https:\/\/davidrosenmann-taub.com\/es\/wp-json\/wp\/v2\/pages\/5971","targetHints":{"allow":["GET"]}}],"collection":[{"href":"https:\/\/davidrosenmann-taub.com\/es\/wp-json\/wp\/v2\/pages"}],"about":[{"href":"https:\/\/davidrosenmann-taub.com\/es\/wp-json\/wp\/v2\/types\/page"}],"author":[{"embeddable":true,"href":"https:\/\/davidrosenmann-taub.com\/es\/wp-json\/wp\/v2\/users\/2"}],"replies":[{"embeddable":true,"href":"https:\/\/davidrosenmann-taub.com\/es\/wp-json\/wp\/v2\/comments?post=5971"}],"version-history":[{"count":1,"href":"https:\/\/davidrosenmann-taub.com\/es\/wp-json\/wp\/v2\/pages\/5971\/revisions"}],"predecessor-version":[{"id":5972,"href":"https:\/\/davidrosenmann-taub.com\/es\/wp-json\/wp\/v2\/pages\/5971\/revisions\/5972"}],"up":[{"embeddable":true,"href":"https:\/\/davidrosenmann-taub.com\/es\/wp-json\/wp\/v2\/pages\/5945"}],"wp:attachment":[{"href":"https:\/\/davidrosenmann-taub.com\/es\/wp-json\/wp\/v2\/media?parent=5971"}],"curies":[{"name":"wp","href":"https:\/\/api.w.org\/{rel}","templated":true}]}}