{"id":5975,"date":"2025-03-20T15:36:50","date_gmt":"2025-03-20T22:36:50","guid":{"rendered":"https:\/\/davidrosenmann-taub.com\/?page_id=5975"},"modified":"2025-10-31T17:17:33","modified_gmt":"2025-11-01T00:17:33","slug":"hacia-donde","status":"publish","type":"page","link":"https:\/\/davidrosenmann-taub.com\/es\/drawings\/hacia-donde\/","title":{"rendered":"\u00a1HACIA D\u00d3NDE!"},"content":{"rendered":"<p class=\"imagebox\">\r\n<a href=\"\/images\/drawings\/Hacia-Donde-w1000.jpg\" class=\"nounder highslide\" onclick=\"return hs.expand(this)\" rel=\"highslide\"><img decoding=\"async\" src=\"\/images\/drawings\/Hacia-Donde-w480.jpg\" alt=\"&iexcl;HACIA D\u00d3NDE!\" \/><\/a>\r\n<\/p>\r\n<p class=\"imagebox\">&nbsp;<\/p>\r\n<h2>&iexcl;HACIA D\u00d3NDE!<\/h2>\r\n<h4>1992. L\u00e1piz en papel. 16x18 cm.<\/h4>\r\n<p>La prisionera de un cuerpo envejecido, cuya columna vertebral se ha vuelto d\u00e9bil y descalcificada. Su cabeza, sujeta a un r\u00edgido torso, se desploma hacia abajo. De perfil, parece un ata\u00fad vertical.<\/p>\r\n<p>Su nariz plana: la de una calavera.<\/p>\r\n<p>Su boca: tensamente cerrada por el sufrimiento y la ira. La mujer discrepa ferozmente con el curso de los acontecimientos, pero no sabe c\u00f3mo defenderse: su condici\u00f3n f\u00edsica impone su propia ley y su pensamiento no tiene poder para cambiar nada. Aunque es muy vieja, contin\u00faa completamente consciente de la trampa que la encierra. La maldice en silencio.<\/p>\r\n<p>Indefensa en las garras de la naturaleza, se encuentra en la misma situaci\u00f3n, en esencia, que la de cualquier persona a cualquier edad; el predicamento humano es, simplemente, m\u00e1s obvio para ella que para otros. <\/p>\r\n<p>&ldquo;Me veo obligada a contemplar ad\u00f3nde ir\u00e9 pronto: a la tierra. No puedo escapar mirando todo el tiempo en una sola direcci\u00f3n.<\/p>\r\n<p>&ldquo;Siento miedo. Estoy indignada. \u00bfEs esto vida? \u00bfTerminar atrapada? Me queda algo de fuerza. Intento rebelarme de alguna manera: me mantengo arreglada, mi cabello ordenado bajo una red transparente. Todav\u00eda experimento la sensaci\u00f3n de futuro. \u00bfPor cu\u00e1nto tiempo?<\/p>\r\n<p>&ldquo;A pesar m\u00edo, reflexiono sobre muchos recuerdos. Ya soy algo del pasado, como si yo estuviera muy lejos.&rdquo;<\/p>\r\n","protected":false},"excerpt":{"rendered":"&nbsp; &iexcl;HACIA D\u00d3NDE! 1992. L\u00e1piz en papel. 16&#215;18 cm. La prisionera de un cuerpo envejecido, cuya columna vertebral se ha vuelto d\u00e9bil y descalcificada. Su cabeza, sujeta a un r\u00edgido torso, se desploma hacia abajo. De perfil, parece un ata\u00fad vertical. Su nariz plana: la de una calavera. Su boca: tensamente cerrada por el sufrimiento [&hellip;]","protected":false},"author":2,"featured_media":0,"parent":5945,"menu_order":6,"comment_status":"closed","ping_status":"closed","template":"","meta":{"nf_dc_page":"","_monsterinsights_skip_tracking":false,"_monsterinsights_sitenote_active":false,"_monsterinsights_sitenote_note":"","_monsterinsights_sitenote_category":0,"footnotes":""},"class_list":["post-5975","page","type-page","status-publish","hentry"],"aioseo_notices":[],"_links":{"self":[{"href":"https:\/\/davidrosenmann-taub.com\/es\/wp-json\/wp\/v2\/pages\/5975","targetHints":{"allow":["GET"]}}],"collection":[{"href":"https:\/\/davidrosenmann-taub.com\/es\/wp-json\/wp\/v2\/pages"}],"about":[{"href":"https:\/\/davidrosenmann-taub.com\/es\/wp-json\/wp\/v2\/types\/page"}],"author":[{"embeddable":true,"href":"https:\/\/davidrosenmann-taub.com\/es\/wp-json\/wp\/v2\/users\/2"}],"replies":[{"embeddable":true,"href":"https:\/\/davidrosenmann-taub.com\/es\/wp-json\/wp\/v2\/comments?post=5975"}],"version-history":[{"count":1,"href":"https:\/\/davidrosenmann-taub.com\/es\/wp-json\/wp\/v2\/pages\/5975\/revisions"}],"predecessor-version":[{"id":5976,"href":"https:\/\/davidrosenmann-taub.com\/es\/wp-json\/wp\/v2\/pages\/5975\/revisions\/5976"}],"up":[{"embeddable":true,"href":"https:\/\/davidrosenmann-taub.com\/es\/wp-json\/wp\/v2\/pages\/5945"}],"wp:attachment":[{"href":"https:\/\/davidrosenmann-taub.com\/es\/wp-json\/wp\/v2\/media?parent=5975"}],"curies":[{"name":"wp","href":"https:\/\/api.w.org\/{rel}","templated":true}]}}