{"id":5979,"date":"2025-03-20T15:39:53","date_gmt":"2025-03-20T22:39:53","guid":{"rendered":"https:\/\/davidrosenmann-taub.com\/?page_id=5979"},"modified":"2025-10-31T17:16:25","modified_gmt":"2025-11-01T00:16:25","slug":"juez-del-juez","status":"publish","type":"page","link":"https:\/\/davidrosenmann-taub.com\/es\/drawings\/juez-del-juez\/","title":{"rendered":"JUEZ DEL JUEZ"},"content":{"rendered":"<p class=\"imagebox\">\r\n<a href=\"\/images\/drawings\/Juez-del-Juez-w1000.jpg\" class=\"nounder highslide\" onclick=\"return hs.expand(this)\" rel=\"highslide\"><img decoding=\"async\" src=\"\/images\/drawings\/Juez-del-Juez-w480.jpg\" alt=\"JUEZ del JUEZ\" \/><\/a><\/p>\r\n<p class=\"imagebox\">&nbsp;<\/p>\r\n<h2>JUEZ DEL JUEZ<\/h2>\r\n<h4>1983. L\u00e1piz en papel. 17x22 cm.<\/h4>\r\n\r\n<p>De pronto, delante de un jurado invisible, se encuentra injustamente acusada.<\/p>\r\n<p>Nunca esper\u00f3 ser vista de una manera tan negativa.<\/p>\r\n<p>No quiere tomar la ofensiva sino defenderse, pero est\u00e1 acorralada. En su desconcierto, no sabe qu\u00e9 hacer: s\u00f3lo tiene por escudo su orgullo.<\/p>\r\n<p>Indignada, con mucho dolor y perdida, se esfuerza por evitar mostrar su agitaci\u00f3n interna. Debe parecer fuerte.<\/p>\r\n<p>La <a href=\"\/#synthesis\">l\u00ednea de s\u00edntesis<\/a>, que se cierne en el aire y sobre el que descansa su brazo, le ofrece cierta estabilidad: puede contar \u00fanicamente con ella misma ya que nadie acude a rescatarla.<\/p>\r\n<p>Su mano permanece oculta como si hubiera sido mutilada por la calumnia.<\/p>\r\n<p>El chal, al envolver su cuello, le ofrece protecci\u00f3n y ayuda a mantener su rectitud; ajustado, presiona contra ella; en este momento se siente estrangulada.<\/p>\r\n<p>L\u00edneas oscuras marcan su garganta: no puede tragar la denuncia.<\/p>\r\n<p>Sus cejas levantadas muestran repulsi\u00f3n, su boca se abre con sorpresa y desd\u00e9n.<\/p>\r\n<p>La \u00fanica arruga, profunda y vertical, en su frente resume todo el drama y revela la extrema tensi\u00f3n que la carcome.<\/p>\r\n<p>Con altivez, no obstante, se vuelve para enfrentar \u2014 y para juzgar \u2014 a quien la juzga.<\/p>\r\n\r\n","protected":false},"excerpt":{"rendered":"&nbsp; JUEZ DEL JUEZ 1983. L\u00e1piz en papel. 17&#215;22 cm. De pronto, delante de un jurado invisible, se encuentra injustamente acusada. Nunca esper\u00f3 ser vista de una manera tan negativa. No quiere tomar la ofensiva sino defenderse, pero est\u00e1 acorralada. En su desconcierto, no sabe qu\u00e9 hacer: s\u00f3lo tiene por escudo su orgullo. Indignada, con [&hellip;]","protected":false},"author":2,"featured_media":0,"parent":5945,"menu_order":7,"comment_status":"closed","ping_status":"closed","template":"","meta":{"nf_dc_page":"","_monsterinsights_skip_tracking":false,"_monsterinsights_sitenote_active":false,"_monsterinsights_sitenote_note":"","_monsterinsights_sitenote_category":0,"footnotes":""},"class_list":["post-5979","page","type-page","status-publish","hentry"],"aioseo_notices":[],"_links":{"self":[{"href":"https:\/\/davidrosenmann-taub.com\/es\/wp-json\/wp\/v2\/pages\/5979","targetHints":{"allow":["GET"]}}],"collection":[{"href":"https:\/\/davidrosenmann-taub.com\/es\/wp-json\/wp\/v2\/pages"}],"about":[{"href":"https:\/\/davidrosenmann-taub.com\/es\/wp-json\/wp\/v2\/types\/page"}],"author":[{"embeddable":true,"href":"https:\/\/davidrosenmann-taub.com\/es\/wp-json\/wp\/v2\/users\/2"}],"replies":[{"embeddable":true,"href":"https:\/\/davidrosenmann-taub.com\/es\/wp-json\/wp\/v2\/comments?post=5979"}],"version-history":[{"count":1,"href":"https:\/\/davidrosenmann-taub.com\/es\/wp-json\/wp\/v2\/pages\/5979\/revisions"}],"predecessor-version":[{"id":5980,"href":"https:\/\/davidrosenmann-taub.com\/es\/wp-json\/wp\/v2\/pages\/5979\/revisions\/5980"}],"up":[{"embeddable":true,"href":"https:\/\/davidrosenmann-taub.com\/es\/wp-json\/wp\/v2\/pages\/5945"}],"wp:attachment":[{"href":"https:\/\/davidrosenmann-taub.com\/es\/wp-json\/wp\/v2\/media?parent=5979"}],"curies":[{"name":"wp","href":"https:\/\/api.w.org\/{rel}","templated":true}]}}