{"id":5983,"date":"2025-03-20T15:42:44","date_gmt":"2025-03-20T22:42:44","guid":{"rendered":"https:\/\/davidrosenmann-taub.com\/?page_id=5983"},"modified":"2025-10-31T17:15:17","modified_gmt":"2025-11-01T00:15:17","slug":"la-noche-antes","status":"publish","type":"page","link":"https:\/\/davidrosenmann-taub.com\/es\/drawings\/la-noche-antes\/","title":{"rendered":"LA NOCHE ANTES"},"content":{"rendered":"<p class=\"imagebox\">\r\n<a href=\"\/images\/drawings\/La-noche-antes-w1000.jpg\" class=\"nounder highslide\" onclick=\"return hs.expand(this)\" rel=\"highslide\"><img decoding=\"async\" src=\"\/images\/drawings\/La-noche-antes-w480.jpg\" alt=\"LA NOCHE ANTES\" \/><\/a>\r\n<\/p>\r\n<p class=\"imagebox\">&nbsp;<\/p>\r\n<h2>LA NOCHE ANTES<\/h2>\r\n<h4>2011. Tinta sobre papel. 22x28 cm.<\/h4>\r\n\r\n<p class=\"reference\">[Este retrato ilustra la portada de <a href=\"https:\/\/davidrosenmann-taub.com\/es\/books\/la-noche-antes\/\"><em>La Noche Antes<\/em><\/a> (LOM Ediciones, 2013), cuarto y \u00faltimo tomo de la tetralog\u00eda <a href=\"https:\/\/davidrosenmann-taub.com\/es\/books\/cortejo-y-epinicio\/\"><em>Cortejo y Epinicio<\/em><\/a>, en la que cada volumen corresponde, entre otros temas, a las cuatro etapas del hombre. La Noche Antes reflexiona sobre la vejez, el final del d\u00eda entrando en la noche, el invierno.]<\/p>\r\n\r\n<p>Tal como hay muchos niveles en la poes\u00eda de David Rosenmann-Taub, sus dibujos est\u00e1n dotados de una multiplicidad de significados.<\/p>\r\n\r\n<p>Una sombra oscurece el rostro y dificulta determinar la edad del hombre. \u00bfSu cabello es oscuro o gris? \u00bfCu\u00e1n arrugado puede estar bajo este sombreado transversal? \u00bfTiene treinta a\u00f1os, cuarenta o muchos m\u00e1s? Puede ser blanco o negro, o de cualquier otro color.<\/p>\r\n<p>Del lado izquierdo, est\u00e1 ingresando en la noche, \u00bfo puede ser que la oscuridad lo est\u00e9 cubriendo progresivamente aunque su cuello permanezca todav\u00eda iluminado?<\/p>\r\n<p>Indignaci\u00f3n, reproche y tristeza aparecen en su ojo derecho; en el izquierdo, hay asimismo indignaci\u00f3n, aunque oculta, y queda un peque\u00f1o destello: perdura un poco de visi\u00f3n. Sus pupilas se enfocan a la izquierda o hacia delante. Sin embargo, su mirada puede ser percibida de otra manera: la gran secci\u00f3n oscura en la esquina derecha del ojo derecho podr\u00eda ser otra pupila; el ojo derecho estar\u00eda entonces mirando hacia la derecha. Y, al haber una parte oscura a la derecha del ojo izquierdo, se puede decir que ambos ojos se dirigen hacia la derecha.<\/p>\r\n\r\n<p>Una observaci\u00f3n minuciosa revela que no est\u00e1 mirando al mundo externo, sino hacia adentro, considerando: &ldquo;\u00bfQu\u00e9 puedo hacer? En este conjunto de circunstancias no tengo alternativa para actuar.&rdquo; Algo le est\u00e1 sucediendo y no puede interferir.<\/p>\r\n\r\n<p>La ambig\u00fcedad del dibujo contin\u00faa con el dise\u00f1o indeterminado de la nariz: \u00bfest\u00e1 respirando o no? Su o\u00eddo est\u00e1 lleno de l\u00edneas entrecruzadas: \u00bfoye o no? \u00bfY su boca est\u00e1 abierta o cerrada? Despu\u00e9s del paso de toda una vida de experiencia, puede estar hablando para s\u00ed mismo.<\/p>\r\n\r\n<p>Los dibujos de David Rosenmann-Taub est\u00e1n construidos y balanceados de manera precisa, con una red de l\u00edneas resonantes; un ejemplo de ello se puede observar en la forma descendente de la boca &mdash; o lo que podr\u00eda ser un bigote &mdash;: es una variaci\u00f3n de la curva de su cabello y, para crear equilibrio, la boca se cierra por abajo con el movimiento ascendente de una sombra debajo de su labio inferior.<\/p>\r\n\r\n<p><em>La Noche Antes<\/em>, la noche antes de la desaparici\u00f3n de este ser, la noche antes de lo que sucede a continuaci\u00f3n; en una fracci\u00f3n de segundo, estar\u00e1 en el &ldquo;despu\u00e9s&rdquo;. Despu\u00e9s hay luz o, se puede decir, nada &mdash; nada de lo que hab\u00eda all\u00ed antes &mdash;. <\/p>\r\n\r\n<p>El tiempo aqu\u00ed tambi\u00e9n es ambiguo. &ldquo;La Noche Antes&rdquo; no es la noche de ahora, sino la noche de entonces. Adem\u00e1s, puede significar lo que suceder\u00e1 la noche antes. Si vemos la vida como leyendo un libro, somos conscientes del libro completo de nuestra vida cuando estamos al final de ella &mdash; si realmente la hemos le\u00eddo, si la hemos comprendido &mdash;.<\/p>\r\n\r\n<p>La tetralog\u00eda <em>Cortejo y Epinicio<\/em> comienza con la primera palabra del primer poema del primer volumen, que es &ldquo;<em>Despu\u00e9s<\/em>&rdquo;. Al abarcar una vida entera, la serie es una unidad; por lo tanto, toda la obra tiene lugar &ldquo;despu\u00e9s&rdquo;. Aqu\u00ed, despu\u00e9s del <em>despu\u00e9s<\/em>, el ciclo se cierra con <em>antes<\/em>, en lugar de la forma inversa esperada. Los cuatro tomos son, en realidad, la experiencia de una conciencia siempre joven y madura, con sostenida energ\u00eda. Un m\u00faltiple instante de lucidez: un extenso presente en un segundo intemporal.<\/p> \r\n\r\n<p>El lector que llega al final de la tetralog\u00eda tiene la posibilidad de ponderar sobre el hecho de que, dado que el tiempo no existe, no hay &ldquo;despu\u00e9s&rdquo; ni &ldquo;antes&rdquo;. El hombre representado aqu\u00ed se da cuenta de esto. La oscuridad permea su rostro; aun as\u00ed, podemos ver \u00e1reas claras que comienzan a brillar en sus rasgos. Su cuerpo ya ha desaparecido, devorado por la luz. \u00bfQu\u00e9 permanece? La representaci\u00f3n visible de su \u00faltimo pensamiento.<\/p>\r\n","protected":false},"excerpt":{"rendered":"&nbsp; LA NOCHE ANTES 2011. Tinta sobre papel. 22&#215;28 cm. [Este retrato ilustra la portada de La Noche Antes (LOM Ediciones, 2013), cuarto y \u00faltimo tomo de la tetralog\u00eda Cortejo y Epinicio, en la que cada volumen corresponde, entre otros temas, a las cuatro etapas del hombre. La Noche Antes reflexiona sobre la vejez, el [&hellip;]","protected":false},"author":2,"featured_media":0,"parent":5945,"menu_order":8,"comment_status":"closed","ping_status":"closed","template":"","meta":{"nf_dc_page":"","_monsterinsights_skip_tracking":false,"_monsterinsights_sitenote_active":false,"_monsterinsights_sitenote_note":"","_monsterinsights_sitenote_category":0,"footnotes":""},"class_list":["post-5983","page","type-page","status-publish","hentry"],"aioseo_notices":[],"_links":{"self":[{"href":"https:\/\/davidrosenmann-taub.com\/es\/wp-json\/wp\/v2\/pages\/5983","targetHints":{"allow":["GET"]}}],"collection":[{"href":"https:\/\/davidrosenmann-taub.com\/es\/wp-json\/wp\/v2\/pages"}],"about":[{"href":"https:\/\/davidrosenmann-taub.com\/es\/wp-json\/wp\/v2\/types\/page"}],"author":[{"embeddable":true,"href":"https:\/\/davidrosenmann-taub.com\/es\/wp-json\/wp\/v2\/users\/2"}],"replies":[{"embeddable":true,"href":"https:\/\/davidrosenmann-taub.com\/es\/wp-json\/wp\/v2\/comments?post=5983"}],"version-history":[{"count":1,"href":"https:\/\/davidrosenmann-taub.com\/es\/wp-json\/wp\/v2\/pages\/5983\/revisions"}],"predecessor-version":[{"id":5984,"href":"https:\/\/davidrosenmann-taub.com\/es\/wp-json\/wp\/v2\/pages\/5983\/revisions\/5984"}],"up":[{"embeddable":true,"href":"https:\/\/davidrosenmann-taub.com\/es\/wp-json\/wp\/v2\/pages\/5945"}],"wp:attachment":[{"href":"https:\/\/davidrosenmann-taub.com\/es\/wp-json\/wp\/v2\/media?parent=5983"}],"curies":[{"name":"wp","href":"https:\/\/api.w.org\/{rel}","templated":true}]}}