{"id":5987,"date":"2025-03-20T15:46:46","date_gmt":"2025-03-20T22:46:46","guid":{"rendered":"https:\/\/davidrosenmann-taub.com\/?page_id=5987"},"modified":"2025-03-20T15:46:46","modified_gmt":"2025-03-20T22:46:46","slug":"la-nube-conciente","status":"publish","type":"page","link":"https:\/\/davidrosenmann-taub.com\/es\/drawings\/la-nube-conciente\/","title":{"rendered":"LA NUBE CONCIENTE"},"content":{"rendered":"<p class=\"imagebox\">\r\n<a href=\"\/images\/drawings\/La-Nube-Conciente-w1000.jpg\" class=\"nounder highslide\" onclick=\"return hs.expand(this)\" rel=\"highslide\"><img decoding=\"async\" src=\"\/images\/drawings\/La-Nube-Conciente-w480.jpg\" alt=\"LA NUBE CONCIENTE\" \/><\/a>\r\n<\/p>\r\n<p class=\"imagebox\">&nbsp;<\/p>\r\n<h2>LA NUBE CONCIENTE*<\/h2>\r\n<h4>1984. L\u00e1piz sobre papel. 23x31 cm.<\/h4>\r\n<p>Las l\u00edneas no crean sus rasgos (no hay l\u00edneas en una nube); emergen como contraste entre la luz y la sombra: una cara que aparece desde la oscuridad. Nos est\u00e1 pidiendo ayuda mientras mira con horror la destrucci\u00f3n que arremete hacia ella. Se encuentra a punto de ser aniquilada.<\/p>\r\n<p>El dibujo, que ilustra la tapa de <a href=\"https:\/\/davidrosenmann-taub.com\/es\/books\/los-despojos-del-sol\/\"><em>Los Despojos del Sol<\/em><\/a> (LOM Ediciones), revela un aspecto del poemario. Esta &ldquo;mujer nube&rdquo; es un <em>despojo<\/em>, un remanente. Al igual que el cosmos, el sol, consumi\u00e9ndose sin cesar, es un remanente del inicial fuego de vitalidad. <\/p>\r\n<p>Todos estamos desapareciendo, momento a momento, ya que el tiempo nos hace lo que el viento a las nubes. \u00bfA qui\u00e9n podemos acudir para ayudarnos?<\/p>\r\n<p>El subt\u00edtulo de la serie <em>Los Despojos del Sol<\/em> &mdash; de la cual hasta ahora dos libros han sido publicados en un solo volumen &mdash; es <em>Ananda<\/em>. El t\u00e9rmino en s\u00e1nscrito, a menudo traducido como &ldquo;felicidad suprema&rdquo;, se refiere aqu\u00ed a la calma y control de la mente. El poeta alude al estado de claridad que se precisa para resistir esta constante disoluci\u00f3n.<\/p>\r\n<p>David Rosenmann-Taub: &ldquo;\u00bfQu\u00e9 son mis poemas sino <em>despojos<\/em> de mi vida?&rdquo;<\/p>\r\n<p style=\"font-size:80%;\">*El autor escribe <em>conciente<\/em> sin &ldquo;s&rdquo; &mdash; al igual que &ldquo;conciencia&rdquo; no lleva \u201cs\u201d &mdash;.<\/p> \r\n\r\n","protected":false},"excerpt":{"rendered":"&nbsp; LA NUBE CONCIENTE* 1984. L\u00e1piz sobre papel. 23&#215;31 cm. Las l\u00edneas no crean sus rasgos (no hay l\u00edneas en una nube); emergen como contraste entre la luz y la sombra: una cara que aparece desde la oscuridad. Nos est\u00e1 pidiendo ayuda mientras mira con horror la destrucci\u00f3n que arremete hacia ella. Se encuentra a [&hellip;]","protected":false},"author":2,"featured_media":0,"parent":5945,"menu_order":9,"comment_status":"closed","ping_status":"closed","template":"","meta":{"nf_dc_page":"","_monsterinsights_skip_tracking":false,"_monsterinsights_sitenote_active":false,"_monsterinsights_sitenote_note":"","_monsterinsights_sitenote_category":0,"footnotes":""},"class_list":["post-5987","page","type-page","status-publish","hentry"],"aioseo_notices":[],"_links":{"self":[{"href":"https:\/\/davidrosenmann-taub.com\/es\/wp-json\/wp\/v2\/pages\/5987","targetHints":{"allow":["GET"]}}],"collection":[{"href":"https:\/\/davidrosenmann-taub.com\/es\/wp-json\/wp\/v2\/pages"}],"about":[{"href":"https:\/\/davidrosenmann-taub.com\/es\/wp-json\/wp\/v2\/types\/page"}],"author":[{"embeddable":true,"href":"https:\/\/davidrosenmann-taub.com\/es\/wp-json\/wp\/v2\/users\/2"}],"replies":[{"embeddable":true,"href":"https:\/\/davidrosenmann-taub.com\/es\/wp-json\/wp\/v2\/comments?post=5987"}],"version-history":[{"count":1,"href":"https:\/\/davidrosenmann-taub.com\/es\/wp-json\/wp\/v2\/pages\/5987\/revisions"}],"predecessor-version":[{"id":5988,"href":"https:\/\/davidrosenmann-taub.com\/es\/wp-json\/wp\/v2\/pages\/5987\/revisions\/5988"}],"up":[{"embeddable":true,"href":"https:\/\/davidrosenmann-taub.com\/es\/wp-json\/wp\/v2\/pages\/5945"}],"wp:attachment":[{"href":"https:\/\/davidrosenmann-taub.com\/es\/wp-json\/wp\/v2\/media?parent=5987"}],"curies":[{"name":"wp","href":"https:\/\/api.w.org\/{rel}","templated":true}]}}