{"id":5991,"date":"2025-03-20T16:01:07","date_gmt":"2025-03-20T23:01:07","guid":{"rendered":"https:\/\/davidrosenmann-taub.com\/?page_id=5991"},"modified":"2025-10-31T17:13:14","modified_gmt":"2025-11-01T00:13:14","slug":"la-opcion","status":"publish","type":"page","link":"https:\/\/davidrosenmann-taub.com\/es\/drawings\/la-opcion\/","title":{"rendered":"LA OPCI\u00d3N"},"content":{"rendered":"<p class=\"imagebox\">\r\n<a href=\"\/images\/drawings\/La-Opcion-w1000.jpg\" class=\"nounder highslide\" onclick=\"return hs.expand(this)\" rel=\"highslide\"><img decoding=\"async\" src=\"\/images\/drawings\/La-Opcion-w480.jpg\" alt=\"LA OPCI\u00d3N\" \/><\/a>\r\n<\/p>\r\n<p class=\"imagebox\"><\/p>\r\n<h2>LA OPCI\u00d3N<\/h2>\r\n<h4>2010. L\u00e1piz sobre papel. 23x31 cm.<\/h4>\r\n\r\n<p class=\"reference\">[Un detalle del dibujo aparece en la portada de <a href=\"https:\/\/davidrosenmann-taub.com\/es\/books\/la-opcion\/\"><em>La Opci\u00f3n<\/em><\/a> (LOM Ediciones, 2011), tercer volumen de la tetralog\u00eda <a href=\"https:\/\/davidrosenmann-taub.com\/es\/books\/cortejo-y-epinicio\/\"><em>Cortejo y Epinicio<\/em><\/a> en el que cada tomo corresponde, entre otros temas, a una etapa del hombre. <em>La Opci\u00f3n<\/em> tiene lugar durante la madurez de un ser humano.]<\/p>\r\n\r\n<p>Habiendo sentido el paso del tiempo durante un largo per\u00edodo, ha llegado a la mitad de su vida. Cualquier cosa nueva que encuentre necesita colocarse en relaci\u00f3n con sus recuerdos acumulados. Ninguna de sus experiencias parece haberle brindado paz.<\/p>\r\n\r\n<p>A la izquierda: un ojo consciente, donde se advierte la vejez; como consecuencia de una larga pr\u00e1ctica, juzga. El hombre sabe ahora que muchas cuestiones no pueden modificarse f\u00e1cilmente y que, una vez establecidas, la mayor\u00eda no se pueden solucionar.<\/p> \r\n\r\n<p>A la derecha: iron\u00eda, desprecio y acusaci\u00f3n. Una cierta juventud perdura en ese ojo, inclusive la energ\u00eda para luchar.<\/p>\r\n\r\n<p>Los dibujos de David Rosenmann-Taub pueden ir acompa\u00f1ados de una \"l\u00ednea de s\u00edntesis\" que resume la situaci\u00f3n. Aqu\u00ed, el emblema es un tri\u00e1ngulo con dos \u201cpiernas\u201d que realmente domina la composici\u00f3n, ya que se ubica en primer plano y m\u00e1s definido que el rostro. Se asemeja a una persona estilizada: la \u201cpierna\u201d delantera da un paso hacia adelante; el tri\u00e1ngulo avanza con orgullo y tambi\u00e9n con renuencia; la \"pierna\" curva hacia la izquierda se rezaga, arrastra el peso de los h\u00e1bitos, de las actividades que enmascaran la pereza, la resistencia al cambio, el miedo, la duda.<\/p>\r\n<p>&ldquo;\u00bfQu\u00e9 opciones hay disponibles para m\u00ed? \u00bfTengo elecci\u00f3n? \u00bfQu\u00e9 hacer a esta altura de mi existencia? Han pasado a\u00f1os, sin embargo, no s\u00e9 qui\u00e9n soy. Lo que s\u00e9 con certeza es que voy consumi\u00e9ndome. He entrado en el teatro de la vida. Profundamente consciente de que el espect\u00e1culo tiene determinada duraci\u00f3n antes de que me obliguen a partir, ya estoy viendo el tercer acto&rdquo;.<\/p>\r\n\r\n<p>El espectador, que al principio pudo haber interpretado la mirada como dirigida hacia el exterior, luego entiende que prevalece la auto-observaci\u00f3n.<\/p>\r\n\r\n<p>David Rosenmann-Taub: &ldquo;<em>La Opci\u00f3n<\/em>: un s\u00ed y un no: decisi\u00f3n e indecisi\u00f3n. Poner, a la multitud que contenemos, de acuerdo. Una lucha no por ganar, para saber.&rdquo; [Cita del texto de la contraportada del libro <em>La Opci\u00f3n<\/em>.]<\/p>\r\n\r\n","protected":false},"excerpt":{"rendered":"LA OPCI\u00d3N 2010. L\u00e1piz sobre papel. 23&#215;31 cm. [Un detalle del dibujo aparece en la portada de La Opci\u00f3n (LOM Ediciones, 2011), tercer volumen de la tetralog\u00eda Cortejo y Epinicio en el que cada tomo corresponde, entre otros temas, a una etapa del hombre. La Opci\u00f3n tiene lugar durante la madurez de un ser humano.] [&hellip;]","protected":false},"author":2,"featured_media":0,"parent":5945,"menu_order":10,"comment_status":"closed","ping_status":"closed","template":"","meta":{"nf_dc_page":"","_monsterinsights_skip_tracking":false,"_monsterinsights_sitenote_active":false,"_monsterinsights_sitenote_note":"","_monsterinsights_sitenote_category":0,"footnotes":""},"class_list":["post-5991","page","type-page","status-publish","hentry"],"aioseo_notices":[],"_links":{"self":[{"href":"https:\/\/davidrosenmann-taub.com\/es\/wp-json\/wp\/v2\/pages\/5991","targetHints":{"allow":["GET"]}}],"collection":[{"href":"https:\/\/davidrosenmann-taub.com\/es\/wp-json\/wp\/v2\/pages"}],"about":[{"href":"https:\/\/davidrosenmann-taub.com\/es\/wp-json\/wp\/v2\/types\/page"}],"author":[{"embeddable":true,"href":"https:\/\/davidrosenmann-taub.com\/es\/wp-json\/wp\/v2\/users\/2"}],"replies":[{"embeddable":true,"href":"https:\/\/davidrosenmann-taub.com\/es\/wp-json\/wp\/v2\/comments?post=5991"}],"version-history":[{"count":1,"href":"https:\/\/davidrosenmann-taub.com\/es\/wp-json\/wp\/v2\/pages\/5991\/revisions"}],"predecessor-version":[{"id":5992,"href":"https:\/\/davidrosenmann-taub.com\/es\/wp-json\/wp\/v2\/pages\/5991\/revisions\/5992"}],"up":[{"embeddable":true,"href":"https:\/\/davidrosenmann-taub.com\/es\/wp-json\/wp\/v2\/pages\/5945"}],"wp:attachment":[{"href":"https:\/\/davidrosenmann-taub.com\/es\/wp-json\/wp\/v2\/media?parent=5991"}],"curies":[{"name":"wp","href":"https:\/\/api.w.org\/{rel}","templated":true}]}}