{"id":5995,"date":"2025-03-20T16:03:52","date_gmt":"2025-03-20T23:03:52","guid":{"rendered":"https:\/\/davidrosenmann-taub.com\/?page_id=5995"},"modified":"2025-03-20T16:03:52","modified_gmt":"2025-03-20T23:03:52","slug":"la-sorpresa-de-existir","status":"publish","type":"page","link":"https:\/\/davidrosenmann-taub.com\/es\/drawings\/la-sorpresa-de-existir\/","title":{"rendered":"LA SORPRESA DE EXISTIR"},"content":{"rendered":"<p class=\"imagebox\">\r\n<a href=\"\/images\/drawings\/La-Sorpresa-w1000.jpg\" class=\"nounder highslide\" onclick=\"return hs.expand(this)\" rel=\"highslide\"><img decoding=\"async\" src=\"\/images\/drawings\/La-Sorpresa-w480.jpg\" alt=\"LA SORPRESA DE EXISTIR\" \/><\/a>\r\n<\/p>\r\n<p class=\"imagebox\">&nbsp;<\/p>\r\n<h2>LA SORPRESA DE EXISTIR<\/h2>\r\n<h4>1973. L\u00e1piz sobre papel. 33x22 cm.<\/h4>\r\n\r\n<p>Un grito surge de la boca, de las fosas nasales, incluso de los o\u00eddos de la mujer.\r\n\u00bfUn descenso o un ascenso?<\/p>\r\n<p>Tomar conciencia de lo que es existir: sorpresa, desilusi\u00f3n, tristeza, horror. Aparecer en este mundo o desaparecer de \u00e9l: no se nos da otra opci\u00f3n. Somos los juguetes del azar.<\/p>\r\n<p>En los dos extremos de la extensa, diagonal &ldquo;l\u00ednea de s\u00edntesis&rdquo;, a la derecha, como una &ldquo;S&rdquo; alargada, hay una curva de retorno en la direcci\u00f3n opuesta: sim\u00e9tricamente cayendo o subiendo, en un perpetuo movimiento.<\/p>","protected":false},"excerpt":{"rendered":"&nbsp; LA SORPRESA DE EXISTIR 1973. L\u00e1piz sobre papel. 33&#215;22 cm. Un grito surge de la boca, de las fosas nasales, incluso de los o\u00eddos de la mujer. \u00bfUn descenso o un ascenso? Tomar conciencia de lo que es existir: sorpresa, desilusi\u00f3n, tristeza, horror. Aparecer en este mundo o desaparecer de \u00e9l: no se nos [&hellip;]","protected":false},"author":2,"featured_media":0,"parent":5945,"menu_order":11,"comment_status":"closed","ping_status":"closed","template":"","meta":{"nf_dc_page":"","_monsterinsights_skip_tracking":false,"_monsterinsights_sitenote_active":false,"_monsterinsights_sitenote_note":"","_monsterinsights_sitenote_category":0,"footnotes":""},"class_list":["post-5995","page","type-page","status-publish","hentry"],"aioseo_notices":[],"_links":{"self":[{"href":"https:\/\/davidrosenmann-taub.com\/es\/wp-json\/wp\/v2\/pages\/5995","targetHints":{"allow":["GET"]}}],"collection":[{"href":"https:\/\/davidrosenmann-taub.com\/es\/wp-json\/wp\/v2\/pages"}],"about":[{"href":"https:\/\/davidrosenmann-taub.com\/es\/wp-json\/wp\/v2\/types\/page"}],"author":[{"embeddable":true,"href":"https:\/\/davidrosenmann-taub.com\/es\/wp-json\/wp\/v2\/users\/2"}],"replies":[{"embeddable":true,"href":"https:\/\/davidrosenmann-taub.com\/es\/wp-json\/wp\/v2\/comments?post=5995"}],"version-history":[{"count":1,"href":"https:\/\/davidrosenmann-taub.com\/es\/wp-json\/wp\/v2\/pages\/5995\/revisions"}],"predecessor-version":[{"id":5996,"href":"https:\/\/davidrosenmann-taub.com\/es\/wp-json\/wp\/v2\/pages\/5995\/revisions\/5996"}],"up":[{"embeddable":true,"href":"https:\/\/davidrosenmann-taub.com\/es\/wp-json\/wp\/v2\/pages\/5945"}],"wp:attachment":[{"href":"https:\/\/davidrosenmann-taub.com\/es\/wp-json\/wp\/v2\/media?parent=5995"}],"curies":[{"name":"wp","href":"https:\/\/api.w.org\/{rel}","templated":true}]}}