{"id":6003,"date":"2025-03-20T16:09:22","date_gmt":"2025-03-20T23:09:22","guid":{"rendered":"https:\/\/davidrosenmann-taub.com\/?page_id=6003"},"modified":"2025-10-31T17:09:05","modified_gmt":"2025-11-01T00:09:05","slug":"mirar-para-no-ver","status":"publish","type":"page","link":"https:\/\/davidrosenmann-taub.com\/es\/drawings\/mirar-para-no-ver\/","title":{"rendered":"MIRAR PARA NO VER"},"content":{"rendered":"<p class=\"imagebox\">\r\n<a href=\"\/images\/drawings\/Mirar-w1000.jpg\" class=\"nounder highslide\" onclick=\"return hs.expand(this)\" rel=\"highslide\"><img decoding=\"async\" src=\"\/images\/drawings\/Mirar-w480.jpg\" alt=\"MIRAR PARA NO VER\" \/><\/a>\r\n<\/p>\r\n<p class=\"imagebox\">&nbsp;<\/p>\r\n<h2>MIRAR PARA NO VER<\/h2>\r\n<h4>1994. L\u00e1piz sobre papel. 23x30 cm.<\/h4>\r\n\r\n<p>Un cruce de caminos opuestos. La boca, el bigote, las cejas ascienden por un lado y caen por el otro.<\/p>\r\n\r\n<p>Un ojo bien abierto: ha venido observando las contradicciones del mundo \u2013 y las suyas propias \u2013. Preferir\u00eda no percibir m\u00e1s nada: su otro ojo est\u00e1 cerrado.<\/p>\r\n\r\n<p>No hay contorno de la cara, no se perciben huesos, s\u00f3lo elementos como ecos de rasgos faciales humanos que no representan a una persona en particular; revelan un movimiento interno de conciencia en lo que es testigo de la realidad.<\/p>\r\n","protected":false},"excerpt":{"rendered":"&nbsp; MIRAR PARA NO VER 1994. L\u00e1piz sobre papel. 23&#215;30 cm. Un cruce de caminos opuestos. La boca, el bigote, las cejas ascienden por un lado y caen por el otro. Un ojo bien abierto: ha venido observando las contradicciones del mundo \u2013 y las suyas propias \u2013. Preferir\u00eda no percibir m\u00e1s nada: su otro [&hellip;]","protected":false},"author":2,"featured_media":0,"parent":5945,"menu_order":13,"comment_status":"closed","ping_status":"closed","template":"","meta":{"nf_dc_page":"","_monsterinsights_skip_tracking":false,"_monsterinsights_sitenote_active":false,"_monsterinsights_sitenote_note":"","_monsterinsights_sitenote_category":0,"footnotes":""},"class_list":["post-6003","page","type-page","status-publish","hentry"],"aioseo_notices":[],"_links":{"self":[{"href":"https:\/\/davidrosenmann-taub.com\/es\/wp-json\/wp\/v2\/pages\/6003","targetHints":{"allow":["GET"]}}],"collection":[{"href":"https:\/\/davidrosenmann-taub.com\/es\/wp-json\/wp\/v2\/pages"}],"about":[{"href":"https:\/\/davidrosenmann-taub.com\/es\/wp-json\/wp\/v2\/types\/page"}],"author":[{"embeddable":true,"href":"https:\/\/davidrosenmann-taub.com\/es\/wp-json\/wp\/v2\/users\/2"}],"replies":[{"embeddable":true,"href":"https:\/\/davidrosenmann-taub.com\/es\/wp-json\/wp\/v2\/comments?post=6003"}],"version-history":[{"count":1,"href":"https:\/\/davidrosenmann-taub.com\/es\/wp-json\/wp\/v2\/pages\/6003\/revisions"}],"predecessor-version":[{"id":6004,"href":"https:\/\/davidrosenmann-taub.com\/es\/wp-json\/wp\/v2\/pages\/6003\/revisions\/6004"}],"up":[{"embeddable":true,"href":"https:\/\/davidrosenmann-taub.com\/es\/wp-json\/wp\/v2\/pages\/5945"}],"wp:attachment":[{"href":"https:\/\/davidrosenmann-taub.com\/es\/wp-json\/wp\/v2\/media?parent=6003"}],"curies":[{"name":"wp","href":"https:\/\/api.w.org\/{rel}","templated":true}]}}