{"id":6011,"date":"2025-03-20T16:14:53","date_gmt":"2025-03-20T23:14:53","guid":{"rendered":"https:\/\/davidrosenmann-taub.com\/?page_id=6011"},"modified":"2025-10-31T17:07:13","modified_gmt":"2025-11-01T00:07:13","slug":"rapsodia","status":"publish","type":"page","link":"https:\/\/davidrosenmann-taub.com\/es\/drawings\/rapsodia\/","title":{"rendered":"RAPSODIA"},"content":{"rendered":"<p class=\"imagebox\">\r\n<a href=\"\/images\/drawings\/Rapsodia-w1000.jpg\" class=\"nounder highslide\" onclick=\"return hs.expand(this)\" rel=\"highslide\"><img decoding=\"async\" src=\"\/images\/drawings\/Rapsodia-w480.jpg\" alt=\"RAPSODIA\" \/><\/a>\r\n<\/p>\r\n<p class=\"imagebox\">&nbsp;<\/p>\r\n<h2>RAPSODIA<\/h2>\r\n<h4>2005. L\u00e1piz sobre papel. 23x31 cm.<\/h4>\r\n\r\n<p>Una pareja, comunicados en silencio, aparece en la portada de <a href=\"https:\/\/davidrosenmann-taub.com\/es\/books\/auge\/\"><em>Auge<\/em> (LOM Ediciones, 2007)<\/a> de Rosenmann-Taub; su historia se refiere a uno de los poemas en el libro, &ldquo;Rapsodia&rdquo;. El hombre y la mujer ya eran padres, pero su sue\u00f1o de tener m\u00e1s hijos fue truncado cuando ella muri\u00f3 al, otra vez, dar a luz. El poema deja en claro que la tragedia sucedi\u00f3 hace mucho tiempo y lo que permanece del evento es una memoria lejana; as\u00ed, los personajes en el dibujo est\u00e1n m\u00e1s all\u00e1 del tiempo y el espacio. Exentos de cuerpos, s\u00f3lo su energ\u00eda perdura.<\/p>\r\n\r\n<p>Dado que ambos est\u00e1n devastados, \u00bfqui\u00e9n dar\u00e1 consuelo a qui\u00e9n?<\/p>\r\n<p>Con una tristeza sin soluci\u00f3n, \u00e9l la mira con intensidad. Ella, con el mismo pesar, pero absorta en s\u00ed misma, mantiene los ojos cerrados.<\/p>\r\n<p>La pareja cay\u00f3 en la trampa de querer m\u00e1s. Ahora est\u00e1n bajo la maldici\u00f3n de recordar las consecuencias.<\/p>\r\n<p>\u00c9l, todav\u00eda con una leve sonrisa ante el recuerdo de sus deleites. Aspira, tambi\u00e9n, a dominar su propio dolor, para aliviar el de ella, que s\u00f3lo siente sufrimiento, decepci\u00f3n e incluso repugnancia (evidente en la forma de su boca hacia abajo). Anhelaba tanto que su maternidad continuara. Lo que m\u00e1s am\u00f3 le fue arrebatado.<\/p>\r\n<p>Los remolinos alrededor de ellos expresan el deseo de \u00e9l de consolarla, de intentar acariciarla &mdash; por medio de su pera, bigote y ceja &mdash;. La l\u00ednea curva de energ\u00eda que se mueve desde su mejilla hasta ella (y viceversa), evoca una mano abstracta que ans\u00eda abrazar.<\/p>\r\n<p>Con un movimiento circular desde \u00e9l hacia ella, una ola pincela su garganta. Ella responde con un gesto de llamado de su ceja. En el \u00fanico punto que apenas se tocan es donde rozan sus cabellos.<\/p>\r\n<p>En este proceso de fusi\u00f3n, ella ha adquirido algo de su masculinidad y \u00e9l, de su feminidad.<\/p>\r\n<p>A pesar de experimentar profundamente su p\u00e9rdida para la eternidad, est\u00e1n tranquilos: su cercan\u00eda jam\u00e1s cambia.<\/p>\r\n<p>&ldquo;Rapsodia&rdquo;, el poema, se puede leer a continuaci\u00f3n:<\/p>\r\n\r\n<h3>RAPSODIA<\/h3>\r\n<p class=\"half-centered\">&nbsp;&nbsp;&nbsp;Elbirita ostentaba la costumbre<br \/>\r\n  de sentarse de modo<br \/>\r\n  que algunos (mequetrefes)<br \/>\r\n  compa&ntilde;eros guind&aacute;ramos<br \/>\r\n  divisar<br \/>\r\n  su secreto.<\/p>\r\n<p class=\"half-centered\">&nbsp;&nbsp;&nbsp;&laquo;&iexcl;Elvira!&raquo;<br \/>\r\n  Ella no se movi&oacute;.<br \/>\r\n  &laquo;&iexcl;Elvira, por Dios santo!&raquo;<br \/>\r\n  &laquo;Elbirita, con be<br \/>\r\n  larga.&raquo;<br \/>\r\n  &laquo;P&aacute;rese al objetarme.&raquo;<br \/>\r\n  &nbsp;&laquo;Ll&aacute;meme <em>ust&eacute;<\/em><br \/>\r\n  correctamente.&raquo;<\/p>\r\n<p class=\"half-centered\">&nbsp;&nbsp;&nbsp;&iquest;Garrotes?<br \/>\r\nUnas l&aacute;grimas.<br \/>\r\nTodos (menos, muy p&aacute;lida, Elbirita),<br \/>\r\npe&ntilde;ascal<br \/>\r\nde culpables.<br \/>\r\nEl se&ntilde;or profesor no enristra d&oacute;nde<br \/>\r\ncatear. Se saca los anteojos. Toma<br \/>\r\nla tiza. &laquo;Un voluntario<br \/>\r\nque borre el pizarr&oacute;n.&raquo;<\/p>\r\n<p class=\"half-centered\">&nbsp;&nbsp;&nbsp;&iexcl;Ay&uacute;denme<br \/>\r\n  a acordarme!<br \/>\r\n  Cienbillones de siglos<br \/>\r\n  o ayer: no queda nadie:<br \/>\r\n  ni el se&ntilde;or profesor,<br \/>\r\n  ni un compa&ntilde;ero,<br \/>\r\n  ni, por supuesto, yo;<br \/>\r\n  ni Elbirita, quien, quiz&aacute; me  equivoco,<br \/>\r\n  muri&oacute; de pulmon&iacute;a.<br \/>\r\n  No, de parto.<br \/>\r\n  S&iacute;, s&iacute;, de parto, s&iacute;.<br \/>\r\n  Tuvimos una ni&ntilde;a; luego, un ni&ntilde;o<br \/>\r\n  y,<br \/>\r\n  por cimera gloria,<br \/>\r\n  aquel tenue embarazo de mellizos,<br \/>\r\n  que, de un zarpazo, a ella le  borr&oacute;<br \/>\r\n  su secreto<br \/>\r\n  y a m&iacute; el campo de dicha.<\/p>\r\n<p class=\"half-centered\">&nbsp;&nbsp;&nbsp;Un voluntario, pronto, al pizarr&oacute;n!&raquo;<\/p>\r\n\r\n","protected":false},"excerpt":{"rendered":"&nbsp; RAPSODIA 2005. L\u00e1piz sobre papel. 23&#215;31 cm. Una pareja, comunicados en silencio, aparece en la portada de Auge (LOM Ediciones, 2007) de Rosenmann-Taub; su historia se refiere a uno de los poemas en el libro, &ldquo;Rapsodia&rdquo;. El hombre y la mujer ya eran padres, pero su sue\u00f1o de tener m\u00e1s hijos fue truncado cuando [&hellip;]","protected":false},"author":2,"featured_media":0,"parent":5945,"menu_order":15,"comment_status":"closed","ping_status":"closed","template":"","meta":{"nf_dc_page":"","_monsterinsights_skip_tracking":false,"_monsterinsights_sitenote_active":false,"_monsterinsights_sitenote_note":"","_monsterinsights_sitenote_category":0,"footnotes":""},"class_list":["post-6011","page","type-page","status-publish","hentry"],"aioseo_notices":[],"_links":{"self":[{"href":"https:\/\/davidrosenmann-taub.com\/es\/wp-json\/wp\/v2\/pages\/6011","targetHints":{"allow":["GET"]}}],"collection":[{"href":"https:\/\/davidrosenmann-taub.com\/es\/wp-json\/wp\/v2\/pages"}],"about":[{"href":"https:\/\/davidrosenmann-taub.com\/es\/wp-json\/wp\/v2\/types\/page"}],"author":[{"embeddable":true,"href":"https:\/\/davidrosenmann-taub.com\/es\/wp-json\/wp\/v2\/users\/2"}],"replies":[{"embeddable":true,"href":"https:\/\/davidrosenmann-taub.com\/es\/wp-json\/wp\/v2\/comments?post=6011"}],"version-history":[{"count":1,"href":"https:\/\/davidrosenmann-taub.com\/es\/wp-json\/wp\/v2\/pages\/6011\/revisions"}],"predecessor-version":[{"id":6012,"href":"https:\/\/davidrosenmann-taub.com\/es\/wp-json\/wp\/v2\/pages\/6011\/revisions\/6012"}],"up":[{"embeddable":true,"href":"https:\/\/davidrosenmann-taub.com\/es\/wp-json\/wp\/v2\/pages\/5945"}],"wp:attachment":[{"href":"https:\/\/davidrosenmann-taub.com\/es\/wp-json\/wp\/v2\/media?parent=6011"}],"curies":[{"name":"wp","href":"https:\/\/api.w.org\/{rel}","templated":true}]}}