{"id":6015,"date":"2025-03-20T16:24:02","date_gmt":"2025-03-20T23:24:02","guid":{"rendered":"https:\/\/davidrosenmann-taub.com\/?page_id=6015"},"modified":"2025-10-31T17:05:51","modified_gmt":"2025-11-01T00:05:51","slug":"tratando-de-estar-con-el","status":"publish","type":"page","link":"https:\/\/davidrosenmann-taub.com\/es\/drawings\/tratando-de-estar-con-el\/","title":{"rendered":"TRATANDO DE ESTAR CON &Eacute;L"},"content":{"rendered":"<p class=\"imagebox\">\r\n<a href=\"\/images\/drawings\/Tratando-de-Estar-w1000.jpg\" class=\"nounder highslide\" onclick=\"return hs.expand(this)\" rel=\"highslide\"><img decoding=\"async\" src=\"\/images\/drawings\/Tratando-de-Estar-w480.jpg\" alt=\"TRATANDO DE ESTAR CON &Eacute;L\" \/><\/a>\r\n<\/p>\r\n<p class=\"imagebox\">&nbsp;<\/p>\r\n<h2>TRATANDO DE ESTAR CON &Eacute;L<\/h2>\r\n<h4>1993. L\u00e1piz sobre papel. 18x28 cm.<\/h4>\r\n<p>Los labios fruncidos: un beso que puede ser el \u00fanico que experimentar\u00e1. Situaci\u00f3n meditativa, no seducci\u00f3n er\u00f3tica; beso de pensamiento a pensamiento; un beso para ser absorbido. Siente que Jes\u00fas est\u00e1 con ella.<\/p>\r\n<p>El movimiento de las l\u00edneas revela su evoluci\u00f3n espiritual: unas pocas se dirigen hacia la derecha (el cuello, el alzacuello debajo del ment\u00f3n), pero las m\u00e1s notables (las dos curvas que insin\u00faan el velo) se extienden a la izquierda, hacia el espacio vac\u00edo. Lo que haya interferido dentro de ella para impedir su llamado, termina orient\u00e1ndose en Su direcci\u00f3n.<\/p>\r\n<p>Otro nivel: en una actitud absorta, se encontr\u00f3 a s\u00ed misma. Este tocamiento interno la ha conducido a un acto cuyo destino cambia por completo su existencia. Sabe lo que la cautiva y lo que no.<\/p>\r\n<p>Un momento de evidente nitidez queda consagrado en lo que podr\u00eda ser la figura de un vitral.<\/p>\r\n\r\n<p>La extrema econom\u00eda de los trazos confiere una impresi\u00f3n general de serenidad.<\/p>","protected":false},"excerpt":{"rendered":"&nbsp; TRATANDO DE ESTAR CON &Eacute;L 1993. L\u00e1piz sobre papel. 18&#215;28 cm. Los labios fruncidos: un beso que puede ser el \u00fanico que experimentar\u00e1. Situaci\u00f3n meditativa, no seducci\u00f3n er\u00f3tica; beso de pensamiento a pensamiento; un beso para ser absorbido. Siente que Jes\u00fas est\u00e1 con ella. El movimiento de las l\u00edneas revela su evoluci\u00f3n espiritual: unas [&hellip;]","protected":false},"author":2,"featured_media":0,"parent":5945,"menu_order":16,"comment_status":"closed","ping_status":"closed","template":"","meta":{"nf_dc_page":"","_monsterinsights_skip_tracking":false,"_monsterinsights_sitenote_active":false,"_monsterinsights_sitenote_note":"","_monsterinsights_sitenote_category":0,"footnotes":""},"class_list":["post-6015","page","type-page","status-publish","hentry"],"aioseo_notices":[],"_links":{"self":[{"href":"https:\/\/davidrosenmann-taub.com\/es\/wp-json\/wp\/v2\/pages\/6015","targetHints":{"allow":["GET"]}}],"collection":[{"href":"https:\/\/davidrosenmann-taub.com\/es\/wp-json\/wp\/v2\/pages"}],"about":[{"href":"https:\/\/davidrosenmann-taub.com\/es\/wp-json\/wp\/v2\/types\/page"}],"author":[{"embeddable":true,"href":"https:\/\/davidrosenmann-taub.com\/es\/wp-json\/wp\/v2\/users\/2"}],"replies":[{"embeddable":true,"href":"https:\/\/davidrosenmann-taub.com\/es\/wp-json\/wp\/v2\/comments?post=6015"}],"version-history":[{"count":1,"href":"https:\/\/davidrosenmann-taub.com\/es\/wp-json\/wp\/v2\/pages\/6015\/revisions"}],"predecessor-version":[{"id":6016,"href":"https:\/\/davidrosenmann-taub.com\/es\/wp-json\/wp\/v2\/pages\/6015\/revisions\/6016"}],"up":[{"embeddable":true,"href":"https:\/\/davidrosenmann-taub.com\/es\/wp-json\/wp\/v2\/pages\/5945"}],"wp:attachment":[{"href":"https:\/\/davidrosenmann-taub.com\/es\/wp-json\/wp\/v2\/media?parent=6015"}],"curies":[{"name":"wp","href":"https:\/\/api.w.org\/{rel}","templated":true}]}}