{"id":6019,"date":"2025-03-20T16:27:18","date_gmt":"2025-03-20T23:27:18","guid":{"rendered":"https:\/\/davidrosenmann-taub.com\/?page_id=6019"},"modified":"2025-10-31T17:03:30","modified_gmt":"2025-11-01T00:03:30","slug":"yo","status":"publish","type":"page","link":"https:\/\/davidrosenmann-taub.com\/es\/drawings\/yo\/","title":{"rendered":"YO"},"content":{"rendered":"<p class=\"imagebox\">\r\n<a href=\"\/images\/drawings\/Yo-w1000.jpg\" class=\"nounder highslide\" onclick=\"return hs.expand(this)\" rel=\"highslide\"><img decoding=\"async\" src=\"\/images\/drawings\/Yo-w480.jpg\" alt=\"YO\" \/><\/a>\r\n<\/p>\r\n<p class=\"imagebox\">&nbsp;<\/p>\r\n<h2>YO<\/h2>\r\n<h4>1982. L\u00e1piz sobre papel. 33x23 cm.<\/h4>\r\n<p>Un homenaje al esfuerzo por saber; tambi\u00e9n una declaraci\u00f3n ir\u00f3nica: el poeta, en dos edades diferentes (las dos figuras) &mdash;  sentado en una pila de libros que ha estudiado bien &mdash;  termina inform\u00e1ndose a trav\u00e9s de la contemplaci\u00f3n directa del mundo.<\/p>\r\n<p>El precario c\u00famulo est\u00e1 dentro de un \u00f3valo puro: el esbozo de un rostro, dibujado por una mano muy segura.<\/p>","protected":false},"excerpt":{"rendered":"&nbsp; YO 1982. L\u00e1piz sobre papel. 33&#215;23 cm. Un homenaje al esfuerzo por saber; tambi\u00e9n una declaraci\u00f3n ir\u00f3nica: el poeta, en dos edades diferentes (las dos figuras) &mdash; sentado en una pila de libros que ha estudiado bien &mdash; termina inform\u00e1ndose a trav\u00e9s de la contemplaci\u00f3n directa del mundo. El precario c\u00famulo est\u00e1 dentro de [&hellip;]","protected":false},"author":2,"featured_media":0,"parent":5945,"menu_order":18,"comment_status":"closed","ping_status":"closed","template":"","meta":{"nf_dc_page":"","_monsterinsights_skip_tracking":false,"_monsterinsights_sitenote_active":false,"_monsterinsights_sitenote_note":"","_monsterinsights_sitenote_category":0,"footnotes":""},"class_list":["post-6019","page","type-page","status-publish","hentry"],"aioseo_notices":[],"_links":{"self":[{"href":"https:\/\/davidrosenmann-taub.com\/es\/wp-json\/wp\/v2\/pages\/6019","targetHints":{"allow":["GET"]}}],"collection":[{"href":"https:\/\/davidrosenmann-taub.com\/es\/wp-json\/wp\/v2\/pages"}],"about":[{"href":"https:\/\/davidrosenmann-taub.com\/es\/wp-json\/wp\/v2\/types\/page"}],"author":[{"embeddable":true,"href":"https:\/\/davidrosenmann-taub.com\/es\/wp-json\/wp\/v2\/users\/2"}],"replies":[{"embeddable":true,"href":"https:\/\/davidrosenmann-taub.com\/es\/wp-json\/wp\/v2\/comments?post=6019"}],"version-history":[{"count":1,"href":"https:\/\/davidrosenmann-taub.com\/es\/wp-json\/wp\/v2\/pages\/6019\/revisions"}],"predecessor-version":[{"id":6020,"href":"https:\/\/davidrosenmann-taub.com\/es\/wp-json\/wp\/v2\/pages\/6019\/revisions\/6020"}],"up":[{"embeddable":true,"href":"https:\/\/davidrosenmann-taub.com\/es\/wp-json\/wp\/v2\/pages\/5945"}],"wp:attachment":[{"href":"https:\/\/davidrosenmann-taub.com\/es\/wp-json\/wp\/v2\/media?parent=6019"}],"curies":[{"name":"wp","href":"https:\/\/api.w.org\/{rel}","templated":true}]}}