{"id":6053,"date":"2025-03-27T12:50:10","date_gmt":"2025-03-27T19:50:10","guid":{"rendered":"https:\/\/davidrosenmann-taub.com\/?page_id=6053"},"modified":"2025-03-27T12:52:49","modified_gmt":"2025-03-27T19:52:49","slug":"rhythms","status":"publish","type":"page","link":"https:\/\/davidrosenmann-taub.com\/es\/music\/rhythms\/","title":{"rendered":"Rhythms of a Multiverse (En Ingl&eacute;s)"},"content":{"rendered":"<h2>Rhythms of a Multiverse (En Ingl&eacute;s)<\/h2>\r\n<div class=\"video-wrapper\"><iframe loading=\"lazy\" src=\"https:\/\/player.vimeo.com\/video\/629424012\" width=\"640\" height=\"352\" frameborder=\"0\" webkitallowfullscreen mozallowfullscreen allowfullscreen><\/iframe><\/div>\r\n\r\n<p><strong><em>Rhythms of a Multiverse<\/em><\/strong> presenta diecinueve selecciones de las interpretaciones instrumentales de David Rosenmann-Taub. Empleando narraciones breves, el compositor examina la relaci\u00f3n entre su poes\u00eda y su m\u00fasica, la base del lenguaje musical, el arte como expresi\u00f3n de la experiencia vivida y el papel del ritmo en la naturaleza, la poes\u00eda y la m\u00fasica.<\/p>","protected":false},"excerpt":{"rendered":"Rhythms of a Multiverse (En Ingl&eacute;s) Rhythms of a Multiverse presenta diecinueve selecciones de las interpretaciones instrumentales de David Rosenmann-Taub. Empleando narraciones breves, el compositor examina la relaci\u00f3n entre su poes\u00eda y su m\u00fasica, la base del lenguaje musical, el arte como expresi\u00f3n de la experiencia vivida y el papel del ritmo en la naturaleza, [&hellip;]","protected":false},"author":2,"featured_media":0,"parent":6033,"menu_order":2,"comment_status":"closed","ping_status":"closed","template":"","meta":{"nf_dc_page":"","_monsterinsights_skip_tracking":true,"_monsterinsights_sitenote_active":false,"_monsterinsights_sitenote_note":"","_monsterinsights_sitenote_category":0,"footnotes":""},"class_list":["post-6053","page","type-page","status-publish","hentry"],"aioseo_notices":[],"_links":{"self":[{"href":"https:\/\/davidrosenmann-taub.com\/es\/wp-json\/wp\/v2\/pages\/6053","targetHints":{"allow":["GET"]}}],"collection":[{"href":"https:\/\/davidrosenmann-taub.com\/es\/wp-json\/wp\/v2\/pages"}],"about":[{"href":"https:\/\/davidrosenmann-taub.com\/es\/wp-json\/wp\/v2\/types\/page"}],"author":[{"embeddable":true,"href":"https:\/\/davidrosenmann-taub.com\/es\/wp-json\/wp\/v2\/users\/2"}],"replies":[{"embeddable":true,"href":"https:\/\/davidrosenmann-taub.com\/es\/wp-json\/wp\/v2\/comments?post=6053"}],"version-history":[{"count":1,"href":"https:\/\/davidrosenmann-taub.com\/es\/wp-json\/wp\/v2\/pages\/6053\/revisions"}],"predecessor-version":[{"id":6055,"href":"https:\/\/davidrosenmann-taub.com\/es\/wp-json\/wp\/v2\/pages\/6053\/revisions\/6055"}],"up":[{"embeddable":true,"href":"https:\/\/davidrosenmann-taub.com\/es\/wp-json\/wp\/v2\/pages\/6033"}],"wp:attachment":[{"href":"https:\/\/davidrosenmann-taub.com\/es\/wp-json\/wp\/v2\/media?parent=6053"}],"curies":[{"name":"wp","href":"https:\/\/api.w.org\/{rel}","templated":true}]}}