{"id":6141,"date":"2025-03-28T16:01:20","date_gmt":"2025-03-28T23:01:20","guid":{"rendered":"https:\/\/davidrosenmann-taub.com\/?page_id=6141"},"modified":"2025-03-28T16:01:20","modified_gmt":"2025-03-28T23:01:20","slug":"fuegos-naturales-1","status":"publish","type":"page","link":"https:\/\/davidrosenmann-taub.com\/es\/music\/works\/fuegos-naturales-1\/","title":{"rendered":"Fuegos naturales 1"},"content":{"rendered":"<p class=\"half-centered\"><strong>T&iacute;tulo<\/strong>: Fuegos naturales I<br>\r\n\t<strong>Instrumentos<\/strong>: Uno y dos pianos<br>\r\n  <strong>Fecha<\/strong>: 12\/5\/1997<br>\r\n  <strong>Tiempo Total del Disco<\/strong>: 68:06\r\n<\/p>\r\n<table class=\"tracks-table\">\r\n<thead>\r\n<tr>\r\n<td class=\"col-number\">N&uacute;mero<\/td>\r\n<td class=\"col-title\">T&iacute;tulo<\/td>\r\n<td class=\"col-length\">Tiempo<\/td>\r\n<\/tr>\r\n<\/thead>\r\n<tbody>\r\n<tr>\r\n<td class=\"col-section-name\" colspan=\"3\">I<\/td>\r\n<\/tr>\r\n<tr>\r\n<td class=\"col-number\">1<\/td>\r\n<td class=\"col-title\">El poema.<\/td>\r\n<td class=\"col-length\">1:13<\/td>\r\n<\/tr>\r\n<tr>\r\n<td class=\"col-section-name\" colspan=\"3\">II (Ego Sum)<\/td>\r\n<\/tr>\r\n<tr>\r\n<td class=\"col-number\">2<\/td>\r\n<td class=\"col-title\">1 (solo)<\/td>\r\n<td class=\"col-length\">8:07<\/td>\r\n<\/tr>\r\n<tr>\r\n<td class=\"col-number\">3<\/td>\r\n<td class=\"col-title\">2 (solo)<\/td>\r\n<td class=\"col-length\">2:47<\/td>\r\n<\/tr>\r\n<tr>\r\n<td class=\"col-number\">4<\/td>\r\n<td class=\"col-title\">3 (solo)<\/td>\r\n<td class=\"col-length\">10:39<\/td>\r\n<\/tr>\r\n<tr>\r\n<td class=\"col-section-name\" colspan=\"3\">III<\/td>\r\n<\/tr>\r\n<tr>\r\n<td class=\"col-number\">5<\/td>\r\n<td class=\"col-title\">1: Ep\u00edgrafe<\/td>\r\n<td class=\"col-length\">:13<\/td>\r\n<\/tr>\r\n<tr>\r\n<td class=\"col-number\">6<\/td>\r\n<td class=\"col-title\">2: (d\u00fao)<\/td>\r\n<td class=\"col-length\">8:13<\/td>\r\n<\/tr>\r\n<tr>\r\n<td class=\"col-number\">7<\/td>\r\n<td class=\"col-title\">3: (d\u00fao)<\/td>\r\n<td class=\"col-length\">2:48<\/td>\r\n<\/tr>\r\n<tr>\r\n<td class=\"col-number\">8<\/td>\r\n<td class=\"col-title\">4: (d\u00fao) <\/td>\r\n<td class=\"col-length\">10:50<\/td>\r\n<\/tr>\r\n<tr>\r\n<td class=\"col-section-name\" colspan=\"3\">IV<\/td>\r\n<\/tr>\r\n<tr>\r\n<td class=\"col-number\">9<\/td>\r\n<td class=\"col-title\">1: Ep\u00edgrafe <\/td>\r\n<td class=\"col-length\">:11<\/td>\r\n<\/tr>\r\n<tr>\r\n<td class=\"col-number\">10<\/td>\r\n<td class=\"col-title\">2: (d\u00fao) <\/td>\r\n<td class=\"col-length\">8:18<\/td>\r\n<\/tr>\r\n<tr>\r\n<td class=\"col-number\">11<\/td>\r\n<td class=\"col-title\">3: (d\u00fao) <\/td>\r\n<td class=\"col-length\">2:51<\/td>\r\n<\/tr>\r\n<tr>\r\n<td class=\"col-number\">12<\/td>\r\n<td class=\"col-title\">4: (d\u00fao) <\/td>\r\n<td class=\"col-length\">10:55<\/td>\r\n<\/tr>\r\n\r\n<\/tbody>\r\n<\/table>\r\n","protected":false},"excerpt":{"rendered":"T&iacute;tulo: Fuegos naturales I Instrumentos: Uno y dos pianos Fecha: 12\/5\/1997 Tiempo Total del Disco: 68:06 N&uacute;mero T&iacute;tulo Tiempo I 1 El poema. 1:13 II (Ego Sum) 2 1 (solo) 8:07 3 2 (solo) 2:47 4 3 (solo) 10:39 III 5 1: Ep\u00edgrafe :13 6 2: (d\u00fao) 8:13 7 3: (d\u00fao) 2:48 8 4: (d\u00fao) [&hellip;]","protected":false},"author":2,"featured_media":0,"parent":6088,"menu_order":9,"comment_status":"closed","ping_status":"closed","template":"","meta":{"nf_dc_page":"","_monsterinsights_skip_tracking":true,"_monsterinsights_sitenote_active":false,"_monsterinsights_sitenote_note":"","_monsterinsights_sitenote_category":0,"footnotes":""},"class_list":["post-6141","page","type-page","status-publish","hentry"],"aioseo_notices":[],"_links":{"self":[{"href":"https:\/\/davidrosenmann-taub.com\/es\/wp-json\/wp\/v2\/pages\/6141","targetHints":{"allow":["GET"]}}],"collection":[{"href":"https:\/\/davidrosenmann-taub.com\/es\/wp-json\/wp\/v2\/pages"}],"about":[{"href":"https:\/\/davidrosenmann-taub.com\/es\/wp-json\/wp\/v2\/types\/page"}],"author":[{"embeddable":true,"href":"https:\/\/davidrosenmann-taub.com\/es\/wp-json\/wp\/v2\/users\/2"}],"replies":[{"embeddable":true,"href":"https:\/\/davidrosenmann-taub.com\/es\/wp-json\/wp\/v2\/comments?post=6141"}],"version-history":[{"count":1,"href":"https:\/\/davidrosenmann-taub.com\/es\/wp-json\/wp\/v2\/pages\/6141\/revisions"}],"predecessor-version":[{"id":6143,"href":"https:\/\/davidrosenmann-taub.com\/es\/wp-json\/wp\/v2\/pages\/6141\/revisions\/6143"}],"up":[{"embeddable":true,"href":"https:\/\/davidrosenmann-taub.com\/es\/wp-json\/wp\/v2\/pages\/6088"}],"wp:attachment":[{"href":"https:\/\/davidrosenmann-taub.com\/es\/wp-json\/wp\/v2\/media?parent=6141"}],"curies":[{"name":"wp","href":"https:\/\/api.w.org\/{rel}","templated":true}]}}