{"id":6159,"date":"2025-03-28T16:14:52","date_gmt":"2025-03-28T23:14:52","guid":{"rendered":"https:\/\/davidrosenmann-taub.com\/?page_id=6159"},"modified":"2025-03-28T16:14:52","modified_gmt":"2025-03-28T23:14:52","slug":"fuegos-naturales-4","status":"publish","type":"page","link":"https:\/\/davidrosenmann-taub.com\/es\/music\/works\/fuegos-naturales-4\/","title":{"rendered":"Fuegos naturales 4"},"content":{"rendered":"<p class=\"half-centered\"><strong>T&iacute;tulo<\/strong>: Fuegos naturales 4<br>\r\n\t<strong>Instrumentos<\/strong>: Tres y cuatro pianos<br>\r\n  <strong>Fecha<\/strong>: 12\/13\/1997<br>\r\n  <strong>Tiempo Total del Disco<\/strong>: 69:03\r\n<\/p>\r\n<table class=\"tracks-table\">\r\n<thead>\r\n<tr>\r\n<td class=\"col-number\">N&uacute;mero<\/td>\r\n<td class=\"col-title\">T&iacute;tulo<\/td>\r\n<td class=\"col-length\">Tiempo<\/td>\r\n<\/tr>\r\n<\/thead>\r\n<tbody>\r\n<tr>\r\n<td class=\"col-section-name\" colspan=\"3\">XI<\/td>\r\n<\/tr>\r\n<tr>\r\n<td class=\"col-number\">1<\/td>\r\n<td class=\"col-title\">1: Ep\u00edgrafe <\/td>\r\n<td class=\"col-length\">:19<\/td>\r\n<\/tr>\r\n<tr>\r\n<td class=\"col-number\">2<\/td>\r\n<td class=\"col-title\">2: (tr\u00edo) <\/td>\r\n<td class=\"col-length\">8:23<\/td>\r\n<\/tr>\r\n<tr>\r\n<td class=\"col-number\">3<\/td>\r\n<td class=\"col-title\">3: (tr\u00edo) <\/td>\r\n<td class=\"col-length\">2:56<\/td>\r\n<\/tr>\r\n<tr>\r\n<td class=\"col-number\">4<\/td>\r\n<td class=\"col-title\">4: (cuarteto) <\/td>\r\n<td class=\"col-length\">11:13<\/td>\r\n<\/tr>\r\n<tr>\r\n<td class=\"col-section-name\" colspan=\"3\">XII<\/td>\r\n<\/tr>\r\n<tr>\r\n<td class=\"col-number\">5<\/td>\r\n<td class=\"col-title\">1: Ep\u00edgrafe <\/td>\r\n<td class=\"col-length\">:15<\/td>\r\n<\/tr>\r\n<tr>\r\n<td class=\"col-number\">6<\/td>\r\n<td class=\"col-title\">2: (cuarteto) <\/td>\r\n<td class=\"col-length\">8:22<\/td>\r\n<\/tr>\r\n<tr>\r\n<td class=\"col-number\">7<\/td>\r\n<td class=\"col-title\">3: (cuarteto) <\/td>\r\n<td class=\"col-length\">2:56<\/td>\r\n<\/tr>\r\n<tr>\r\n<td class=\"col-number\">8<\/td>\r\n<td class=\"col-title\">4: (cuarteto) <\/td>\r\n<td class=\"col-length\">10:59<\/td>\r\n<\/tr>\r\n<tr>\r\n<td class=\"col-section-name\" colspan=\"3\">XIII<\/td>\r\n<\/tr>\r\n<tr>\r\n<td class=\"col-number\">9<\/td>\r\n<td class=\"col-title\">1: Ep\u00edgrafe <\/td>\r\n<td class=\"col-length\">:18<\/td>\r\n<\/tr>\r\n<tr>\r\n<td class=\"col-number\">10<\/td>\r\n<td class=\"col-title\">2: (cuarteto) <\/td>\r\n<td class=\"col-length\">8:22<\/td>\r\n<\/tr>\r\n<tr>\r\n<td class=\"col-number\">11<\/td>\r\n<td class=\"col-title\">3: (cuarteto) <\/td>\r\n<td class=\"col-length\">2:56<\/td>\r\n<\/tr>\r\n<tr>\r\n<td class=\"col-number\">12<\/td>\r\n<td class=\"col-title\">4: (cuarteto) <\/td>\r\n<td class=\"col-length\">11:01<\/td>\r\n<\/tr>\r\n\r\n<\/tbody>\r\n<\/table>\r\n","protected":false},"excerpt":{"rendered":"T&iacute;tulo: Fuegos naturales 4 Instrumentos: Tres y cuatro pianos Fecha: 12\/13\/1997 Tiempo Total del Disco: 69:03 N&uacute;mero T&iacute;tulo Tiempo XI 1 1: Ep\u00edgrafe :19 2 2: (tr\u00edo) 8:23 3 3: (tr\u00edo) 2:56 4 4: (cuarteto) 11:13 XII 5 1: Ep\u00edgrafe :15 6 2: (cuarteto) 8:22 7 3: (cuarteto) 2:56 8 4: (cuarteto) 10:59 XIII 9 [&hellip;]","protected":false},"author":2,"featured_media":0,"parent":6088,"menu_order":12,"comment_status":"closed","ping_status":"closed","template":"","meta":{"nf_dc_page":"","_monsterinsights_skip_tracking":true,"_monsterinsights_sitenote_active":false,"_monsterinsights_sitenote_note":"","_monsterinsights_sitenote_category":0,"footnotes":""},"class_list":["post-6159","page","type-page","status-publish","hentry"],"aioseo_notices":[],"_links":{"self":[{"href":"https:\/\/davidrosenmann-taub.com\/es\/wp-json\/wp\/v2\/pages\/6159","targetHints":{"allow":["GET"]}}],"collection":[{"href":"https:\/\/davidrosenmann-taub.com\/es\/wp-json\/wp\/v2\/pages"}],"about":[{"href":"https:\/\/davidrosenmann-taub.com\/es\/wp-json\/wp\/v2\/types\/page"}],"author":[{"embeddable":true,"href":"https:\/\/davidrosenmann-taub.com\/es\/wp-json\/wp\/v2\/users\/2"}],"replies":[{"embeddable":true,"href":"https:\/\/davidrosenmann-taub.com\/es\/wp-json\/wp\/v2\/comments?post=6159"}],"version-history":[{"count":1,"href":"https:\/\/davidrosenmann-taub.com\/es\/wp-json\/wp\/v2\/pages\/6159\/revisions"}],"predecessor-version":[{"id":6161,"href":"https:\/\/davidrosenmann-taub.com\/es\/wp-json\/wp\/v2\/pages\/6159\/revisions\/6161"}],"up":[{"embeddable":true,"href":"https:\/\/davidrosenmann-taub.com\/es\/wp-json\/wp\/v2\/pages\/6088"}],"wp:attachment":[{"href":"https:\/\/davidrosenmann-taub.com\/es\/wp-json\/wp\/v2\/media?parent=6159"}],"curies":[{"name":"wp","href":"https:\/\/api.w.org\/{rel}","templated":true}]}}