{"id":6179,"date":"2025-03-28T16:28:28","date_gmt":"2025-03-28T23:28:28","guid":{"rendered":"https:\/\/davidrosenmann-taub.com\/?page_id=6179"},"modified":"2025-03-28T16:28:28","modified_gmt":"2025-03-28T23:28:28","slug":"sonatinas-de-amistad-1-2","status":"publish","type":"page","link":"https:\/\/davidrosenmann-taub.com\/es\/music\/works\/sonatinas-de-amistad-1-2\/","title":{"rendered":"Sonatinas de amistad No. 1 y No. 2"},"content":{"rendered":"<p class=\"half-centered\"><strong>T&iacute;tulo<\/strong>: Sonatinas de amistad No. 1 y No. 2<br>\r\n\t<strong>Instrumentos<\/strong>: Dos pianos<br>\r\n  <strong>Fecha<\/strong>: 5\/17\/1997<br>\r\n  <strong>Tiempo Total del Disco<\/strong>: 66:30\r\n<\/p>\r\n<table class=\"tracks-table\">\r\n<thead>\r\n<tr>\r\n<td class=\"col-number\">N&uacute;mero<\/td>\r\n<td class=\"col-title\">T&iacute;tulo<\/td>\r\n<td class=\"col-length\">Tiempo<\/td>\r\n<\/tr>\r\n<\/thead>\r\n<tbody>\r\n<tr>\r\n<td class=\"col-section-name\" colspan=\"3\">No. 1<\/td>\r\n<\/tr>\r\n<tr>\r\n<td class=\"col-number\">1<\/td>\r\n<td class=\"col-title\">Entre s\u00e1banas <\/td>\r\n<td class=\"col-length\">12:22<\/td>\r\n<\/tr>\r\n<tr>\r\n<td class=\"col-number\">2<\/td>\r\n<td class=\"col-title\">Reproches <\/td>\r\n<td class=\"col-length\">6:00<\/td>\r\n<\/tr>\r\n<tr>\r\n<td class=\"col-number\">3<\/td>\r\n<td class=\"col-title\">A\u00f1os m\u00e1s tarde <\/td>\r\n<td class=\"col-length\">10:15<\/td>\r\n<\/tr>\r\n<tr>\r\n<td class=\"col-number\">4<\/td>\r\n<td class=\"col-title\">Junto al cipr\u00e9s <audio src=\"\/sound\/Junto.mp3\" preload=\"none\" title=\"Junto al Cipr&eacute;s\" \/><\/td>\r\n<td class=\"col-length\">4:03<\/td>\r\n<\/tr>\r\n<tr>\r\n<td class=\"col-section-name\" colspan=\"3\">No. 2<\/td>\r\n<\/tr>\r\n<tr>\r\n<td class=\"col-number\">5<\/td>\r\n<td class=\"col-title\">Entre s\u00e1banas <\/td>\r\n<td class=\"col-length\">12:34<\/td>\r\n<\/tr>\r\n<tr>\r\n<td class=\"col-number\">6<\/td>\r\n<td class=\"col-title\">Reproches <\/td>\r\n<td class=\"col-length\">6:00<\/td>\r\n<\/tr>\r\n<tr>\r\n<td class=\"col-number\">7<\/td>\r\n<td class=\"col-title\">A\u00f1os m\u00e1s tarde <\/td>\r\n<td class=\"col-length\">10:32<\/td>\r\n<\/tr>\r\n<tr>\r\n<td class=\"col-number\">8<\/td>\r\n<td class=\"col-title\">Junto al cipr\u00e9s <\/td>\r\n<td class=\"col-length\">4:07<\/td>\r\n<\/tr>\r\n\r\n<\/tbody>\r\n<\/table>\r\n","protected":false},"excerpt":{"rendered":"T&iacute;tulo: Sonatinas de amistad No. 1 y No. 2 Instrumentos: Dos pianos Fecha: 5\/17\/1997 Tiempo Total del Disco: 66:30 N&uacute;mero T&iacute;tulo Tiempo No. 1 1 Entre s\u00e1banas 12:22 2 Reproches 6:00 3 A\u00f1os m\u00e1s tarde 10:15 4 Junto al cipr\u00e9s 4:03 No. 2 5 Entre s\u00e1banas 12:34 6 Reproches 6:00 7 A\u00f1os m\u00e1s tarde 10:32 [&hellip;]","protected":false},"author":2,"featured_media":0,"parent":6088,"menu_order":14,"comment_status":"closed","ping_status":"closed","template":"","meta":{"nf_dc_page":"","_monsterinsights_skip_tracking":true,"_monsterinsights_sitenote_active":false,"_monsterinsights_sitenote_note":"","_monsterinsights_sitenote_category":0,"footnotes":""},"class_list":["post-6179","page","type-page","status-publish","hentry"],"aioseo_notices":[],"_links":{"self":[{"href":"https:\/\/davidrosenmann-taub.com\/es\/wp-json\/wp\/v2\/pages\/6179","targetHints":{"allow":["GET"]}}],"collection":[{"href":"https:\/\/davidrosenmann-taub.com\/es\/wp-json\/wp\/v2\/pages"}],"about":[{"href":"https:\/\/davidrosenmann-taub.com\/es\/wp-json\/wp\/v2\/types\/page"}],"author":[{"embeddable":true,"href":"https:\/\/davidrosenmann-taub.com\/es\/wp-json\/wp\/v2\/users\/2"}],"replies":[{"embeddable":true,"href":"https:\/\/davidrosenmann-taub.com\/es\/wp-json\/wp\/v2\/comments?post=6179"}],"version-history":[{"count":1,"href":"https:\/\/davidrosenmann-taub.com\/es\/wp-json\/wp\/v2\/pages\/6179\/revisions"}],"predecessor-version":[{"id":6180,"href":"https:\/\/davidrosenmann-taub.com\/es\/wp-json\/wp\/v2\/pages\/6179\/revisions\/6180"}],"up":[{"embeddable":true,"href":"https:\/\/davidrosenmann-taub.com\/es\/wp-json\/wp\/v2\/pages\/6088"}],"wp:attachment":[{"href":"https:\/\/davidrosenmann-taub.com\/es\/wp-json\/wp\/v2\/media?parent=6179"}],"curies":[{"name":"wp","href":"https:\/\/api.w.org\/{rel}","templated":true}]}}