{"id":6216,"date":"2025-07-18T16:33:47","date_gmt":"2025-07-18T23:33:47","guid":{"rendered":"https:\/\/davidrosenmann-taub.com\/?page_id=6216"},"modified":"2025-12-20T14:25:29","modified_gmt":"2025-12-20T22:25:29","slug":"awards","status":"publish","type":"page","link":"https:\/\/davidrosenmann-taub.com\/es\/awards\/","title":{"rendered":"El Programa de Premios de la Fundaci\u00f3n Corda"},"content":{"rendered":"<div id=\"contentbox\">\r\n\r\n<p><strong>El Programa de Premios de la Fundaci&oacute;n Corda<\/strong>, dirigido a estudiantes, profesores, cr&iacute;ticos, otros investigadores del &aacute;rea literaria y traductores, fue creado en 2007 para estimular el estudio, la investigaci&oacute;n y traducci&oacute;n de la poes&iacute;a de David Rosenmann-Taub. Los ensayos deber&aacute;n estar escritos en espa&ntilde;ol o en ingl&eacute;s y pueden provenir de cualquier pa&iacute;s del mundo.<\/p><p class=\"announce-header\" style=\"text-align:center;\"><a href=\"\/es\/awards\/awards-2022\/\"><strong>[Los ganadores de los premios 2022 se anunciaron<br>el 10 de mayo de 2023]<\/strong><\/a><\/p><p>Se puede encontrar informaci&oacute;n acerca del poeta, art&iacute;culos y bibliograf&iacute;a en la <a href=\"http:\/\/www.cervantesvirtual.com\/bib_autor\/rosenmann\/\" target=\"_blank\" rel=\"noopener\"><em>Biblioteca Virtual Miguel de Cervantes<\/em><\/a> y en la<em><a href=\"\/es\/poetry\/\">Poes&iacute;a de David Rosenmann-Taub<\/a><\/em>.<\/p><p><strong>Los premios se otorgar&aacute;n en seis categor&iacute;as: <a href=\"\/es\/awards\/process\/undergraduate\/\">Premios Corda para Ensayos de Estudiantes de Licenciatura<\/a>, <a href=\"\/es\/awards\/process\/graduate\/\">Premios Corda para Ensayos de Estudiantes de Maestr\u00eda y Doctorado<\/a>, <a href=\"\/es\/awards\/process\/faculty-scholars\/\">Premios Corda para Ensayos de Profesores Cr\u00edticos y Otros Investigadores<\/a>, <a href=\"\/es\/awards\/process\/translation\/\">Premios Corda por Traducciones de Poes\u00eda<\/a><\/li>, <a href=\"\/es\/awards\/process\/masters-thesis\/\">Premio para Tesis de Maestr\u00eda<\/a><\/li>, and <a href=\"\/es\/awards\/process\/doctoral-fellowship\/\">Beca Dr. Hern\u00e1n V\u00e1squez para Tesis de Doctorado<\/a>.<\/strong>Los ensayos deber&aacute;n estar escritos en espa&ntilde;ol o en ingl&eacute;s y pueden provenir de cualquier pa&iacute;s del mundo.<\/p>\r\n<h2>Ganadores<\/h2>\r\n<div class=\"image-wrapper\">\r\n<div class=\"image-container\">\r\n  <a href=\"\/es\/awards\/recipients\/alonso\/\" class=\"nounder\">\r\n    <figure>\r\n      <img decoding=\"async\" src=\"\/images\/Recipients\/Marina-Alonso.jpg\" alt=\"Image of Marina Alonso\" height=\"200\">\r\n      <figcaption>Marina Alonso<\/figcaption>\r\n      <figcaption>[2013]<\/figcaption>\r\n    <\/figure>\r\n  <\/a>\r\n<\/div>\r\n  \r\n<div class=\"image-container\">\r\n  <a href=\"\/es\/awards\/recipients\/dimitris-angelis\/\">\r\n    <figure>\r\n      <img decoding=\"async\" src=\"\/images\/Recipients\/Dimitris-Angelis.jpg\" alt=\"Image of Dimitris Angel\u00eds\" height=\"200\">\r\n      <figcaption>Dimitris Angel\u00eds<\/figcaption>\r\n      <figcaption>[2015]<\/figcaption>\r\n    <\/figure>\r\n  <\/a>\r\n<\/div>\r\n  \r\n<div class=\"image-container\">\r\n  <a href=\"\/es\/awards\/recipients\/ivan-brave\/\">\r\n    <figure>\r\n      <img decoding=\"async\" src=\"\/images\/Recipients\/Ivan-Brave.jpg\" alt=\"Image of Iv\u00e1n Brave\" height=\"200\">\r\n      <figcaption>Iv\u00e1n Brave<\/figcaption>\r\n      <figcaption>[2022]<\/figcaption>\r\n    <\/figure>\r\n  <\/a>\r\n<\/div>\r\n  \r\n<div class=\"image-container\">\r\n  <a href=\"\/es\/awards\/recipients\/eduardo-chirinos\/\">\r\n    <figure>\r\n      <img decoding=\"async\" src=\"\/images\/Recipients\/Eduardo-Chirinos.jpg\" alt=\"Image of Eduardo Chirinos\" height=\"200\">\r\n      <figcaption>Eduardo Chirinos<\/figcaption>\r\n      <figcaption>[2015]<\/figcaption>\r\n    <\/figure>\r\n  <\/a>\r\n<\/div>\r\n  \r\n<div class=\"image-container\">\r\n  <a href=\"\/es\/awards\/recipients\/juanita-cifuentes\/\">\r\n    <figure>\r\n      <img decoding=\"async\" src=\"\/images\/Recipients\/Juanita-Cifuentes-Ruiz.jpg\" alt=\"Image of Juanita Cifuentes\" height=\"200\">\r\n      <figcaption>Juanita Cifuentes<\/figcaption>\r\n      <figcaption>[2008, 2009]<\/figcaption>\r\n    <\/figure>\r\n  <\/a>\r\n<\/div>\r\n  \r\n<div class=\"image-container\">\r\n  <a href=\"\/es\/awards\/recipients\/costanza\/\">\r\n    <figure>\r\n      <img decoding=\"async\" src=\"\/images\/Recipients\/Sabrina-Costanzo.jpg\" alt=\"Image of ZZZZ\" height=\"200\">\r\n      <figcaption>Sabrina Costanzo<\/figcaption>\r\n      <figcaption>[2009]<\/figcaption>\r\n    <\/figure>\r\n  <\/a>\r\n<\/div>\r\n  \r\n<div class=\"image-container\">\r\n  <a href=\"\/es\/awards\/recipients\/claudia-dematte\/\">\r\n    <figure>\r\n      <img decoding=\"async\" src=\"\/images\/Recipients\/DematteL.jpg\" alt=\"Image of Claudia Dematt\u00e8\" height=\"200\">\r\n      <figcaption>Claudia Dematt\u00e8<\/figcaption>\r\n      <figcaption>[2011]<\/figcaption>\r\n    <\/figure>\r\n  <\/a>\r\n<\/div>\r\n  \r\n<div class=\"image-container\">\r\n  <a href=\"\/es\/awards\/recipients\/eduardo-espina\/\">\r\n    <figure>\r\n      <img decoding=\"async\" src=\"\/images\/Recipients\/Eduardo-Espina.jpg\" alt=\"Image of Eduardo Espina\" height=\"200\">\r\n      <figcaption>Eduardo Espina<\/figcaption>\r\n      <figcaption>[2020]<\/figcaption>\r\n    <\/figure>\r\n  <\/a>\r\n<\/div>\r\n  \r\n<div class=\"image-container\">\r\n  <a href=\"\/es\/awards\/recipients\/gallego\">\r\n    <figure>\r\n      <img decoding=\"async\" src=\"\/images\/Recipients\/Ana-Gallego.jpg\" alt=\"Image of Ana Gallego Cui\u00f1as\" height=\"200\">\r\n      <figcaption>Ana Gallego Cui\u00f1as<\/figcaption>\r\n      <figcaption>[2013]<\/figcaption>\r\n    <\/figure>\r\n  <\/a>\r\n<\/div>\r\n\r\n<div class=\"image-container\">\r\n  <a href=\"javascript:void(0)\" rel=\"noopener\">\r\n    <figure>\r\n      <img decoding=\"async\" src=\"\/images\/Recipients\/Juan-Andres-Garcia-Roman.jpg\" alt=\"Image of Juan Andr\u00e9s Garc\u00eda Rom\u00e1n\" height=\"200\">\r\n      <figcaption>Juan Andr\u00e9s Garc\u00eda Rom\u00e1n<\/figcaption>\r\n      <figcaption>[2011]<\/figcaption>\r\n    <\/figure>\r\n  <\/a>\r\n<\/div>\r\n  \r\n<div class=\"image-container\">\r\n  <a href=\"\/es\/awards\/recipients\/gorfkle\/\">\r\n    <figure>\r\n      <img decoding=\"async\" src=\"\/images\/Recipients\/Gorfkle-Ken.jpg\" alt=\"Image of Kenneth Gorfkle\" height=\"200\">\r\n      <figcaption>Kenneth Gorfkle<\/figcaption>\r\n      <figcaption>[2008, 2012, 2015, 2022]<\/figcaption>\r\n    <\/figure>\r\n  <\/a>\r\n<\/div>\r\n  \r\n<div class=\"image-container\">\r\n  <a href=\"\/es\/awards\/recipients\/iacoboni\/\">\r\n    <figure>\r\n      <img decoding=\"async\" src=\"\/images\/Recipients\/Bianca-Iacoboni.jpg\" alt=\"Image of Bianca Iacoboni\" height=\"200\">\r\n      <figcaption>Bianca Iacoboni<\/figcaption>\r\n      <figcaption>[2013]<\/figcaption>\r\n    <\/figure>\r\n  <\/a>\r\n<\/div>\r\n  \r\n<div class=\"image-container\">\r\n  <a href=\"\/es\/awards\/recipients\/kallendorf\/\">\r\n    <figure>\r\n      <img decoding=\"async\" src=\"\/images\/Recipients\/Hilaire-Kallendorf.jpg\" alt=\"Image of Hilaire Kallendorf\" height=\"200\">\r\n      <figcaption>Hilaire Kallendorf<\/figcaption>\r\n      <figcaption>[2009]<\/figcaption>\r\n    <\/figure>\r\n  <\/a>\r\n<\/div>\r\n  \r\n<div class=\"image-container\">\r\n  <a href=\"\/es\/awards\/recipients\/virginia-lopez-recio\/\">\r\n    <figure>\r\n      <img decoding=\"async\" src=\"\/images\/Recipients\/Virginia-Lopez-Recio.jpg\" alt=\"Image of Virginia L\u00f3pez Recio\" height=\"200\">\r\n      <figcaption>Virginia L\u00f3pez Recio<\/figcaption>\r\n      <figcaption>[2015]<\/figcaption>\r\n    <\/figure>\r\n  <\/a>\r\n<\/div>\r\n  \r\n<div class=\"image-container\">\r\n  <a href=\"\/es\/awards\/recipients\/paula-miranda\/\">\r\n    <figure>\r\n      <img decoding=\"async\" src=\"\/images\/Recipients\/Paula-Miranda.jpg\" alt=\"Image of Paula Miranda\" height=\"200\">\r\n      <figcaption>Paula Miranda<\/figcaption>\r\n      <figcaption>[2008]<\/figcaption>\r\n    <\/figure>\r\n  <\/a>\r\n<\/div>\r\n  \r\n<div class=\"image-container\">\r\n  <a href=\"\/es\/awards\/recipients\/moga\/\">\r\n    <figure>\r\n      <img decoding=\"async\" src=\"\/images\/Recipients\/Eduardo-Moga.jpg\" alt=\"Image of Eduardo Moga\" height=\"200\">\r\n      <figcaption>Eduardo Moga<\/figcaption>\r\n      <figcaption>[2011]<\/figcaption>\r\n    <\/figure>\r\n  <\/a>\r\n<\/div>\r\n  \r\n<div class=\"image-container\">\r\n  <a href=\"\/es\/awards\/recipients\/del-pino-rubio\/\">\r\n    <figure>\r\n      <img decoding=\"async\" src=\"\/images\/Recipients\/Sebastian-del-Pino-Rubio.jpg\" alt=\"Image of Sebasti\u00e1n del Pino Rubio\" height=\"200\">\r\n      <figcaption>Sebasti\u00e1n del Pino Rubio<\/figcaption>\r\n      <figcaption>[2011]<\/figcaption>\r\n    <\/figure>\r\n  <\/a>\r\n<\/div>\r\n  \r\n<div class=\"image-container\">\r\n  <a href=\"\/es\/awards\/recipients\/retamales\/\">\r\n    <figure>\r\n      <img decoding=\"async\" src=\"\/images\/Recipients\/Camilo-Retamales.jpg\" alt=\"Image of Camilo Retamales\" height=\"200\">\r\n      <figcaption>Camilo Retamales<\/figcaption>\r\n      <figcaption>[2009, 2011]<\/figcaption>\r\n    <\/figure>\r\n  <\/a>\r\n<\/div>\r\n  \r\n<div class=\"image-container\">\r\n  <a href=\"\/es\/awards\/recipients\/jose-ramon-ripoll\/\">\r\n    <figure>\r\n      <img decoding=\"async\" src=\"\/images\/Recipients\/Jose-Ripoll.jpg\" alt=\"Image of Jos\u00e9 Ram\u00f3n Ripoll\" height=\"200\">\r\n      <figcaption>Jos\u00e9 Ram\u00f3n Ripoll<\/figcaption>\r\n      <figcaption>[2017]<\/figcaption>\r\n    <\/figure>\r\n  <\/a>\r\n<\/div>\r\n  \r\n<div class=\"image-container\">\r\n  <a href=\"\/es\/awards\/recipients\/diana-maria-rodriguez-vertiz\/\">\r\n    <figure>\r\n      <img decoding=\"async\" src=\"\/images\/Recipients\/Diana-Rodriguez-Vertiz.jpg\" alt=\"Image of Diana Mar\u00eda Rodr\u00edguez V\u00e9rtiz\" height=\"200\">\r\n      <figcaption>Diana Mar\u00eda Rodr\u00edguez V\u00e9rtiz<\/figcaption>\r\n      <figcaption>[2017, 2022]<\/figcaption>\r\n    <\/figure>\r\n  <\/a>\r\n<\/div>\r\n  \r\n<div class=\"image-container\">\r\n  <a href=\"\/es\/awards\/recipients\/stocco\/\">\r\n    <figure>\r\n      <img decoding=\"async\" src=\"\/images\/Recipients\/Melisa-Stocco.jpg\" alt=\"Image of Melisa Stocco\" height=\"200\">\r\n      <figcaption>Melisa Stocco<\/figcaption>\r\n      <figcaption>[2008]<\/figcaption>\r\n    <\/figure>\r\n  <\/a>\r\n<\/div>\r\n  \r\n<div class=\"image-container\">\r\n  <a href=\"\/es\/awards\/recipients\/tedeschi\/\">\r\n    <figure>\r\n      <img decoding=\"async\" src=\"\/images\/Recipients\/Stefano-Tedeschi.jpg\" alt=\"Image of Stefano Tedeschi\" height=\"200\">\r\n      <figcaption>Stefano Tedeschi<\/figcaption>\r\n      <figcaption>[2013]<\/figcaption>\r\n    <\/figure>\r\n  <\/a>\r\n<\/div>\r\n  \r\n<div class=\"image-container\">\r\n  <a href=\"\/es\/awards\/recipients\/silvia-vilar-gonzalez\/\">\r\n    <figure>\r\n      <img decoding=\"async\" src=\"\/images\/Recipients\/Silvia-Vilar-Gonzalez.jpg\" alt=\"Image of Silvia Vilar Gonz\u00e1lez\" height=\"200\">\r\n      <figcaption>Silvia Vilar Gonz\u00e1lez<\/figcaption>\r\n      <figcaption>[2015]<\/figcaption>\r\n    <\/figure>\r\n  <\/a>\r\n<\/div>\r\n  \r\n<div class=\"image-container\">\r\n  <a href=\"\/es\/awards\/recipients\/raelene-wyse\/\">\r\n    <figure>\r\n      <img decoding=\"async\" src=\"\/images\/Recipients\/Raelene-Wyse.jpg\" alt=\"Image of Raelene Wyse\" height=\"200\">\r\n      <figcaption>Raelene Wyse<\/figcaption>\r\n      <figcaption>[2015]<\/figcaption>\r\n    <\/figure>\r\n  <\/a>\r\n<\/div>\r\n\r\n<\/div>\r\n\r\n<\/div>\r\n","protected":false},"excerpt":{"rendered":"El Programa de Premios de la Fundaci&oacute;n Corda, dirigido a estudiantes, profesores, cr&iacute;ticos, otros investigadores del &aacute;rea literaria y traductores, fue creado en 2007 para estimular el estudio, la investigaci&oacute;n y traducci&oacute;n de la poes&iacute;a de David Rosenmann-Taub. Los ensayos deber&aacute;n estar escritos en espa&ntilde;ol o en ingl&eacute;s y pueden provenir de cualquier pa&iacute;s del [&hellip;]","protected":false},"author":2,"featured_media":0,"parent":0,"menu_order":1,"comment_status":"closed","ping_status":"closed","template":"","meta":{"nf_dc_page":"","_monsterinsights_skip_tracking":false,"_monsterinsights_sitenote_active":false,"_monsterinsights_sitenote_note":"","_monsterinsights_sitenote_category":0,"footnotes":""},"class_list":["post-6216","page","type-page","status-publish","hentry"],"aioseo_notices":[],"_links":{"self":[{"href":"https:\/\/davidrosenmann-taub.com\/es\/wp-json\/wp\/v2\/pages\/6216","targetHints":{"allow":["GET"]}}],"collection":[{"href":"https:\/\/davidrosenmann-taub.com\/es\/wp-json\/wp\/v2\/pages"}],"about":[{"href":"https:\/\/davidrosenmann-taub.com\/es\/wp-json\/wp\/v2\/types\/page"}],"author":[{"embeddable":true,"href":"https:\/\/davidrosenmann-taub.com\/es\/wp-json\/wp\/v2\/users\/2"}],"replies":[{"embeddable":true,"href":"https:\/\/davidrosenmann-taub.com\/es\/wp-json\/wp\/v2\/comments?post=6216"}],"version-history":[{"count":7,"href":"https:\/\/davidrosenmann-taub.com\/es\/wp-json\/wp\/v2\/pages\/6216\/revisions"}],"predecessor-version":[{"id":6640,"href":"https:\/\/davidrosenmann-taub.com\/es\/wp-json\/wp\/v2\/pages\/6216\/revisions\/6640"}],"wp:attachment":[{"href":"https:\/\/davidrosenmann-taub.com\/es\/wp-json\/wp\/v2\/media?parent=6216"}],"curies":[{"name":"wp","href":"https:\/\/api.w.org\/{rel}","templated":true}]}}