{"id":6425,"date":"2025-08-08T15:12:33","date_gmt":"2025-08-08T22:12:33","guid":{"rendered":"https:\/\/davidrosenmann-taub.com\/?page_id=6425"},"modified":"2025-12-20T11:47:43","modified_gmt":"2025-12-20T19:47:43","slug":"gorfkle","status":"publish","type":"page","link":"https:\/\/davidrosenmann-taub.com\/es\/awards\/recipients\/gorfkle\/","title":{"rendered":"Kenneth Gorfkle (2008, 2012, 2015, 2022)"},"content":{"rendered":"<h3>Kenneth Gorfkle (2008, 2012, 2015, 2022)<\/h3>\r\n<p><img loading=\"lazy\" decoding=\"async\" src=\"\/images\/Gorfkle-Ken-2023.jpg\" width=\"180\" height=\"238\" alt=\"Kenneth Gorfkle, ganador 2008, 2012, 2015, 2022\" title=\"Kenneth Gorfkle, ganador 2008, 2012, 2015\" style=\"float: right; margin-left: 12px;\" \/>Kenneth Gorfkle obtuvo un doctorado en literatura hispana, gradu\u00e1ndose de la Universidad de Carolina del Norte de Chapel Hill en 2014. Durante sus estudios de posgrado en UNC adquiri\u00f3 conocimiento y finalmente se convirti\u00f3 en una autoridad en el trabajo del talentoso poeta, compositor y artista chileno David Rosenmann-Taub. En los \u00faltimos ocho a\u00f1os, el Dr. Gorfkle ha escrito y publicado extensamente sobre el poeta.  Tambi\u00e9n ha recibido una beca y m\u00faltiples premios de la Fundaci\u00f3n Corda que preserva y promueve el trabajo de este desafiante y multifac\u00e9tico artista<\/p>","protected":false},"excerpt":{"rendered":"Kenneth Gorfkle (2008, 2012, 2015, 2022) Kenneth Gorfkle obtuvo un doctorado en literatura hispana, gradu\u00e1ndose de la Universidad de Carolina del Norte de Chapel Hill en 2014. Durante sus estudios de posgrado en UNC adquiri\u00f3 conocimiento y finalmente se convirti\u00f3 en una autoridad en el trabajo del talentoso poeta, compositor y artista chileno David Rosenmann-Taub. [&hellip;]","protected":false},"author":2,"featured_media":0,"parent":6397,"menu_order":1,"comment_status":"closed","ping_status":"closed","template":"","meta":{"nf_dc_page":"","_monsterinsights_skip_tracking":false,"_monsterinsights_sitenote_active":false,"_monsterinsights_sitenote_note":"","_monsterinsights_sitenote_category":0,"footnotes":""},"class_list":["post-6425","page","type-page","status-publish","hentry"],"aioseo_notices":[],"_links":{"self":[{"href":"https:\/\/davidrosenmann-taub.com\/es\/wp-json\/wp\/v2\/pages\/6425","targetHints":{"allow":["GET"]}}],"collection":[{"href":"https:\/\/davidrosenmann-taub.com\/es\/wp-json\/wp\/v2\/pages"}],"about":[{"href":"https:\/\/davidrosenmann-taub.com\/es\/wp-json\/wp\/v2\/types\/page"}],"author":[{"embeddable":true,"href":"https:\/\/davidrosenmann-taub.com\/es\/wp-json\/wp\/v2\/users\/2"}],"replies":[{"embeddable":true,"href":"https:\/\/davidrosenmann-taub.com\/es\/wp-json\/wp\/v2\/comments?post=6425"}],"version-history":[{"count":1,"href":"https:\/\/davidrosenmann-taub.com\/es\/wp-json\/wp\/v2\/pages\/6425\/revisions"}],"predecessor-version":[{"id":6426,"href":"https:\/\/davidrosenmann-taub.com\/es\/wp-json\/wp\/v2\/pages\/6425\/revisions\/6426"}],"up":[{"embeddable":true,"href":"https:\/\/davidrosenmann-taub.com\/es\/wp-json\/wp\/v2\/pages\/6397"}],"wp:attachment":[{"href":"https:\/\/davidrosenmann-taub.com\/es\/wp-json\/wp\/v2\/media?parent=6425"}],"curies":[{"name":"wp","href":"https:\/\/api.w.org\/{rel}","templated":true}]}}