{"id":6427,"date":"2025-08-08T15:14:24","date_gmt":"2025-08-08T22:14:24","guid":{"rendered":"https:\/\/davidrosenmann-taub.com\/?page_id=6427"},"modified":"2025-12-20T11:48:36","modified_gmt":"2025-12-20T19:48:36","slug":"paula-miranda","status":"publish","type":"page","link":"https:\/\/davidrosenmann-taub.com\/es\/awards\/recipients\/paula-miranda\/","title":{"rendered":"Paula Miranda (2008)"},"content":{"rendered":"<h3>Paula Miranda (2008)<\/h3>\r\n<p><img loading=\"lazy\" decoding=\"async\" src=\"\/images\/Paula-Miranda.jpg\" width=\"250\" height=\"250\" alt=\"Paula Miranda (2008)\" title=\"Paula Miranda, Ganador 2008\" style=\"float:right; margin-left:12px;\">Paula Miranda es actualmente Acad\u00e9mica Asociada de la Facultad de Letras de la Pontificia Universidad Cat\u00f3lica de Chile. Ejerci\u00f3 la docencia durante quince a\u00f1os en la Universidad de Chile. Es miembro del Directorio de la Fundaci\u00f3n Pablo Neruda,  socia honoraria del Grupo Literario \u00d1uble e investigadora asociada del Centro de Estudios Interculturales e Ind\u00edgenas. Es tambi\u00e9n asesora de la Fundaci\u00f3n Corda. Ha publicado m\u00e1s de cincuenta art\u00edculos en el tema de poes\u00eda chilena e hispanoamericana. Es mag\u00edster y doctora en Literatura. Es editora del libro <em>Chile mira a sus poetas: estudios y creaciones<\/em> (2011) y autora de <em>La poes\u00eda de Violeta Parra<\/em> (2013). Es coordinadora del Proyecto <em>Chile mira a sus poetas<\/em>, de la Facultad de Letras-UC.<\/p> ","protected":false},"excerpt":{"rendered":"Paula Miranda (2008) Paula Miranda es actualmente Acad\u00e9mica Asociada de la Facultad de Letras de la Pontificia Universidad Cat\u00f3lica de Chile. Ejerci\u00f3 la docencia durante quince a\u00f1os en la Universidad de Chile. Es miembro del Directorio de la Fundaci\u00f3n Pablo Neruda, socia honoraria del Grupo Literario \u00d1uble e investigadora asociada del Centro de Estudios Interculturales [&hellip;]","protected":false},"author":2,"featured_media":0,"parent":6397,"menu_order":2,"comment_status":"closed","ping_status":"closed","template":"","meta":{"nf_dc_page":"","_monsterinsights_skip_tracking":false,"_monsterinsights_sitenote_active":false,"_monsterinsights_sitenote_note":"","_monsterinsights_sitenote_category":0,"footnotes":""},"class_list":["post-6427","page","type-page","status-publish","hentry"],"aioseo_notices":[],"_links":{"self":[{"href":"https:\/\/davidrosenmann-taub.com\/es\/wp-json\/wp\/v2\/pages\/6427","targetHints":{"allow":["GET"]}}],"collection":[{"href":"https:\/\/davidrosenmann-taub.com\/es\/wp-json\/wp\/v2\/pages"}],"about":[{"href":"https:\/\/davidrosenmann-taub.com\/es\/wp-json\/wp\/v2\/types\/page"}],"author":[{"embeddable":true,"href":"https:\/\/davidrosenmann-taub.com\/es\/wp-json\/wp\/v2\/users\/2"}],"replies":[{"embeddable":true,"href":"https:\/\/davidrosenmann-taub.com\/es\/wp-json\/wp\/v2\/comments?post=6427"}],"version-history":[{"count":1,"href":"https:\/\/davidrosenmann-taub.com\/es\/wp-json\/wp\/v2\/pages\/6427\/revisions"}],"predecessor-version":[{"id":6428,"href":"https:\/\/davidrosenmann-taub.com\/es\/wp-json\/wp\/v2\/pages\/6427\/revisions\/6428"}],"up":[{"embeddable":true,"href":"https:\/\/davidrosenmann-taub.com\/es\/wp-json\/wp\/v2\/pages\/6397"}],"wp:attachment":[{"href":"https:\/\/davidrosenmann-taub.com\/es\/wp-json\/wp\/v2\/media?parent=6427"}],"curies":[{"name":"wp","href":"https:\/\/api.w.org\/{rel}","templated":true}]}}