{"id":6431,"date":"2025-08-08T15:18:56","date_gmt":"2025-08-08T22:18:56","guid":{"rendered":"https:\/\/davidrosenmann-taub.com\/?page_id=6431"},"modified":"2025-12-20T11:51:18","modified_gmt":"2025-12-20T19:51:18","slug":"costanza","status":"publish","type":"page","link":"https:\/\/davidrosenmann-taub.com\/es\/awards\/recipients\/costanza\/","title":{"rendered":"Sabrina Costanza (2009)"},"content":{"rendered":"<h3>Sabrina Costanza (2009)<\/h3>\r\n<p><img decoding=\"async\" src=\"\/images\/Sabrina-Costanzo-240.jpg\" alt=Sabrina Costanzo\" style=\"float:right; margin-left:12px;\" \/>Sabrina Costanzo, licenciada en <em>Lingue e  letterature straniere<\/em> y doctorada (Ph. D) en <em>Lingue e letterature iberiche e iberoamericane<\/em>, es docente de  Lengua y literaturas hispanoamericanas en la Facultad de <em>Lingue e  letterature straniere<\/em> de la Universidad de Catania. <\/p>\r\n<p>Se ocupa preferentemente de literatura hispanoamericana contempor\u00e1nea.  Entre sus m\u00e1s recientes estudios se recuerdan el volumen <em>La costruzione di un giallo sociale: &ldquo;Las  cuatro estaciones&rdquo;  di Leonardo Padura Fuentes<\/em> y los  ensayos <em>Transtestualit\u00e0 e  cubanit\u00e0 in &ldquo;Nuestro GG en La Habana&rdquo;  di Pedro Juan Guti\u00e9rrez; Il rifugio  nell\u2019animalit\u00e0. A proposito di &ldquo;Trilog\u00eda sucia de La  Habana&rdquo; di Pedro Juan Guti\u00e9rrez; Intervista al narratore: monodialogo o flusso di coscienza? A proposito di &ldquo;Traidor&rdquo;  di Reinaldo Arenas.<\/span><\/em><\/p>\r\n","protected":false},"excerpt":{"rendered":"Sabrina Costanza (2009)","protected":false},"author":2,"featured_media":0,"parent":6397,"menu_order":4,"comment_status":"closed","ping_status":"closed","template":"","meta":{"nf_dc_page":"","_monsterinsights_skip_tracking":false,"_monsterinsights_sitenote_active":false,"_monsterinsights_sitenote_note":"","_monsterinsights_sitenote_category":0,"footnotes":""},"class_list":["post-6431","page","type-page","status-publish","hentry"],"aioseo_notices":[],"_links":{"self":[{"href":"https:\/\/davidrosenmann-taub.com\/es\/wp-json\/wp\/v2\/pages\/6431","targetHints":{"allow":["GET"]}}],"collection":[{"href":"https:\/\/davidrosenmann-taub.com\/es\/wp-json\/wp\/v2\/pages"}],"about":[{"href":"https:\/\/davidrosenmann-taub.com\/es\/wp-json\/wp\/v2\/types\/page"}],"author":[{"embeddable":true,"href":"https:\/\/davidrosenmann-taub.com\/es\/wp-json\/wp\/v2\/users\/2"}],"replies":[{"embeddable":true,"href":"https:\/\/davidrosenmann-taub.com\/es\/wp-json\/wp\/v2\/comments?post=6431"}],"version-history":[{"count":1,"href":"https:\/\/davidrosenmann-taub.com\/es\/wp-json\/wp\/v2\/pages\/6431\/revisions"}],"predecessor-version":[{"id":6432,"href":"https:\/\/davidrosenmann-taub.com\/es\/wp-json\/wp\/v2\/pages\/6431\/revisions\/6432"}],"up":[{"embeddable":true,"href":"https:\/\/davidrosenmann-taub.com\/es\/wp-json\/wp\/v2\/pages\/6397"}],"wp:attachment":[{"href":"https:\/\/davidrosenmann-taub.com\/es\/wp-json\/wp\/v2\/media?parent=6431"}],"curies":[{"name":"wp","href":"https:\/\/api.w.org\/{rel}","templated":true}]}}