{"id":6435,"date":"2025-08-08T15:22:56","date_gmt":"2025-08-08T22:22:56","guid":{"rendered":"https:\/\/davidrosenmann-taub.com\/?page_id=6435"},"modified":"2025-12-20T11:53:19","modified_gmt":"2025-12-20T19:53:19","slug":"claudia-dematte","status":"publish","type":"page","link":"https:\/\/davidrosenmann-taub.com\/es\/awards\/recipients\/claudia-dematte\/","title":{"rendered":"Claudia Dematt\u00e8 (2010-11)"},"content":{"rendered":"<h3>Claudia Dematt\u00e8 (2010-11)<\/h3>\r\n<p><img decoding=\"async\" src=\"\/images\/Dematte.jpg\" alt=\"Claudia Dematt\u00e8 (2010-11)\" title=\"Claudia Dematt\u00e8 (2010-11)\" style=\"float:right; margin-left:12px;\" \/>Profesora titular de Lengua y Literatura espa\u00f1ola de la Universit\u00e0 degli Studi di Trento, se ha ocupado del g\u00e9nero de los libros de caballer\u00edas estudiando su relaci\u00f3n con las obras cervantinas. Ha llevado a cabo las primeras investigaciones sobre la adaptaci\u00f3n del g\u00e9nero caballeresco en el teatro del Siglo de Oro (<em>Repertorio bibliografico e studio interpretativo del teatro cavalleresco spagnolo del sec. XVII<\/em> (Editrice Universit\u00e0 degli Studi di Trento, Trento, 2005). Con respecto al g\u00e9nero teatral, ha editado varias piezas de Juan P\u00e9rez de Montalb\u00e1n y una comedia burlesca. Dirije el proyecto internacional &ldquo;Un autor madrile\u00f1o recuperado: Juan P\u00e9rez de Montalb\u00e1n &rdquo; patrocinado por el Ayuntamiento de Madrid y el Centro de Estudios Cervantinos con el objetivo de publicar su obra dram\u00e1tica completa (J. P\u00e9rez de Montalb\u00e1n, <em>Primer tomo de comedias<\/em>, Reichenberger, Kassel, vol. 1.1, 2013; vol. 1.2, 2014). Asimismo es la directora de la p\u00e1gina de autor dedicada a <a href=\"http:\/\/www.cervantesvirtual.com\/portales\/montalban\/\" target=\"_blank\">Juan P\u00e9rez de Montalb\u00e1n de la Biblioteca Virtual &ldquo;M. de Cervantes&rdquo;<\/a>.<\/p>\r\n<p>Ha dedicado varios estudios a la traducci\u00f3n literaria tanto en el Siglo de Oro, con especial atenci\u00f3n a la recepci\u00f3n del Quijote en Italia, como en la contemporaneidad. En este caso se ha ocupado del estudio y traducci\u00f3n de los poemas de algunos poetas del siglo XX. En particular ha centrado su atenci\u00f3n en David Ronsenmann-Taub y un ensayo dedicado a la problem\u00e1tica de su traducci\u00f3n en italiano ha recibido el Premio de la Fundaci\u00f3n Corda en 2011. Asimismo es la traductora del poeta Jos\u00e9 Manuel Luc\u00eda Meg\u00edas cuya colecci\u00f3n de poes\u00edas <em>Trento (o el triunfo de la espera)<\/em> ha aparecido traducida en italiano en 2009.<\/p>\r\n","protected":false},"excerpt":{"rendered":"Claudia Dematt\u00e8 (2010-11) Profesora titular de Lengua y Literatura espa\u00f1ola de la Universit\u00e0 degli Studi di Trento, se ha ocupado del g\u00e9nero de los libros de caballer\u00edas estudiando su relaci\u00f3n con las obras cervantinas. Ha llevado a cabo las primeras investigaciones sobre la adaptaci\u00f3n del g\u00e9nero caballeresco en el teatro del Siglo de Oro (Repertorio [&hellip;]","protected":false},"author":2,"featured_media":0,"parent":6397,"menu_order":6,"comment_status":"closed","ping_status":"closed","template":"","meta":{"nf_dc_page":"","_monsterinsights_skip_tracking":false,"_monsterinsights_sitenote_active":false,"_monsterinsights_sitenote_note":"","_monsterinsights_sitenote_category":0,"footnotes":""},"class_list":["post-6435","page","type-page","status-publish","hentry"],"aioseo_notices":[],"_links":{"self":[{"href":"https:\/\/davidrosenmann-taub.com\/es\/wp-json\/wp\/v2\/pages\/6435","targetHints":{"allow":["GET"]}}],"collection":[{"href":"https:\/\/davidrosenmann-taub.com\/es\/wp-json\/wp\/v2\/pages"}],"about":[{"href":"https:\/\/davidrosenmann-taub.com\/es\/wp-json\/wp\/v2\/types\/page"}],"author":[{"embeddable":true,"href":"https:\/\/davidrosenmann-taub.com\/es\/wp-json\/wp\/v2\/users\/2"}],"replies":[{"embeddable":true,"href":"https:\/\/davidrosenmann-taub.com\/es\/wp-json\/wp\/v2\/comments?post=6435"}],"version-history":[{"count":1,"href":"https:\/\/davidrosenmann-taub.com\/es\/wp-json\/wp\/v2\/pages\/6435\/revisions"}],"predecessor-version":[{"id":6436,"href":"https:\/\/davidrosenmann-taub.com\/es\/wp-json\/wp\/v2\/pages\/6435\/revisions\/6436"}],"up":[{"embeddable":true,"href":"https:\/\/davidrosenmann-taub.com\/es\/wp-json\/wp\/v2\/pages\/6397"}],"wp:attachment":[{"href":"https:\/\/davidrosenmann-taub.com\/es\/wp-json\/wp\/v2\/media?parent=6435"}],"curies":[{"name":"wp","href":"https:\/\/api.w.org\/{rel}","templated":true}]}}