{"id":6437,"date":"2025-08-08T15:24:38","date_gmt":"2025-08-08T22:24:38","guid":{"rendered":"https:\/\/davidrosenmann-taub.com\/?page_id=6437"},"modified":"2025-12-20T11:54:30","modified_gmt":"2025-12-20T19:54:30","slug":"moga","status":"publish","type":"page","link":"https:\/\/davidrosenmann-taub.com\/es\/awards\/recipients\/moga\/","title":{"rendered":"Eduardo Moga (2010-11)"},"content":{"rendered":"<h3>Eduardo Moga (2010-11)<\/h3>\r\n<p><img decoding=\"async\" src=\"\/images\/Eduardo-Moga.jpg\" alt=\"Eduardo Moga\" style=\"float:right; margin-left:12px;\" \/>Eduardo Moga (Barcelona, 1962) es licenciado en Derecho y doctor en Filolog\u00eda Hisp\u00e1nica por la Universidad de Barcelona. Ha  publicado los poemarios <em>\u00c1ngel mortal<\/em> (1994),  <em>La luz o\u00edda<\/em> (\u00abPremio Adon\u00e1is\u00bb, 1995), <em>El barro en la mirada<\/em> (1998), <em>Un\u00e1nime fuego<\/em> (1999, en edici\u00f3n biling\u00fce  castellano-portugu\u00e9s; 2\u00aa edici\u00f3n en 2007); <em>El  coraz\u00f3n, la nada<\/em> (1999), <em>La monta\u00f1a  hendida<\/em> (2002), <em>Las horas y los labios<\/em> (2003),  <em>Soliloquio para dos<\/em> (2006; 2\u00aa edici\u00f3n), <em>Los haik\u00fas del tren<\/em> (2007), <em>Cuerpo sin m\u00ed<\/em> (2007), <em>Seis sextinas soeces<\/em> (2008), <em>Bajo  la piel, los d\u00edas<\/em> (2010) y <em>El desierto  verde<\/em> (2011). Ha traducido a de Frank O\u2019Hara, \u00c9variste Parny, Carl Sandburg, Charles Bukowski, Richard  Aldington, Ramon Llull, Tess Gallagher,  Arthur Rimbaud (en colaboraci\u00f3n con Miguel Casado) (2007), Billy Collins (2007)  y William Faulkner (en colaboraci\u00f3n con Daniel C. Richardson) (2008). Practica  la cr\u00edtica literaria en \u00abLetras Libres\u00bb, \u00abRevista de Libros\u00bb, \u00ab\u00cdnsula\u00bb y \u00abTuria\u00bb,  entre otros medios. Es responsable de las antolog\u00edas <em>Los versos sat\u00edricos<\/em> (2001), <em>Poes\u00eda  pasi\u00f3n<\/em>. <em>Doce j\u00f3venes poetas espa\u00f1oles<\/em> (2004) y <em>El poeta esteta. Florilegio de poes\u00eda pectoral<\/em> (2010). Ha  publicado los compendios de ensayos <em>De asuntos  literarios<\/em> (2004) y <em>Lecturas n\u00f3madas<\/em> (2007).  Codirige la colecci\u00f3n de poes\u00eda de DVD ediciones.<\/p>\r\n","protected":false},"excerpt":{"rendered":"Eduardo Moga (2010-11) Eduardo Moga (Barcelona, 1962) es licenciado en Derecho y doctor en Filolog\u00eda Hisp\u00e1nica por la Universidad de Barcelona. Ha publicado los poemarios \u00c1ngel mortal (1994), La luz o\u00edda (\u00abPremio Adon\u00e1is\u00bb, 1995), El barro en la mirada (1998), Un\u00e1nime fuego (1999, en edici\u00f3n biling\u00fce castellano-portugu\u00e9s; 2\u00aa edici\u00f3n en 2007); El coraz\u00f3n, la nada [&hellip;]","protected":false},"author":2,"featured_media":0,"parent":6397,"menu_order":7,"comment_status":"closed","ping_status":"closed","template":"","meta":{"nf_dc_page":"","_monsterinsights_skip_tracking":false,"_monsterinsights_sitenote_active":false,"_monsterinsights_sitenote_note":"","_monsterinsights_sitenote_category":0,"footnotes":""},"class_list":["post-6437","page","type-page","status-publish","hentry"],"aioseo_notices":[],"_links":{"self":[{"href":"https:\/\/davidrosenmann-taub.com\/es\/wp-json\/wp\/v2\/pages\/6437","targetHints":{"allow":["GET"]}}],"collection":[{"href":"https:\/\/davidrosenmann-taub.com\/es\/wp-json\/wp\/v2\/pages"}],"about":[{"href":"https:\/\/davidrosenmann-taub.com\/es\/wp-json\/wp\/v2\/types\/page"}],"author":[{"embeddable":true,"href":"https:\/\/davidrosenmann-taub.com\/es\/wp-json\/wp\/v2\/users\/2"}],"replies":[{"embeddable":true,"href":"https:\/\/davidrosenmann-taub.com\/es\/wp-json\/wp\/v2\/comments?post=6437"}],"version-history":[{"count":1,"href":"https:\/\/davidrosenmann-taub.com\/es\/wp-json\/wp\/v2\/pages\/6437\/revisions"}],"predecessor-version":[{"id":6438,"href":"https:\/\/davidrosenmann-taub.com\/es\/wp-json\/wp\/v2\/pages\/6437\/revisions\/6438"}],"up":[{"embeddable":true,"href":"https:\/\/davidrosenmann-taub.com\/es\/wp-json\/wp\/v2\/pages\/6397"}],"wp:attachment":[{"href":"https:\/\/davidrosenmann-taub.com\/es\/wp-json\/wp\/v2\/media?parent=6437"}],"curies":[{"name":"wp","href":"https:\/\/api.w.org\/{rel}","templated":true}]}}