{"id":6439,"date":"2025-08-08T15:26:05","date_gmt":"2025-08-08T22:26:05","guid":{"rendered":"https:\/\/davidrosenmann-taub.com\/?page_id=6439"},"modified":"2025-12-20T11:55:27","modified_gmt":"2025-12-20T19:55:27","slug":"del-pino-rubio","status":"publish","type":"page","link":"https:\/\/davidrosenmann-taub.com\/es\/awards\/recipients\/del-pino-rubio\/","title":{"rendered":"Sebasti\u00e1n del Pino Rubio (2010-11)"},"content":{"rendered":"<h3>Sebasti\u00e1n del Pino Rubio (2010-11)<\/h3>\r\n<p><img decoding=\"async\" src=\"\/images\/del-Pino-Rubio.jpg\" alt=\"Sebasti\u00e1n del Pino Rubio\" style=\"float:right; margin-left:12px;\" \/><strong>Sebasti\u00e1n del Pino Rubio<\/strong> (Santiago, 1987).  Estudi\u00f3 Derecho en la Pontificia Universidad Cat\u00f3lica de Chile. Ha publicado el poemario <em>Misal Develado<\/em> (Editorial  Pfeiffer). Tambi\u00e9n ha recibido la beca de creaci\u00f3n literaria de la Fundaci\u00f3n  Pablo Neruda. Actualmente, es miembro de la Fundaci\u00f3n Iguales, organizaci\u00f3n que  lucha por las libertades p\u00fablicas de la diversidad sexual.<\/p>\r\n","protected":false},"excerpt":{"rendered":"Sebasti\u00e1n del Pino Rubio (2010-11) Sebasti\u00e1n del Pino Rubio (Santiago, 1987). Estudi\u00f3 Derecho en la Pontificia Universidad Cat\u00f3lica de Chile. Ha publicado el poemario Misal Develado (Editorial Pfeiffer). Tambi\u00e9n ha recibido la beca de creaci\u00f3n literaria de la Fundaci\u00f3n Pablo Neruda. Actualmente, es miembro de la Fundaci\u00f3n Iguales, organizaci\u00f3n que lucha por las libertades p\u00fablicas [&hellip;]","protected":false},"author":2,"featured_media":0,"parent":6397,"menu_order":8,"comment_status":"closed","ping_status":"closed","template":"","meta":{"nf_dc_page":"","_monsterinsights_skip_tracking":false,"_monsterinsights_sitenote_active":false,"_monsterinsights_sitenote_note":"","_monsterinsights_sitenote_category":0,"footnotes":""},"class_list":["post-6439","page","type-page","status-publish","hentry"],"aioseo_notices":[],"_links":{"self":[{"href":"https:\/\/davidrosenmann-taub.com\/es\/wp-json\/wp\/v2\/pages\/6439","targetHints":{"allow":["GET"]}}],"collection":[{"href":"https:\/\/davidrosenmann-taub.com\/es\/wp-json\/wp\/v2\/pages"}],"about":[{"href":"https:\/\/davidrosenmann-taub.com\/es\/wp-json\/wp\/v2\/types\/page"}],"author":[{"embeddable":true,"href":"https:\/\/davidrosenmann-taub.com\/es\/wp-json\/wp\/v2\/users\/2"}],"replies":[{"embeddable":true,"href":"https:\/\/davidrosenmann-taub.com\/es\/wp-json\/wp\/v2\/comments?post=6439"}],"version-history":[{"count":1,"href":"https:\/\/davidrosenmann-taub.com\/es\/wp-json\/wp\/v2\/pages\/6439\/revisions"}],"predecessor-version":[{"id":6440,"href":"https:\/\/davidrosenmann-taub.com\/es\/wp-json\/wp\/v2\/pages\/6439\/revisions\/6440"}],"up":[{"embeddable":true,"href":"https:\/\/davidrosenmann-taub.com\/es\/wp-json\/wp\/v2\/pages\/6397"}],"wp:attachment":[{"href":"https:\/\/davidrosenmann-taub.com\/es\/wp-json\/wp\/v2\/media?parent=6439"}],"curies":[{"name":"wp","href":"https:\/\/api.w.org\/{rel}","templated":true}]}}