{"id":6443,"date":"2025-08-08T15:29:41","date_gmt":"2025-08-08T22:29:41","guid":{"rendered":"https:\/\/davidrosenmann-taub.com\/?page_id=6443"},"modified":"2025-12-20T11:58:37","modified_gmt":"2025-12-20T19:58:37","slug":"alonso","status":"publish","type":"page","link":"https:\/\/davidrosenmann-taub.com\/es\/awards\/recipients\/alonso\/","title":{"rendered":"Marina Alonso (2012-13)"},"content":{"rendered":"<h3>Marina Alonso (2012-13)<\/h3>\r\n<p><img decoding=\"async\" src=\"\/images\/Marina-Alonso.jpg\" alt=\"Marina Alonso\" style=\"float:right; margin-left:12px;\" \/>Marina Alonso naci\u00f3 en M\u00e1laga (Espa\u00f1a) en 1985. Est\u00e1 licenciada en Biolog\u00eda y en Traducci\u00f3n e Interpretaci\u00f3n por la Universidad de M\u00e1laga. Actualmente cursa el itinerario Human\u00edstico-Literario del M\u00e1ster en Traducci\u00f3n Especializada de la Universidad de C\u00f3rdoba y realiza pr\u00e1cticas en la Direcci\u00f3n General de Traducci\u00f3n de la Comisi\u00f3n Europea. Entre otros, ha ganado el Premio de Traducci\u00f3n Francisco Ayala otorgado por la Universidad de Granada y el Academy of American Poets Prize otorgado por Dickinson College.<\/p>","protected":false},"excerpt":{"rendered":"Marina Alonso (2012-13) Marina Alonso naci\u00f3 en M\u00e1laga (Espa\u00f1a) en 1985. Est\u00e1 licenciada en Biolog\u00eda y en Traducci\u00f3n e Interpretaci\u00f3n por la Universidad de M\u00e1laga. Actualmente cursa el itinerario Human\u00edstico-Literario del M\u00e1ster en Traducci\u00f3n Especializada de la Universidad de C\u00f3rdoba y realiza pr\u00e1cticas en la Direcci\u00f3n General de Traducci\u00f3n de la Comisi\u00f3n Europea. Entre otros, [&hellip;]","protected":false},"author":2,"featured_media":0,"parent":6397,"menu_order":10,"comment_status":"closed","ping_status":"closed","template":"","meta":{"nf_dc_page":"","_monsterinsights_skip_tracking":false,"_monsterinsights_sitenote_active":false,"_monsterinsights_sitenote_note":"","_monsterinsights_sitenote_category":0,"footnotes":""},"class_list":["post-6443","page","type-page","status-publish","hentry"],"aioseo_notices":[],"_links":{"self":[{"href":"https:\/\/davidrosenmann-taub.com\/es\/wp-json\/wp\/v2\/pages\/6443","targetHints":{"allow":["GET"]}}],"collection":[{"href":"https:\/\/davidrosenmann-taub.com\/es\/wp-json\/wp\/v2\/pages"}],"about":[{"href":"https:\/\/davidrosenmann-taub.com\/es\/wp-json\/wp\/v2\/types\/page"}],"author":[{"embeddable":true,"href":"https:\/\/davidrosenmann-taub.com\/es\/wp-json\/wp\/v2\/users\/2"}],"replies":[{"embeddable":true,"href":"https:\/\/davidrosenmann-taub.com\/es\/wp-json\/wp\/v2\/comments?post=6443"}],"version-history":[{"count":1,"href":"https:\/\/davidrosenmann-taub.com\/es\/wp-json\/wp\/v2\/pages\/6443\/revisions"}],"predecessor-version":[{"id":6444,"href":"https:\/\/davidrosenmann-taub.com\/es\/wp-json\/wp\/v2\/pages\/6443\/revisions\/6444"}],"up":[{"embeddable":true,"href":"https:\/\/davidrosenmann-taub.com\/es\/wp-json\/wp\/v2\/pages\/6397"}],"wp:attachment":[{"href":"https:\/\/davidrosenmann-taub.com\/es\/wp-json\/wp\/v2\/media?parent=6443"}],"curies":[{"name":"wp","href":"https:\/\/api.w.org\/{rel}","templated":true}]}}