{"id":6445,"date":"2025-08-08T15:31:28","date_gmt":"2025-08-08T22:31:28","guid":{"rendered":"https:\/\/davidrosenmann-taub.com\/?page_id=6445"},"modified":"2025-12-20T11:59:34","modified_gmt":"2025-12-20T19:59:34","slug":"gallego","status":"publish","type":"page","link":"https:\/\/davidrosenmann-taub.com\/es\/awards\/recipients\/gallego\/","title":{"rendered":"Ana Gallego Cui\u00f1as (2012-13)"},"content":{"rendered":"<h3>Ana Gallego Cui\u00f1as (2012-13)<\/h3>\r\n<p><img decoding=\"async\" src=\"\/images\/Ana-Gallego.jpg\" alt=\"Ana Gallego Cui\u00f1as\" style=\"float:right; margin-left:12px;\" \/>Ana Gallego Cui\u00f1as es profesora e Investigadora del Programa \u201cRam\u00f3n y Cajal\u201d en el Departamento de Literatura espa\u00f1ola de la Universidad de Granada. Doctora en Filolog\u00eda Hisp\u00e1nica y licenciada en Antropolog\u00eda Social y Cultural por esta misma universidad, ha sido investigadora visitante en la Universidad de California Los \u00c1ngeles, Princeton, Paris-Sorbonne, Universidad de Buenos Aires y Yale.<\/p> \r\n<p>Ha dictado varias conferencias internacionales, cursos y seminarios en EE.UU, Francia, Argentina y Espa\u00f1a, y ha organizado y dirigido cinco congresos internacionales. Ha publicado las siguientes obras: &ldquo;Trujillo: el fantasma y sus escritores. Historia de la novela del trujillato&rdquo; (Mare & Martin, 2006); &ldquo;La fiesta del Chivo de Mario Vargas Llosa&rdquo; (Cenlit, 2008);\u00a0 &ldquo;Juegos de manos (Antolog\u00eda de poes\u00eda hispanoamericana de mitad de siglo XX)&rdquo; (Visor, 2008), &ldquo;De Gabo a Mario. La estirpe del Boom&rdquo; (Espasa Calpe, 2009), estos \u00faltimos en colaboraci\u00f3n con \u00c1ngel Esteban; as\u00ed como es editora del volumen &ldquo;Entre la Argentina y Espa\u00f1a: el espacio transatl\u00e1ntico de la narrativa actual&rdquo; (Iberoamericana, 2012) y &ldquo;Queridos todos: el intercambio epistolar entre escritores hispanoamericanos y espa\u00f1oles del siglo XX&rdquo; junto con Erika Mart\u00ednez (Peter Lang, 2013). Numerosos ensayos y art\u00edculos suyos han aparecido en revistas de reconocido prestigio internacional sobre temas dominicanos, literatura del cono sur contempor\u00e1nea, escritura autobiogr\u00e1fica (diarios y cartas), estudios transatl\u00e1nticos de literatura, y, literatura y econom\u00eda.<\/p>\r\n<p>Actualmente es Investigadora Principal del Proyecto I+D+i LETRAL y Editora de la Revista Letral: Revista Electr\u00f3nica de Estudios Transatl\u00e1nticos de Literatura de la Universidad de Granada.<\/p>\r\n","protected":false},"excerpt":{"rendered":"Ana Gallego Cui\u00f1as (2012-13) Ana Gallego Cui\u00f1as es profesora e Investigadora del Programa \u201cRam\u00f3n y Cajal\u201d en el Departamento de Literatura espa\u00f1ola de la Universidad de Granada. Doctora en Filolog\u00eda Hisp\u00e1nica y licenciada en Antropolog\u00eda Social y Cultural por esta misma universidad, ha sido investigadora visitante en la Universidad de California Los \u00c1ngeles, Princeton, Paris-Sorbonne, [&hellip;]","protected":false},"author":2,"featured_media":0,"parent":6397,"menu_order":11,"comment_status":"closed","ping_status":"closed","template":"","meta":{"nf_dc_page":"","_monsterinsights_skip_tracking":false,"_monsterinsights_sitenote_active":false,"_monsterinsights_sitenote_note":"","_monsterinsights_sitenote_category":0,"footnotes":""},"class_list":["post-6445","page","type-page","status-publish","hentry"],"aioseo_notices":[],"_links":{"self":[{"href":"https:\/\/davidrosenmann-taub.com\/es\/wp-json\/wp\/v2\/pages\/6445","targetHints":{"allow":["GET"]}}],"collection":[{"href":"https:\/\/davidrosenmann-taub.com\/es\/wp-json\/wp\/v2\/pages"}],"about":[{"href":"https:\/\/davidrosenmann-taub.com\/es\/wp-json\/wp\/v2\/types\/page"}],"author":[{"embeddable":true,"href":"https:\/\/davidrosenmann-taub.com\/es\/wp-json\/wp\/v2\/users\/2"}],"replies":[{"embeddable":true,"href":"https:\/\/davidrosenmann-taub.com\/es\/wp-json\/wp\/v2\/comments?post=6445"}],"version-history":[{"count":1,"href":"https:\/\/davidrosenmann-taub.com\/es\/wp-json\/wp\/v2\/pages\/6445\/revisions"}],"predecessor-version":[{"id":6446,"href":"https:\/\/davidrosenmann-taub.com\/es\/wp-json\/wp\/v2\/pages\/6445\/revisions\/6446"}],"up":[{"embeddable":true,"href":"https:\/\/davidrosenmann-taub.com\/es\/wp-json\/wp\/v2\/pages\/6397"}],"wp:attachment":[{"href":"https:\/\/davidrosenmann-taub.com\/es\/wp-json\/wp\/v2\/media?parent=6445"}],"curies":[{"name":"wp","href":"https:\/\/api.w.org\/{rel}","templated":true}]}}