{"id":6447,"date":"2025-08-08T15:33:08","date_gmt":"2025-08-08T22:33:08","guid":{"rendered":"https:\/\/davidrosenmann-taub.com\/?page_id=6447"},"modified":"2025-12-20T12:00:44","modified_gmt":"2025-12-20T20:00:44","slug":"iacoboni","status":"publish","type":"page","link":"https:\/\/davidrosenmann-taub.com\/es\/awards\/recipients\/iacoboni\/","title":{"rendered":"Bianca Iacoboni (2012-13)"},"content":{"rendered":"<h3>Bianca Iacoboni (2012-13)<\/h3>\r\n<p><img decoding=\"async\" src=\"\/images\/Bianca-Iacoboni.jpg\" alt=\"Bianca Iacoboni\" style=\"float:right; margin-left:12px;\" \/>Se gradu\u00f3 con honores en la Universidad de &ldquo;La Sapienza&rdquo;, Roma, en  Lenguas y Literaturas Hispanoamericanas con una tesis titulada <em>Il bolero: una retorica dell'amore<\/em>, estudio  ret\u00f3rico de las letras de los boleros, con una introducci\u00f3n hist\u00f3rica.<\/p>\r\n<p>Se ha dedicado a la ense\u00f1anza de la lengua espa\u00f1ola y a la  traducci\u00f3n po\u00e9tica y narrativa. Se ha ocupado tambi\u00e9n de cuentos, narratolog\u00eda  e intertextualidad. Actualmente es alumna becada por la Universidad de &ldquo;Roma  Tre&rdquo;, Roma, en el doctorado en Estudios Euro-Americanos. Su l\u00ednea de  investigaci\u00f3n es el uso de la m\u00fasica popular en la narrativa hispanoamericana.<\/p>\r\n","protected":false},"excerpt":{"rendered":"Bianca Iacoboni (2012-13) Se gradu\u00f3 con honores en la Universidad de &ldquo;La Sapienza&rdquo;, Roma, en Lenguas y Literaturas Hispanoamericanas con una tesis titulada Il bolero: una retorica dell&#8217;amore, estudio ret\u00f3rico de las letras de los boleros, con una introducci\u00f3n hist\u00f3rica. Se ha dedicado a la ense\u00f1anza de la lengua espa\u00f1ola y a la traducci\u00f3n po\u00e9tica [&hellip;]","protected":false},"author":2,"featured_media":0,"parent":6397,"menu_order":12,"comment_status":"closed","ping_status":"closed","template":"","meta":{"nf_dc_page":"","_monsterinsights_skip_tracking":false,"_monsterinsights_sitenote_active":false,"_monsterinsights_sitenote_note":"","_monsterinsights_sitenote_category":0,"footnotes":""},"class_list":["post-6447","page","type-page","status-publish","hentry"],"aioseo_notices":[],"_links":{"self":[{"href":"https:\/\/davidrosenmann-taub.com\/es\/wp-json\/wp\/v2\/pages\/6447","targetHints":{"allow":["GET"]}}],"collection":[{"href":"https:\/\/davidrosenmann-taub.com\/es\/wp-json\/wp\/v2\/pages"}],"about":[{"href":"https:\/\/davidrosenmann-taub.com\/es\/wp-json\/wp\/v2\/types\/page"}],"author":[{"embeddable":true,"href":"https:\/\/davidrosenmann-taub.com\/es\/wp-json\/wp\/v2\/users\/2"}],"replies":[{"embeddable":true,"href":"https:\/\/davidrosenmann-taub.com\/es\/wp-json\/wp\/v2\/comments?post=6447"}],"version-history":[{"count":1,"href":"https:\/\/davidrosenmann-taub.com\/es\/wp-json\/wp\/v2\/pages\/6447\/revisions"}],"predecessor-version":[{"id":6448,"href":"https:\/\/davidrosenmann-taub.com\/es\/wp-json\/wp\/v2\/pages\/6447\/revisions\/6448"}],"up":[{"embeddable":true,"href":"https:\/\/davidrosenmann-taub.com\/es\/wp-json\/wp\/v2\/pages\/6397"}],"wp:attachment":[{"href":"https:\/\/davidrosenmann-taub.com\/es\/wp-json\/wp\/v2\/media?parent=6447"}],"curies":[{"name":"wp","href":"https:\/\/api.w.org\/{rel}","templated":true}]}}