{"id":6449,"date":"2025-08-08T15:34:45","date_gmt":"2025-08-08T22:34:45","guid":{"rendered":"https:\/\/davidrosenmann-taub.com\/?page_id=6449"},"modified":"2025-12-20T12:05:00","modified_gmt":"2025-12-20T20:05:00","slug":"tedeschi","status":"publish","type":"page","link":"https:\/\/davidrosenmann-taub.com\/es\/awards\/recipients\/tedeschi\/","title":{"rendered":"Stefano Tedeschi (2012-13)"},"content":{"rendered":"<h3>Stefano Tedeschi (2012-13)<\/h3>\r\n<p><img decoding=\"async\" src=\"\/images\/Stefano-Tedeschi.jpg\" alt=\"Stefano Tedeschi\" style=\"float:right; margin-left:12px;\" \/>Doctor en Estudios Americanos por la Universidad Roma Tre, donde se gradu\u00f3 con una tesis sobre la recepci\u00f3n de la literatura hispanoamericana en Italia, ahora publicada con el t\u00edtulo All\u2019inseguimento dell\u2019ultima utopia (2006). En el mismo a\u00f1o public\u00f3 un libro sobre Francisco Javier Clavijero, con el t\u00edtulo La riscoperta dell\u2019America. En el 2008 ha publicado una antolog\u00eda de literatura hispanoamericana en colaboraci\u00f3n con Fausta Antonucci. \r\nActualmente es Profesor Agregado de Lengua y Literaturas Hispanoamericanas en la Universidad de Roma &ldquo;La Sapienza&rdquo;. Ha publicado numerosos ensayos, sobre Garcilaso el Inca, la literatura del siglo XVIII, la novela hist\u00f3rica mexicana, la literatura de naufragio, la representaci\u00f3n de los aztecas en la literatura y las relaciones entre literatura y cine, un tema sobre el cual est\u00e1 escribiendo un ensayo.<\/p>\r\n<p><strong>Publicaciones recientes:<\/strong><\/p>\r\n<ul class=\"simple-list\">\r\n<li><em>2005<\/em> &middot; &ldquo;L&rsquo;America  Latina in Italia: la strategia delle antologie&rdquo;, in <em>Miti americani oggi<\/em>,  a cura di C. Ricciardi e S. Vellucci, Diabasis, Reggio Emilia, 2005, pp.  87-102.<\/li>\r\n<li><em>2006 &middot; Riscoprire l&lsquo;America: l&lsquo;opera storica di Francisco Javier  Clavigero e i gesuiti espulsi<\/em>,\u00a0 Editrice Aracne, Roma.<\/li>\r\n<li>2006<em> &middot; All&lsquo;inseguimento dell&lsquo;ultima utopia: la letteratura ispanoamericana in  Italia, 1955-2000, <\/em>Editrice Nuova Cultura, Roma.<\/li>\r\n<li><em>2006<\/em> &middot; &ldquo;Aztechi e letteratura: dal mito  identitario alla dissoluzione carnevalesca&rdquo;, in A. Lupo, L. L\u00f3pez Luj\u00e1n, L.  Migliorati (eds.), <em>Gli Aztechi tra  passato e presente<\/em>, Carocci, Roma, pp. 151-160.<\/li>\r\n<li><em>2006<\/em> &middot; &ldquo;El testigo y las monedas en la obra narrativa de  Juan Villoro&rdquo; in <em>Artifara, <\/em>n.6  (2006), consultabile in <a href=\"http:\/\/www.artifara.com\/rivista6\/testi\/villoro.asp\">http:\/\/www.artifara.com\/rivista6\/testi\/villoro.asp<\/a><\/li>\r\n<li><em>2007<\/em> &middot; &ldquo;Rub\u00e9n Dar\u00edo e Don  Quijote: la costruzione di una figura di intellettuale&rdquo;, in <em>Critica del Testo,<\/em> IX, 1-2 (2006), pp.  403-411.<\/li>\r\n<li><em>2008<\/em> &middot; &ldquo;Poes\u00eda, ciencia y utilidad: la <em>Rusticatio Mexicana<\/em> de Rafael Land\u00edvar entre  instrucci\u00f3n y deleite&rdquo;, in corso di pubblicazione presso la <em>Revista de la Universidad de San Carlos, <\/em>Ciudad  de Guatemala, Guatemala.\r\n<li><em>2008<\/em> &middot; &ldquo;Un refranero mestizo? Bernardino de Sahag\u00fan y el primer refranero  mexicano&rdquo;, in corso di pubblicazione presso il <em>Bulletin of Hispanic Studies<\/em>, Liverpool.<\/li>\r\n<li><em>2008<\/em> &middot; &ldquo;La obra narrativa de Juan Villoro&rdquo;, in corso di pubblicazione presso i <em>Cahiers de l&lsquo;EHIC<\/em>, Limoges.<\/li>\r\n<li><em>2008<\/em> &middot; &ldquo;Il continente  delle narrazioni. Il romanzo ispanoamericano in Italia, dalla scoperta allo  stereotipo.&rdquo;, pubblicato in <em>NAE<\/em>,  Cagliari, 24, 2008.<\/li>\r\n<li><em>2008 &middot; Letteratura Ispanoamericana. Storia e Testi dalla  Scoperta al Modernismo<\/em>. (in collaborazione con Fausta  Antonucci), Aracne, Roma, 2008.<\/li>\r\n<\/ul>","protected":false},"excerpt":{"rendered":"Stefano Tedeschi (2012-13) Doctor en Estudios Americanos por la Universidad Roma Tre, donde se gradu\u00f3 con una tesis sobre la recepci\u00f3n de la literatura hispanoamericana en Italia, ahora publicada con el t\u00edtulo All\u2019inseguimento dell\u2019ultima utopia (2006). En el mismo a\u00f1o public\u00f3 un libro sobre Francisco Javier Clavijero, con el t\u00edtulo La riscoperta dell\u2019America. En el [&hellip;]","protected":false},"author":2,"featured_media":0,"parent":6397,"menu_order":13,"comment_status":"closed","ping_status":"closed","template":"","meta":{"nf_dc_page":"","_monsterinsights_skip_tracking":false,"_monsterinsights_sitenote_active":false,"_monsterinsights_sitenote_note":"","_monsterinsights_sitenote_category":0,"footnotes":""},"class_list":["post-6449","page","type-page","status-publish","hentry"],"aioseo_notices":[],"_links":{"self":[{"href":"https:\/\/davidrosenmann-taub.com\/es\/wp-json\/wp\/v2\/pages\/6449","targetHints":{"allow":["GET"]}}],"collection":[{"href":"https:\/\/davidrosenmann-taub.com\/es\/wp-json\/wp\/v2\/pages"}],"about":[{"href":"https:\/\/davidrosenmann-taub.com\/es\/wp-json\/wp\/v2\/types\/page"}],"author":[{"embeddable":true,"href":"https:\/\/davidrosenmann-taub.com\/es\/wp-json\/wp\/v2\/users\/2"}],"replies":[{"embeddable":true,"href":"https:\/\/davidrosenmann-taub.com\/es\/wp-json\/wp\/v2\/comments?post=6449"}],"version-history":[{"count":1,"href":"https:\/\/davidrosenmann-taub.com\/es\/wp-json\/wp\/v2\/pages\/6449\/revisions"}],"predecessor-version":[{"id":6450,"href":"https:\/\/davidrosenmann-taub.com\/es\/wp-json\/wp\/v2\/pages\/6449\/revisions\/6450"}],"up":[{"embeddable":true,"href":"https:\/\/davidrosenmann-taub.com\/es\/wp-json\/wp\/v2\/pages\/6397"}],"wp:attachment":[{"href":"https:\/\/davidrosenmann-taub.com\/es\/wp-json\/wp\/v2\/media?parent=6449"}],"curies":[{"name":"wp","href":"https:\/\/api.w.org\/{rel}","templated":true}]}}