{"id":6452,"date":"2025-08-08T15:56:28","date_gmt":"2025-08-08T22:56:28","guid":{"rendered":"https:\/\/davidrosenmann-taub.com\/?page_id=6452"},"modified":"2025-12-20T12:05:59","modified_gmt":"2025-12-20T20:05:59","slug":"dimitris-angelis","status":"publish","type":"page","link":"https:\/\/davidrosenmann-taub.com\/es\/awards\/recipients\/dimitris-angelis\/","title":{"rendered":"Dimitris Angel\u00eds (2015)"},"content":{"rendered":"<h3>Dimitris Angel\u00eds (2015)<\/h3>\r\n<p><img decoding=\"async\" src=\"\/images\/Dimitris-Angelis-300.jpg\" alt=\"Dimitris Angel\u00eds (2015)\" style=\"float:right; margin-left:8px;\" \/><strong>Dimitris Angel\u00eds<\/strong> (Atenas, 1973). Poeta y ensayista, Doctor en Filosof\u00eda. Ha sido director de la revista literaria <em>Nea Efzyni <\/em>(Nueva Responsabilidad, 2010-2013) y actualmente dirige la revista <em>Frear<\/em> (Pozo). Colabora con distintas revistas literarias y de pensamiento griegas y ha publicado los siguientes libros: <em>Sobre la escritura<\/em> (ensayo, 1998), <em>Filomila<\/em> (poes\u00eda, 1998), <em>Una muerte m\u00e1s<\/em> (poes\u00eda, 2000), <em>\u00daltimo<\/em> <em>verano <\/em>(relatos, 2002), <em>Aguas m\u00edticas<\/em> (poes\u00eda, 2003), <em>Est\u00e9tica bizantina<\/em> (estudio, 2004), <em>Corrientes ideol\u00f3gicas en la Antig\u00fcedad Tard\u00eda<\/em> (estudio, 2005), <em>En las fuentes de la filosof\u00eda bizantina<\/em> (estudio, 2007), <em>Aniversario <\/em>(poes\u00eda, 2008), <em>Con el rev\u00f3lver de Mayakovski<\/em> (conversaci\u00f3n sobre la poes\u00eda con D. Eleftherakis y S. Polenakis, 2010),\u00a0 <em>Confirmando la noche<\/em> (poes\u00eda, 2011) y <em>Un ciervo llora sobre mi cama <\/em>(poes\u00eda, 2015). Su libro <em>Aniversario<\/em>, que tambi\u00e9n est\u00e1 publicado en espa\u00f1ol (Valpara\u00edso Ediciones, 2014), \u00a0ha sido premiado por la Academia de Atenas (Premio Porfyras) y fue finalista del Premio Nacional de Poes\u00eda.<\/p>","protected":false},"excerpt":{"rendered":"Dimitris Angel\u00eds (2015) Dimitris Angel\u00eds (Atenas, 1973). Poeta y ensayista, Doctor en Filosof\u00eda. Ha sido director de la revista literaria Nea Efzyni (Nueva Responsabilidad, 2010-2013) y actualmente dirige la revista Frear (Pozo). Colabora con distintas revistas literarias y de pensamiento griegas y ha publicado los siguientes libros: Sobre la escritura (ensayo, 1998), Filomila (poes\u00eda, 1998), [&hellip;]","protected":false},"author":2,"featured_media":0,"parent":6397,"menu_order":14,"comment_status":"closed","ping_status":"closed","template":"","meta":{"nf_dc_page":"","_monsterinsights_skip_tracking":false,"_monsterinsights_sitenote_active":false,"_monsterinsights_sitenote_note":"","_monsterinsights_sitenote_category":0,"footnotes":""},"class_list":["post-6452","page","type-page","status-publish","hentry"],"aioseo_notices":[],"_links":{"self":[{"href":"https:\/\/davidrosenmann-taub.com\/es\/wp-json\/wp\/v2\/pages\/6452","targetHints":{"allow":["GET"]}}],"collection":[{"href":"https:\/\/davidrosenmann-taub.com\/es\/wp-json\/wp\/v2\/pages"}],"about":[{"href":"https:\/\/davidrosenmann-taub.com\/es\/wp-json\/wp\/v2\/types\/page"}],"author":[{"embeddable":true,"href":"https:\/\/davidrosenmann-taub.com\/es\/wp-json\/wp\/v2\/users\/2"}],"replies":[{"embeddable":true,"href":"https:\/\/davidrosenmann-taub.com\/es\/wp-json\/wp\/v2\/comments?post=6452"}],"version-history":[{"count":1,"href":"https:\/\/davidrosenmann-taub.com\/es\/wp-json\/wp\/v2\/pages\/6452\/revisions"}],"predecessor-version":[{"id":6453,"href":"https:\/\/davidrosenmann-taub.com\/es\/wp-json\/wp\/v2\/pages\/6452\/revisions\/6453"}],"up":[{"embeddable":true,"href":"https:\/\/davidrosenmann-taub.com\/es\/wp-json\/wp\/v2\/pages\/6397"}],"wp:attachment":[{"href":"https:\/\/davidrosenmann-taub.com\/es\/wp-json\/wp\/v2\/media?parent=6452"}],"curies":[{"name":"wp","href":"https:\/\/api.w.org\/{rel}","templated":true}]}}